{"id":12819,"date":"2026-02-27T00:15:28","date_gmt":"2026-02-27T00:15:28","guid":{"rendered":"https:\/\/nordicmart.andreevmaster.com\/product\/songmics-smyckeskrin-med-musik-rosa\/"},"modified":"2026-02-27T08:09:15","modified_gmt":"2026-02-27T08:09:15","slug":"songmics-smyckeskrin-med-musik-rosa","status":"publish","type":"product","link":"https:\/\/nordicmart.andreevmaster.com\/sv\/produkt\/songmics-smyckeskrin-med-musik-rosa\/","title":{"rendered":"SONGMICS smyckeskrin med musik, rosa"},"content":{"rendered":"<p>Har du ingen aning om vad du ska ge dina barn i present? Detta smyckeskrin med musik fr\u00e5n SONGMICS \u00e4r v\u00e4rt ett f\u00f6rs\u00f6k! Det charmar med en f\u00f6rtrollande ballerina, flera fack, platser f\u00f6r ringar och en l\u00e5da \u2013 denna present kommer s\u00e4kert att gl\u00e4dja din \u00e4lskling.Det \u00e4r roligt att v\u00e4lja smycken N\u00e4r locket \u00f6ppnas dyker en f\u00f6rtrollande ballerina upp som dansar till en vacker melodi och f\u00f6r din dotter till en f\u00f6rtrollad sagov\u00e4rld. \u201dVilka smycken ska jag ha p\u00e5 mig f\u00f6r att se ut som den vackra \u00e4lvan i sagan?\u201d Tack vare ABS-spegeln kan din prinsessa se om de valda smyckena passar henne. Melodin spelar i 4-5 minuter. Tillr\u00e4ckligt med tid f\u00f6r att fatta ett beslut. Produktdetaljer: &#8211; F\u00e4rg: rosa &#8211; Material: MDF (medeldensitetsfiberplatta), dekorpapper, sammet och ABS-spegel &#8211; Storlek: 19 x 10,2 x 10,5 cm (L x B x H) &#8211; Vikt: 0,54 kg Leveransomfattning: &#8211; 1 x speldosa<\/p>\n","protected":false},"excerpt":{"rendered":"<p>SONGMICS Ballerina speldosa, enh\u00f6rningsmotiv, smyckeskrin med musik, liten musikbox med l\u00e5da, fack f\u00f6r ringar och flera fack, melodin &#8221;The Unicorn&#8221;, rosa JMC012PK<\/p>\n","protected":false},"featured_media":41026,"comment_status":"open","ping_status":"closed","template":"","meta":[],"product_brand":[],"product_cat":[33],"product_tag":[],"class_list":{"0":"post-12819","1":"product","2":"type-product","3":"status-publish","4":"has-post-thumbnail","6":"product_cat-okategoriserad","8":"first","9":"instock","10":"shipping-taxable","11":"purchasable","12":"product-type-simple"},"_links":{"self":[{"href":"https:\/\/nordicmart.andreevmaster.com\/sv\/wp-json\/wp\/v2\/product\/12819","targetHints":{"allow":["GET"]}}],"collection":[{"href":"https:\/\/nordicmart.andreevmaster.com\/sv\/wp-json\/wp\/v2\/product"}],"about":[{"href":"https:\/\/nordicmart.andreevmaster.com\/sv\/wp-json\/wp\/v2\/types\/product"}],"replies":[{"embeddable":true,"href":"https:\/\/nordicmart.andreevmaster.com\/sv\/wp-json\/wp\/v2\/comments?post=12819"}],"wp:featuredmedia":[{"embeddable":true,"href":"https:\/\/nordicmart.andreevmaster.com\/sv\/wp-json\/wp\/v2\/media\/41026"}],"wp:attachment":[{"href":"https:\/\/nordicmart.andreevmaster.com\/sv\/wp-json\/wp\/v2\/media?parent=12819"}],"wp:term":[{"taxonomy":"product_brand","embeddable":true,"href":"https:\/\/nordicmart.andreevmaster.com\/sv\/wp-json\/wp\/v2\/product_brand?post=12819"},{"taxonomy":"product_cat","embeddable":true,"href":"https:\/\/nordicmart.andreevmaster.com\/sv\/wp-json\/wp\/v2\/product_cat?post=12819"},{"taxonomy":"product_tag","embeddable":true,"href":"https:\/\/nordicmart.andreevmaster.com\/sv\/wp-json\/wp\/v2\/product_tag?post=12819"}],"curies":[{"name":"wp","href":"https:\/\/api.w.org\/{rel}","templated":true}]}}