{"id":12818,"date":"2026-02-27T00:15:27","date_gmt":"2026-02-27T00:15:27","guid":{"rendered":"https:\/\/nordicmart.andreevmaster.com\/product\/songmics-smyckeskrin-med-musik-for-barn-lila\/"},"modified":"2026-02-27T08:09:15","modified_gmt":"2026-02-27T08:09:15","slug":"songmics-smyckeskrin-med-musik-for-barn-lila","status":"publish","type":"product","link":"https:\/\/nordicmart.andreevmaster.com\/sv\/produkt\/songmics-smyckeskrin-med-musik-for-barn-lila\/","title":{"rendered":"SONGMICS smyckeskrin med musik f\u00f6r barn Lila"},"content":{"rendered":"<p>F\u00f6rvara barndomsminnena v\u00e4l skyddade Det stabila MDF-h\u00f6ljet, den h\u00f6gkvalitativa musikmekanismen, ABS-spegeln och den mjuka sammetskl\u00e4dseln garanterar en l\u00e5ng livsl\u00e4ngd f\u00f6r speldosan. Din lilla flicka kommer att anv\u00e4nda den f\u00f6r att f\u00f6rvara klisterm\u00e4rken med seriefigurer eller presenter som markerar of\u00f6rgl\u00f6mliga stunder i hennes barndom. Produktdetaljer: &#8211; F\u00e4rg: Lila &#8211; Material: MDF (medeldensitetsfiberplatta), dekorpapper, sammet, ABS-spegel &#8211; Storlek: 19 x 11 x 11 cm (L x B x H) &#8211; Vikt: 0,6 kg &#8211; Melodi: Enh\u00f6rningen Leveransomfattning: &#8211; 1 x smyckeskrin med musik &#8211; 1 x enh\u00f6rningskedja SONGMICS Anvisningar: &#8211; Dra endast upp speldosan till stopp. &#8211; H\u00e5ll denna produkt borta fr\u00e5n vassa eller skarpa f\u00f6rem\u00e5l. &#8211; Uts\u00e4tt inte denna produkt f\u00f6r starkt solljus eller fukt under l\u00e4ngre tid.<\/p>\n","protected":false},"excerpt":{"rendered":"<p>SONGMICS Ballerina speldosa, enh\u00f6rningsmotiv, smyckeskrin med musik, liten musikbox med l\u00e5da, fack f\u00f6r ringar och flera fack, melodin &#8221;The Unicorn&#8221;, rosa JMC012PK<\/p>\n","protected":false},"featured_media":41025,"comment_status":"open","ping_status":"closed","template":"","meta":[],"product_brand":[],"product_cat":[33],"product_tag":[],"class_list":{"0":"post-12818","1":"product","2":"type-product","3":"status-publish","4":"has-post-thumbnail","6":"product_cat-okategoriserad","8":"first","9":"instock","10":"shipping-taxable","11":"purchasable","12":"product-type-simple"},"_links":{"self":[{"href":"https:\/\/nordicmart.andreevmaster.com\/sv\/wp-json\/wp\/v2\/product\/12818","targetHints":{"allow":["GET"]}}],"collection":[{"href":"https:\/\/nordicmart.andreevmaster.com\/sv\/wp-json\/wp\/v2\/product"}],"about":[{"href":"https:\/\/nordicmart.andreevmaster.com\/sv\/wp-json\/wp\/v2\/types\/product"}],"replies":[{"embeddable":true,"href":"https:\/\/nordicmart.andreevmaster.com\/sv\/wp-json\/wp\/v2\/comments?post=12818"}],"wp:featuredmedia":[{"embeddable":true,"href":"https:\/\/nordicmart.andreevmaster.com\/sv\/wp-json\/wp\/v2\/media\/41025"}],"wp:attachment":[{"href":"https:\/\/nordicmart.andreevmaster.com\/sv\/wp-json\/wp\/v2\/media?parent=12818"}],"wp:term":[{"taxonomy":"product_brand","embeddable":true,"href":"https:\/\/nordicmart.andreevmaster.com\/sv\/wp-json\/wp\/v2\/product_brand?post=12818"},{"taxonomy":"product_cat","embeddable":true,"href":"https:\/\/nordicmart.andreevmaster.com\/sv\/wp-json\/wp\/v2\/product_cat?post=12818"},{"taxonomy":"product_tag","embeddable":true,"href":"https:\/\/nordicmart.andreevmaster.com\/sv\/wp-json\/wp\/v2\/product_tag?post=12818"}],"curies":[{"name":"wp","href":"https:\/\/api.w.org\/{rel}","templated":true}]}}