{"id":12816,"date":"2026-02-27T00:15:27","date_gmt":"2026-02-27T00:15:27","guid":{"rendered":"https:\/\/nordicmart.andreevmaster.com\/product\/songmics-ballerina-speldosa-for-barn-rosa\/"},"modified":"2026-02-27T08:09:15","modified_gmt":"2026-02-27T08:09:15","slug":"songmics-ballerina-speldosa-for-barn-rosa","status":"publish","type":"product","link":"https:\/\/nordicmart.andreevmaster.com\/sv\/produkt\/songmics-ballerina-speldosa-for-barn-rosa\/","title":{"rendered":"SONGMICS Ballerina speldosa f\u00f6r barn, rosa"},"content":{"rendered":"<p>Har du ingen aning om vad du ska ge dina barn i \u00e5ldern 3-5 \u00e5r i present? Denna smyckeskrin med musik fr\u00e5n SONGMICS \u00e4r v\u00e4rd att prova! Den imponerar med en f\u00f6rtrollande ballerina, ett rymligt fack och en l\u00e5da \u2013 denna present kommer s\u00e4kert att gl\u00e4dja din \u00e4lskling.Det \u00e4r roligt att v\u00e4lja smycken N\u00e4r locket \u00f6ppnas dyker en f\u00f6rtrollande ballerina upp som dansar till en vacker melodi och f\u00f6r din dotter till en f\u00f6rtrollad sagov\u00e4rld. \u201dVilka smycken ska jag ha p\u00e5 mig f\u00f6r att se ut som den vackra \u00e4lvan i sagan?\u201d Tack vare ABS-spegeln kan din prinsessa se om de valda smyckena passar henne. Melodin spelas i 4\u20135 minuter. Tillr\u00e4ckligt med tid f\u00f6r att fatta ett beslut. Produktdetaljer: &#8211; F\u00e4rg: rosa &#8211; Material: MDF (medeldensitetsfiberplatta), dekorpapper, sammet, ABS-spegel &#8211; Storlek: 12 x 11 x 10 cm (L x B x H) &#8211; Vikt: 0,36 kg Leveransomfattning: &#8211; 1 x speldosa<\/p>\n","protected":false},"excerpt":{"rendered":"<p>SONGMICS Ballerina speldosa f\u00f6r barn, smyckeskrin med musik, elegant prinsessa- och fj\u00e4rilsmotiv, melodin \u201dSomewhere Over the Rainbow\u201d, rosa JMC011PK<\/p>\n","protected":false},"featured_media":41023,"comment_status":"open","ping_status":"closed","template":"","meta":[],"product_brand":[],"product_cat":[33],"product_tag":[],"class_list":{"0":"post-12816","1":"product","2":"type-product","3":"status-publish","4":"has-post-thumbnail","6":"product_cat-okategoriserad","8":"first","9":"instock","10":"shipping-taxable","11":"purchasable","12":"product-type-simple"},"_links":{"self":[{"href":"https:\/\/nordicmart.andreevmaster.com\/sv\/wp-json\/wp\/v2\/product\/12816","targetHints":{"allow":["GET"]}}],"collection":[{"href":"https:\/\/nordicmart.andreevmaster.com\/sv\/wp-json\/wp\/v2\/product"}],"about":[{"href":"https:\/\/nordicmart.andreevmaster.com\/sv\/wp-json\/wp\/v2\/types\/product"}],"replies":[{"embeddable":true,"href":"https:\/\/nordicmart.andreevmaster.com\/sv\/wp-json\/wp\/v2\/comments?post=12816"}],"wp:featuredmedia":[{"embeddable":true,"href":"https:\/\/nordicmart.andreevmaster.com\/sv\/wp-json\/wp\/v2\/media\/41023"}],"wp:attachment":[{"href":"https:\/\/nordicmart.andreevmaster.com\/sv\/wp-json\/wp\/v2\/media?parent=12816"}],"wp:term":[{"taxonomy":"product_brand","embeddable":true,"href":"https:\/\/nordicmart.andreevmaster.com\/sv\/wp-json\/wp\/v2\/product_brand?post=12816"},{"taxonomy":"product_cat","embeddable":true,"href":"https:\/\/nordicmart.andreevmaster.com\/sv\/wp-json\/wp\/v2\/product_cat?post=12816"},{"taxonomy":"product_tag","embeddable":true,"href":"https:\/\/nordicmart.andreevmaster.com\/sv\/wp-json\/wp\/v2\/product_tag?post=12816"}],"curies":[{"name":"wp","href":"https:\/\/api.w.org\/{rel}","templated":true}]}}