{"id":12813,"date":"2026-02-27T00:15:26","date_gmt":"2026-02-27T00:15:26","guid":{"rendered":"https:\/\/nordicmart.andreevmaster.com\/product\/songmics-speldosa-magiskt-slott-rosa\/"},"modified":"2026-02-27T08:09:14","modified_gmt":"2026-02-27T08:09:14","slug":"songmics-speldosa-magiskt-slott-rosa","status":"publish","type":"product","link":"https:\/\/nordicmart.andreevmaster.com\/sv\/produkt\/songmics-speldosa-magiskt-slott-rosa\/","title":{"rendered":"SONGMICS speldosa \u201dMagiskt slott\u201d rosa"},"content":{"rendered":"<p>Alla sm\u00e5 flickor dr\u00f6mmer om att en g\u00e5ng i livet f\u00e5 vara prinsessa. Denna speldosa med dansande ballerina fr\u00e5n SONGMICS f\u00f6rverkligar denna dr\u00f6m. En vit enh\u00f6rning, f\u00e4rgglada slott, fj\u00e4rilar som flyger mellan stj\u00e4rnorna och inte minst speldosans rosa f\u00e4rg f\u00e5r sm\u00e5 flickor att jubla av gl\u00e4dje. Dra upp speldosan med en mekanism p\u00e5 baksidan och \u00f6ppna den sedan. D\u00e5 dyker en f\u00f6rtrollande ballerina upp som dansar till en vacker melodi. Din lilla prinsessa kommer s\u00e4kert att h\u00e4pna med \u00f6ppen mun. Fyll l\u00e5dan och facken med glittrande h\u00e5rsp\u00e4nnen, \u00f6rh\u00e4ngen, f\u00e4rgglada ringar eller andra sm\u00e5 skatter och l\u00e5t din lilla flicka best\u00e4mma vilka smycken hon vill ha p\u00e5 sig idag. Med ett leende p\u00e5 l\u00e4pparna kommer hon att st\u00e5 framf\u00f6r den magiska spegeln som avsl\u00f6jar att hon \u00e4r den vackraste i hela landet!Dessutom l\u00e4r sig din dotter eller barnbarn att smyckena kan f\u00f6rvaras snyggt i den lilla skrinet. P\u00e5 s\u00e5 s\u00e4tt utvecklar hon en k\u00e4nsla f\u00f6r ordning och sparar dig v\u00e4rdefull energi. Ge din \u00e4lskling denna speldosa under hennes f\u00f6delsedagsfest och hon kommer att dansa tillsammans med ballerinan och hennes v\u00e4nner till melodin av &#8221;Blumenwalzer&#8221;. Produktdetaljer:- F\u00e4rg: rosa &#8211; Material: MDF (medeldensitetsfiberplatta), dekorpapper, sammet och ABS-spegel &#8211; Storlek: 20 x 12,3 x 14,5 cm (L x B x H) &#8211; Vikt: 0,9 kg Leveransomfattning: &#8211; 1 x speldosa SONGMICS Anvisningar:- Uts\u00e4tt inte produkten f\u00f6r direkt solljus. &#8211; H\u00e5ll produkten borta fr\u00e5n vassa f\u00f6rem\u00e5l f\u00f6r att undvika skador. &#8211; Observera att sm\u00e5 delar som ballerinan utg\u00f6r en risk f\u00f6r f\u00f6rt\u00e4ring och kv\u00e4vning.<\/p>\n","protected":false},"excerpt":{"rendered":"<p>SONGMICS 38 cm b\u00e4nk pall med f\u00f6rvaringsutrymme hopf\u00e4llbar sittkub fotst\u00f6d LSF82GYZ<\/p>\n","protected":false},"featured_media":41020,"comment_status":"open","ping_status":"closed","template":"","meta":[],"product_brand":[],"product_cat":[33],"product_tag":[],"class_list":{"0":"post-12813","1":"product","2":"type-product","3":"status-publish","4":"has-post-thumbnail","6":"product_cat-okategoriserad","8":"first","9":"instock","10":"shipping-taxable","11":"purchasable","12":"product-type-simple"},"_links":{"self":[{"href":"https:\/\/nordicmart.andreevmaster.com\/sv\/wp-json\/wp\/v2\/product\/12813","targetHints":{"allow":["GET"]}}],"collection":[{"href":"https:\/\/nordicmart.andreevmaster.com\/sv\/wp-json\/wp\/v2\/product"}],"about":[{"href":"https:\/\/nordicmart.andreevmaster.com\/sv\/wp-json\/wp\/v2\/types\/product"}],"replies":[{"embeddable":true,"href":"https:\/\/nordicmart.andreevmaster.com\/sv\/wp-json\/wp\/v2\/comments?post=12813"}],"wp:featuredmedia":[{"embeddable":true,"href":"https:\/\/nordicmart.andreevmaster.com\/sv\/wp-json\/wp\/v2\/media\/41020"}],"wp:attachment":[{"href":"https:\/\/nordicmart.andreevmaster.com\/sv\/wp-json\/wp\/v2\/media?parent=12813"}],"wp:term":[{"taxonomy":"product_brand","embeddable":true,"href":"https:\/\/nordicmart.andreevmaster.com\/sv\/wp-json\/wp\/v2\/product_brand?post=12813"},{"taxonomy":"product_cat","embeddable":true,"href":"https:\/\/nordicmart.andreevmaster.com\/sv\/wp-json\/wp\/v2\/product_cat?post=12813"},{"taxonomy":"product_tag","embeddable":true,"href":"https:\/\/nordicmart.andreevmaster.com\/sv\/wp-json\/wp\/v2\/product_tag?post=12813"}],"curies":[{"name":"wp","href":"https:\/\/api.w.org\/{rel}","templated":true}]}}