{"id":12812,"date":"2026-02-27T00:15:26","date_gmt":"2026-02-27T00:15:26","guid":{"rendered":"https:\/\/nordicmart.andreevmaster.com\/product\/songmics-speldosa-kanin-rav-rosa\/"},"modified":"2026-02-27T08:09:14","modified_gmt":"2026-02-27T08:09:14","slug":"songmics-speldosa-kanin-rav-rosa","status":"publish","type":"product","link":"https:\/\/nordicmart.andreevmaster.com\/sv\/produkt\/songmics-speldosa-kanin-rav-rosa\/","title":{"rendered":"SONGMICS speldosa &#8221;Kanin &#038; r\u00e4v&#8221; rosa"},"content":{"rendered":"<p>Blommor, djur, en f\u00f6rtrollande melodi och rosa f\u00e4rg \u2013 alla dessa s\u00f6ta element kommer att gl\u00e4dja din prinsessa. De olika facken \u00e4r perfekta f\u00f6r att ordna och sortera halsband, armband, ringar och andra accessoarer. Den f\u00f6rst\u00e4rkta handveven p\u00e5 baksidan av l\u00e5dan aktiverar ballerinan och musiken. En centralt placerad spegel av ABS g\u00f6r det m\u00f6jligt f\u00f6r din prinsessa att titta p\u00e5 sina smycken p\u00e5 n\u00e4ra h\u00e5ll. Skatkistan \u00e4r en originell och vacker present till f\u00f6delsedagen eller julen. Produktdetaljer: &#8211; F\u00e4rg: rosa &#8211; Material: MDF, tryckt teckningsyta, sammet, ABS-spegel &#8211; M\u00e5tt: 20 x 12,3 x 13,7 cm (B x H x D) &#8211; Vikt: 890 g Leveransomfattning: &#8211; 1 x speldosa SONGMICS Anvisningar: &#8211; Placera inte produkten i direkt solljus. &#8211; H\u00e5ll vassa f\u00f6rem\u00e5l borta f\u00f6r att undvika eventuella skador. &#8211; Undvik att sv\u00e4lja ballerinan.<\/p>\n","protected":false},"excerpt":{"rendered":"<p>SONGMICS musikbox, speldosa, smyckeskrin med l\u00e5dor och spegel, f\u00f6rvaring, present till flickor, rosa JMC004PK<\/p>\n","protected":false},"featured_media":41019,"comment_status":"open","ping_status":"closed","template":"","meta":[],"product_brand":[],"product_cat":[33],"product_tag":[],"class_list":{"0":"post-12812","1":"product","2":"type-product","3":"status-publish","4":"has-post-thumbnail","6":"product_cat-okategoriserad","8":"first","9":"instock","10":"shipping-taxable","11":"purchasable","12":"product-type-simple"},"_links":{"self":[{"href":"https:\/\/nordicmart.andreevmaster.com\/sv\/wp-json\/wp\/v2\/product\/12812","targetHints":{"allow":["GET"]}}],"collection":[{"href":"https:\/\/nordicmart.andreevmaster.com\/sv\/wp-json\/wp\/v2\/product"}],"about":[{"href":"https:\/\/nordicmart.andreevmaster.com\/sv\/wp-json\/wp\/v2\/types\/product"}],"replies":[{"embeddable":true,"href":"https:\/\/nordicmart.andreevmaster.com\/sv\/wp-json\/wp\/v2\/comments?post=12812"}],"wp:featuredmedia":[{"embeddable":true,"href":"https:\/\/nordicmart.andreevmaster.com\/sv\/wp-json\/wp\/v2\/media\/41019"}],"wp:attachment":[{"href":"https:\/\/nordicmart.andreevmaster.com\/sv\/wp-json\/wp\/v2\/media?parent=12812"}],"wp:term":[{"taxonomy":"product_brand","embeddable":true,"href":"https:\/\/nordicmart.andreevmaster.com\/sv\/wp-json\/wp\/v2\/product_brand?post=12812"},{"taxonomy":"product_cat","embeddable":true,"href":"https:\/\/nordicmart.andreevmaster.com\/sv\/wp-json\/wp\/v2\/product_cat?post=12812"},{"taxonomy":"product_tag","embeddable":true,"href":"https:\/\/nordicmart.andreevmaster.com\/sv\/wp-json\/wp\/v2\/product_tag?post=12812"}],"curies":[{"name":"wp","href":"https:\/\/api.w.org\/{rel}","templated":true}]}}