{"id":12809,"date":"2026-02-27T00:15:26","date_gmt":"2026-02-27T00:15:26","guid":{"rendered":"https:\/\/nordicmart.andreevmaster.com\/product\/songmics-smyckeskarusell-i-akryl\/"},"modified":"2026-02-27T08:09:13","modified_gmt":"2026-02-27T08:09:13","slug":"songmics-smyckeskarusell-i-akryl","status":"publish","type":"product","link":"https:\/\/nordicmart.andreevmaster.com\/sv\/produkt\/songmics-smyckeskarusell-i-akryl\/","title":{"rendered":"SONGMICS smyckeskarusell i akryl"},"content":{"rendered":"<p>Produktdetaljer: F\u00e4rg: transparent Material: akryl Diameter: 27 cm H\u00f6jd: 35 cm Vikt: 1,42 kg Leveransomfattning: 1 x kosmetikorganiserare 1 x bruksanvisning (DE, EN, IT, FR, ES) Anm\u00e4rkningar: Skydda produkten noggrant mot st\u00f6tar och fall.<\/p>\n","protected":false},"excerpt":{"rendered":"<p>SONGMICS 360\u00b0 vridbar kosmetikorganiserare, sminkf\u00f6rvaring f\u00f6r presentation, justerbara f\u00f6rvaringsfack, f\u00f6rvaringssystem, transparent akryl, JKA104<\/p>\n","protected":false},"featured_media":41016,"comment_status":"open","ping_status":"closed","template":"","meta":[],"product_brand":[],"product_cat":[33],"product_tag":[],"class_list":{"0":"post-12809","1":"product","2":"type-product","3":"status-publish","4":"has-post-thumbnail","6":"product_cat-okategoriserad","8":"first","9":"instock","10":"shipping-taxable","11":"purchasable","12":"product-type-simple"},"_links":{"self":[{"href":"https:\/\/nordicmart.andreevmaster.com\/sv\/wp-json\/wp\/v2\/product\/12809","targetHints":{"allow":["GET"]}}],"collection":[{"href":"https:\/\/nordicmart.andreevmaster.com\/sv\/wp-json\/wp\/v2\/product"}],"about":[{"href":"https:\/\/nordicmart.andreevmaster.com\/sv\/wp-json\/wp\/v2\/types\/product"}],"replies":[{"embeddable":true,"href":"https:\/\/nordicmart.andreevmaster.com\/sv\/wp-json\/wp\/v2\/comments?post=12809"}],"wp:featuredmedia":[{"embeddable":true,"href":"https:\/\/nordicmart.andreevmaster.com\/sv\/wp-json\/wp\/v2\/media\/41016"}],"wp:attachment":[{"href":"https:\/\/nordicmart.andreevmaster.com\/sv\/wp-json\/wp\/v2\/media?parent=12809"}],"wp:term":[{"taxonomy":"product_brand","embeddable":true,"href":"https:\/\/nordicmart.andreevmaster.com\/sv\/wp-json\/wp\/v2\/product_brand?post=12809"},{"taxonomy":"product_cat","embeddable":true,"href":"https:\/\/nordicmart.andreevmaster.com\/sv\/wp-json\/wp\/v2\/product_cat?post=12809"},{"taxonomy":"product_tag","embeddable":true,"href":"https:\/\/nordicmart.andreevmaster.com\/sv\/wp-json\/wp\/v2\/product_tag?post=12809"}],"curies":[{"name":"wp","href":"https:\/\/api.w.org\/{rel}","templated":true}]}}