{"id":12807,"date":"2026-02-27T00:15:25","date_gmt":"2026-02-27T00:15:25","guid":{"rendered":"https:\/\/nordicmart.andreevmaster.com\/product\/songmics-sminkorganiserare-vridbar-med-extra-bricka-guldfargad\/"},"modified":"2026-02-27T08:09:13","modified_gmt":"2026-02-27T08:09:13","slug":"songmics-sminkorganiserare-vridbar-med-extra-bricka-guldfargad","status":"publish","type":"product","link":"https:\/\/nordicmart.andreevmaster.com\/sv\/produkt\/songmics-sminkorganiserare-vridbar-med-extra-bricka-guldfargad\/","title":{"rendered":"SONGMICS sminkorganiserare, vridbar, med extra bricka, guldf\u00e4rgad"},"content":{"rendered":"<p>SONGMICS sminkf\u00f6rvaring, vridbar, med extra bricka p\u00e5 toppen, kosmetikf\u00f6rvaring, rund, 2 niv\u00e5er, rymlig, f\u00f6r sminkbord, sovrum, k\u00f6k, champagneguld JKA027A01<br \/>\nF\u00e4rg: Vit-guldf\u00e4rgad<br \/>\nMaterial: metall, PET-plast<br \/>\nStorlek: 25,2 x 25,2 x 29 cm (D x B x H)<br \/>\nVikt: 0,8 kg<br \/>\nMax. statisk belastningskapacitet per hyllplan: 5 kg<\/p>\n","protected":false},"excerpt":{"rendered":"<p>SONGMICS sminkf\u00f6rvaring, vridbar, med extra bricka p\u00e5 toppen, kosmetikf\u00f6rvaring, rund, 2 niv\u00e5er, rymlig, f\u00f6r sminkbord, sovrum, k\u00f6k, champagneguld JKA027A01<\/p>\n","protected":false},"featured_media":41014,"comment_status":"open","ping_status":"closed","template":"","meta":[],"product_brand":[],"product_cat":[33],"product_tag":[],"class_list":{"0":"post-12807","1":"product","2":"type-product","3":"status-publish","4":"has-post-thumbnail","6":"product_cat-okategoriserad","8":"first","9":"instock","10":"shipping-taxable","11":"purchasable","12":"product-type-simple"},"_links":{"self":[{"href":"https:\/\/nordicmart.andreevmaster.com\/sv\/wp-json\/wp\/v2\/product\/12807","targetHints":{"allow":["GET"]}}],"collection":[{"href":"https:\/\/nordicmart.andreevmaster.com\/sv\/wp-json\/wp\/v2\/product"}],"about":[{"href":"https:\/\/nordicmart.andreevmaster.com\/sv\/wp-json\/wp\/v2\/types\/product"}],"replies":[{"embeddable":true,"href":"https:\/\/nordicmart.andreevmaster.com\/sv\/wp-json\/wp\/v2\/comments?post=12807"}],"wp:featuredmedia":[{"embeddable":true,"href":"https:\/\/nordicmart.andreevmaster.com\/sv\/wp-json\/wp\/v2\/media\/41014"}],"wp:attachment":[{"href":"https:\/\/nordicmart.andreevmaster.com\/sv\/wp-json\/wp\/v2\/media?parent=12807"}],"wp:term":[{"taxonomy":"product_brand","embeddable":true,"href":"https:\/\/nordicmart.andreevmaster.com\/sv\/wp-json\/wp\/v2\/product_brand?post=12807"},{"taxonomy":"product_cat","embeddable":true,"href":"https:\/\/nordicmart.andreevmaster.com\/sv\/wp-json\/wp\/v2\/product_cat?post=12807"},{"taxonomy":"product_tag","embeddable":true,"href":"https:\/\/nordicmart.andreevmaster.com\/sv\/wp-json\/wp\/v2\/product_tag?post=12807"}],"curies":[{"name":"wp","href":"https:\/\/api.w.org\/{rel}","templated":true}]}}