{"id":12804,"date":"2026-02-27T00:15:25","date_gmt":"2026-02-27T00:15:25","guid":{"rendered":"https:\/\/nordicmart.andreevmaster.com\/product\/songmics-sminkvaska-med-smyckeskrin-black-svart\/"},"modified":"2026-02-27T08:09:13","modified_gmt":"2026-02-27T08:09:13","slug":"songmics-sminkvaska-med-smyckeskrin-black-svart","status":"publish","type":"product","link":"https:\/\/nordicmart.andreevmaster.com\/sv\/produkt\/songmics-sminkvaska-med-smyckeskrin-black-svart\/","title":{"rendered":"SONGMICS sminkv\u00e4ska med smyckeskrin, bl\u00e4ck svart"},"content":{"rendered":"<p>SONGMICS sminkv\u00e4ska, sminkv\u00e4ska med smyckeskrin, kosmetikv\u00e4ska, f\u00f6r resor, extra penselv\u00e4ska, f\u00f6nster, spegel, 22 x 12 x 12 cm, presentid\u00e9, bl\u00e4ck svart JKA026B01<br \/>\nF\u00e4rg: bl\u00e4ck svart<br \/>\nMaterial: PU, PVC, sammet<br \/>\nStorlek: 22 x 12 x 12 cm (L x B x H)<br \/>\nVikt: 0,4 kg<\/p>\n","protected":false},"excerpt":{"rendered":"<p>SONGMICS sminkv\u00e4ska, sminkv\u00e4ska med smyckeskrin, kosmetikv\u00e4ska, f\u00f6r resor, extra penselv\u00e4ska, f\u00f6nster, spegel, 22 x 12 x 12 cm, presentid\u00e9, bl\u00e4ck svart JKA026B01<\/p>\n","protected":false},"featured_media":41011,"comment_status":"open","ping_status":"closed","template":"","meta":[],"product_brand":[],"product_cat":[33],"product_tag":[],"class_list":{"0":"post-12804","1":"product","2":"type-product","3":"status-publish","4":"has-post-thumbnail","6":"product_cat-okategoriserad","8":"first","9":"instock","10":"shipping-taxable","11":"purchasable","12":"product-type-simple"},"_links":{"self":[{"href":"https:\/\/nordicmart.andreevmaster.com\/sv\/wp-json\/wp\/v2\/product\/12804","targetHints":{"allow":["GET"]}}],"collection":[{"href":"https:\/\/nordicmart.andreevmaster.com\/sv\/wp-json\/wp\/v2\/product"}],"about":[{"href":"https:\/\/nordicmart.andreevmaster.com\/sv\/wp-json\/wp\/v2\/types\/product"}],"replies":[{"embeddable":true,"href":"https:\/\/nordicmart.andreevmaster.com\/sv\/wp-json\/wp\/v2\/comments?post=12804"}],"wp:featuredmedia":[{"embeddable":true,"href":"https:\/\/nordicmart.andreevmaster.com\/sv\/wp-json\/wp\/v2\/media\/41011"}],"wp:attachment":[{"href":"https:\/\/nordicmart.andreevmaster.com\/sv\/wp-json\/wp\/v2\/media?parent=12804"}],"wp:term":[{"taxonomy":"product_brand","embeddable":true,"href":"https:\/\/nordicmart.andreevmaster.com\/sv\/wp-json\/wp\/v2\/product_brand?post=12804"},{"taxonomy":"product_cat","embeddable":true,"href":"https:\/\/nordicmart.andreevmaster.com\/sv\/wp-json\/wp\/v2\/product_cat?post=12804"},{"taxonomy":"product_tag","embeddable":true,"href":"https:\/\/nordicmart.andreevmaster.com\/sv\/wp-json\/wp\/v2\/product_tag?post=12804"}],"curies":[{"name":"wp","href":"https:\/\/api.w.org\/{rel}","templated":true}]}}