{"id":12803,"date":"2026-02-27T00:15:24","date_gmt":"2026-02-27T00:15:24","guid":{"rendered":"https:\/\/nordicmart.andreevmaster.com\/product\/songmics-sminkforvaring-4-nivaer-20-x-32-x-391-cm-transparent\/"},"modified":"2026-02-27T08:09:13","modified_gmt":"2026-02-27T08:09:13","slug":"songmics-sminkforvaring-4-nivaer-20-x-32-x-391-cm-transparent","status":"publish","type":"product","link":"https:\/\/nordicmart.andreevmaster.com\/sv\/produkt\/songmics-sminkforvaring-4-nivaer-20-x-32-x-391-cm-transparent\/","title":{"rendered":"SONGMICS sminkf\u00f6rvaring 4 niv\u00e5er 20 x 32 x 39,1 cm, transparent"},"content":{"rendered":"<p>SONGMICS sminkorganiserare 4 niv\u00e5er, kosmetikorganiserare, 4 skiljev\u00e4ggar, sminkl\u00e5da f\u00f6r sminkbord, halkfri, badrum, sovrum, k\u00f6k, 20 x 32 x 39,1 cm, molnvit JKA021W01<br \/>\nF\u00e4rg: Transparent<br \/>\nMaterial: PET-plast, st\u00e5l<br \/>\nStorlek: 20 x 32 x 39,1 cm (D x B x H)<br \/>\nVikt: 2 kg<br \/>\nMax. total belastningskapacitet: 14 kg<\/p>\n","protected":false},"excerpt":{"rendered":"<p>SONGMICS sminkorganiserare 4 niv\u00e5er, kosmetikorganiserare, 4 skiljev\u00e4ggar, sminkl\u00e5da f\u00f6r sminkbord, halkfri, badrum, sovrum, k\u00f6k, 20 x 32 x 39,1 cm, molnvit JKA021W01<\/p>\n","protected":false},"featured_media":41010,"comment_status":"open","ping_status":"closed","template":"","meta":[],"product_brand":[],"product_cat":[33],"product_tag":[],"class_list":{"0":"post-12803","1":"product","2":"type-product","3":"status-publish","4":"has-post-thumbnail","6":"product_cat-okategoriserad","8":"first","9":"instock","10":"shipping-taxable","11":"purchasable","12":"product-type-simple"},"_links":{"self":[{"href":"https:\/\/nordicmart.andreevmaster.com\/sv\/wp-json\/wp\/v2\/product\/12803","targetHints":{"allow":["GET"]}}],"collection":[{"href":"https:\/\/nordicmart.andreevmaster.com\/sv\/wp-json\/wp\/v2\/product"}],"about":[{"href":"https:\/\/nordicmart.andreevmaster.com\/sv\/wp-json\/wp\/v2\/types\/product"}],"replies":[{"embeddable":true,"href":"https:\/\/nordicmart.andreevmaster.com\/sv\/wp-json\/wp\/v2\/comments?post=12803"}],"wp:featuredmedia":[{"embeddable":true,"href":"https:\/\/nordicmart.andreevmaster.com\/sv\/wp-json\/wp\/v2\/media\/41010"}],"wp:attachment":[{"href":"https:\/\/nordicmart.andreevmaster.com\/sv\/wp-json\/wp\/v2\/media?parent=12803"}],"wp:term":[{"taxonomy":"product_brand","embeddable":true,"href":"https:\/\/nordicmart.andreevmaster.com\/sv\/wp-json\/wp\/v2\/product_brand?post=12803"},{"taxonomy":"product_cat","embeddable":true,"href":"https:\/\/nordicmart.andreevmaster.com\/sv\/wp-json\/wp\/v2\/product_cat?post=12803"},{"taxonomy":"product_tag","embeddable":true,"href":"https:\/\/nordicmart.andreevmaster.com\/sv\/wp-json\/wp\/v2\/product_tag?post=12803"}],"curies":[{"name":"wp","href":"https:\/\/api.w.org\/{rel}","templated":true}]}}