{"id":12801,"date":"2026-02-27T00:15:24","date_gmt":"2026-02-27T00:15:24","guid":{"rendered":"https:\/\/nordicmart.andreevmaster.com\/product\/songmics-kosmetikforvaring-med-2-transparenta-lador\/"},"modified":"2026-02-27T08:09:12","modified_gmt":"2026-02-27T08:09:12","slug":"songmics-kosmetikforvaring-med-2-transparenta-lador","status":"publish","type":"product","link":"https:\/\/nordicmart.andreevmaster.com\/sv\/produkt\/songmics-kosmetikforvaring-med-2-transparenta-lador\/","title":{"rendered":"SONGMICS kosmetikf\u00f6rvaring med 2 transparenta l\u00e5dor"},"content":{"rendered":"<p>Denna kosmetikorganiserare s\u00f6ker&#8230; en byr\u00e5, en garderob, ett sminkbord i sovrummet eller en hylla i badrummet f\u00f6r att fyllas med l\u00e4ppstift, nagellack, penslar, sminkpaletter, kr\u00e4mer och parfymer. Den \u00e4r vacker, funktionell och h\u00e5llbar.Organiserarens h\u00f6jdpunkter i korthet: 16 h\u00e5l f\u00f6r penslar och \u00f6gonbrynspennor 8 platser f\u00f6r l\u00e4ppstift och nagellack 1 fack f\u00f6r \u00f6gonskugga 2 l\u00e5dor f\u00f6r kr\u00e4mer och parfymer Transparent kropp, allt i sikte Trappformad disposition f\u00f6r enkel \u00e5tkomst Produktdetaljer:F\u00e4rg: Transparent Material: Polystyren Storlek: 23,8 x 14 x 17,8 cm (L x B x H) Vikt: 1,0 kg Leveransomfattning: 1 x kosmetikorganiserare<\/p>\n","protected":false},"excerpt":{"rendered":"<p>SONGMICS sminkf\u00f6rvaring, kosmetikf\u00f6rvaring med 2 l\u00e5dor, kosmetikbox, f\u00f6r kr\u00e4mer, parfymer, l\u00e4ppstift, penslar, transparent JKA018T01<\/p>\n","protected":false},"featured_media":41008,"comment_status":"open","ping_status":"closed","template":"","meta":[],"product_brand":[],"product_cat":[33],"product_tag":[],"class_list":{"0":"post-12801","1":"product","2":"type-product","3":"status-publish","4":"has-post-thumbnail","6":"product_cat-okategoriserad","8":"first","9":"instock","10":"shipping-taxable","11":"purchasable","12":"product-type-simple"},"_links":{"self":[{"href":"https:\/\/nordicmart.andreevmaster.com\/sv\/wp-json\/wp\/v2\/product\/12801","targetHints":{"allow":["GET"]}}],"collection":[{"href":"https:\/\/nordicmart.andreevmaster.com\/sv\/wp-json\/wp\/v2\/product"}],"about":[{"href":"https:\/\/nordicmart.andreevmaster.com\/sv\/wp-json\/wp\/v2\/types\/product"}],"replies":[{"embeddable":true,"href":"https:\/\/nordicmart.andreevmaster.com\/sv\/wp-json\/wp\/v2\/comments?post=12801"}],"wp:featuredmedia":[{"embeddable":true,"href":"https:\/\/nordicmart.andreevmaster.com\/sv\/wp-json\/wp\/v2\/media\/41008"}],"wp:attachment":[{"href":"https:\/\/nordicmart.andreevmaster.com\/sv\/wp-json\/wp\/v2\/media?parent=12801"}],"wp:term":[{"taxonomy":"product_brand","embeddable":true,"href":"https:\/\/nordicmart.andreevmaster.com\/sv\/wp-json\/wp\/v2\/product_brand?post=12801"},{"taxonomy":"product_cat","embeddable":true,"href":"https:\/\/nordicmart.andreevmaster.com\/sv\/wp-json\/wp\/v2\/product_cat?post=12801"},{"taxonomy":"product_tag","embeddable":true,"href":"https:\/\/nordicmart.andreevmaster.com\/sv\/wp-json\/wp\/v2\/product_tag?post=12801"}],"curies":[{"name":"wp","href":"https:\/\/api.w.org\/{rel}","templated":true}]}}