{"id":12800,"date":"2026-02-27T00:15:24","date_gmt":"2026-02-27T00:15:24","guid":{"rendered":"https:\/\/nordicmart.andreevmaster.com\/product\/songmics-xxl-sminkorganiserare-i-akryl\/"},"modified":"2026-02-27T08:09:12","modified_gmt":"2026-02-27T08:09:12","slug":"songmics-xxl-sminkorganiserare-i-akryl","status":"publish","type":"product","link":"https:\/\/nordicmart.andreevmaster.com\/sv\/produkt\/songmics-xxl-sminkorganiserare-i-akryl\/","title":{"rendered":"SONGMICS XXL sminkorganiserare i akryl"},"content":{"rendered":"<p>Beauty-Essential: Att du kan vara n\u00f6jd med din sminkning tidigt p\u00e5 morgonen beror inte bara p\u00e5 dina f\u00e4rdigheter eller p\u00e5 att du \u00e4r en s\u00e4rskilt aktiv morgonm\u00e4nniska. Att du snabbt kan hitta dina sminkredskap bidrar ocks\u00e5 i h\u00f6g grad till din tillfredsst\u00e4llelse. Ordna ditt smink med denna kosmetikorganiserare fr\u00e5n SONGMICS och g\u00f6r ditt liv trevligare och mindre stressigt! Tunna penslar, runda \u00f6gonskuggspaletter, fyrkantiga nagellacksflaskor: I denna f\u00f6rvaringsl\u00e5da finns plats f\u00f6r alla dina kosmetika. Organisatorn har 15 fack i olika storlekar samt 11 l\u00e5dor d\u00e4r dina sminkutensilier \u00e4r v\u00e4lkomna. Stapla boxens fyra delar p\u00e5 varandra f\u00f6r att spara plats eller kombinera dem efter dina \u00f6nskem\u00e5l. Med s\u00e5 m\u00e5nga kombinationsm\u00f6jligheter blir det dubbelt s\u00e5 roligt att f\u00f6rvara kosmetika! Din tillfredsst\u00e4llelse \u00e4r v\u00e5r prioritet: Om du har ytterligare fr\u00e5gor, tveka inte att kontakta v\u00e5r kundtj\u00e4nst. V\u00e5r v\u00e4nliga personal st\u00e5r alltid till din tj\u00e4nst. Utrusta ditt sk\u00f6nhetsparadis med denna kosmetikorganiserare! Produktdetaljer:F\u00e4rg: Transparent (svarta insatser) Material: Polystyren Storlek: 23,5 x 13,7 x 40 cm (L x B x H) Vikt: 3 kg Leveransomfattning: 1 x XXL kosmetikorganiserare SONGMICS Anm\u00e4rkningar: Hantera produkten med f\u00f6rsiktighet.<\/p>\n","protected":false},"excerpt":{"rendered":"<p>SONGMICS 4-i-1 XXL sminkf\u00f6rvaring, kosmetikf\u00f6rvaring med 11 l\u00e5dor och 15 fack i olika storlekar, halkfria inl\u00e4gg, f\u00f6r smink och smycken, transparent JKA017TP<\/p>\n","protected":false},"featured_media":41007,"comment_status":"open","ping_status":"closed","template":"","meta":[],"product_brand":[],"product_cat":[33],"product_tag":[],"class_list":{"0":"post-12800","1":"product","2":"type-product","3":"status-publish","4":"has-post-thumbnail","6":"product_cat-okategoriserad","8":"first","9":"instock","10":"shipping-taxable","11":"purchasable","12":"product-type-simple"},"_links":{"self":[{"href":"https:\/\/nordicmart.andreevmaster.com\/sv\/wp-json\/wp\/v2\/product\/12800","targetHints":{"allow":["GET"]}}],"collection":[{"href":"https:\/\/nordicmart.andreevmaster.com\/sv\/wp-json\/wp\/v2\/product"}],"about":[{"href":"https:\/\/nordicmart.andreevmaster.com\/sv\/wp-json\/wp\/v2\/types\/product"}],"replies":[{"embeddable":true,"href":"https:\/\/nordicmart.andreevmaster.com\/sv\/wp-json\/wp\/v2\/comments?post=12800"}],"wp:featuredmedia":[{"embeddable":true,"href":"https:\/\/nordicmart.andreevmaster.com\/sv\/wp-json\/wp\/v2\/media\/41007"}],"wp:attachment":[{"href":"https:\/\/nordicmart.andreevmaster.com\/sv\/wp-json\/wp\/v2\/media?parent=12800"}],"wp:term":[{"taxonomy":"product_brand","embeddable":true,"href":"https:\/\/nordicmart.andreevmaster.com\/sv\/wp-json\/wp\/v2\/product_brand?post=12800"},{"taxonomy":"product_cat","embeddable":true,"href":"https:\/\/nordicmart.andreevmaster.com\/sv\/wp-json\/wp\/v2\/product_cat?post=12800"},{"taxonomy":"product_tag","embeddable":true,"href":"https:\/\/nordicmart.andreevmaster.com\/sv\/wp-json\/wp\/v2\/product_tag?post=12800"}],"curies":[{"name":"wp","href":"https:\/\/api.w.org\/{rel}","templated":true}]}}