{"id":12799,"date":"2026-02-27T00:15:23","date_gmt":"2026-02-27T00:15:23","guid":{"rendered":"https:\/\/nordicmart.andreevmaster.com\/product\/songmics-kosmetikorganiserare-transparent\/"},"modified":"2026-02-27T08:09:12","modified_gmt":"2026-02-27T08:09:12","slug":"songmics-kosmetikorganiserare-transparent","status":"publish","type":"product","link":"https:\/\/nordicmart.andreevmaster.com\/sv\/produkt\/songmics-kosmetikorganiserare-transparent\/","title":{"rendered":"SONGMICS kosmetikorganiserare transparent"},"content":{"rendered":"<p>Ljusrosa l\u00e4ppstift f\u00f6r fylligare l\u00e4ppar, m\u00f6rk mascara f\u00f6r t\u00e4tare \u00f6gonfransar, rouge f\u00f6r en livfull hy och \u00f6gonskugga f\u00f6r uttrycksfulla \u00f6gon \u2013 vad g\u00f6r man inte f\u00f6r sk\u00f6nheten? F\u00f6r att alla dina sminkprylar inte ska hamna i en h\u00f6g i en l\u00e5da har vi denna kosmetikorganiserare till dig. H\u00e4r kan du f\u00f6rvara alla dina sminksaker snyggt i sm\u00e5 och stora l\u00e5dor samt i flera fack i den \u00f6vre delen. Allt klart! Denna kosmetikbox med m\u00e5tten 23,8 x 15,3 x 29,4 cm (L x B x H) \u00e4r tillverkad av transparent PS och \u00e4r d\u00e4rmed inte bara t\u00e5ligare \u00e4n akryl. Den g\u00f6r det ocks\u00e5 m\u00f6jligt f\u00f6r dig att snabbt hitta \u00e4ven sm\u00e5 kosmetiska tillbeh\u00f6r. Tack vare den transparenta designen beh\u00f6ver du inte \u00f6ppna alla l\u00e5dor en efter en f\u00f6r att leta efter din pincett. Om du redan har f\u00e5tt upp \u00f6gonen f\u00f6r denna sminkl\u00e5da, men inte har n\u00e5gonstans att f\u00f6rvara den, kan du ta en titt p\u00e5 de stilfulla badrumsm\u00f6blerna eller sminkbordet fr\u00e5n SONGMICS. Produktdetaljer:- F\u00e4rg: Transparent &#8211; Material: PS (polystyren) &#8211; Storlek: 23,8 x 15,3 x 29,4 cm (L x B x H) &#8211; Vikt: 2,38 kg Leveransomfattning: &#8211; 1 x kosmetikorganiserare &#8211; 8 x svarta inl\u00e4gg f\u00f6r l\u00e5dorna<\/p>\n","protected":false},"excerpt":{"rendered":"<p>SONGMICS kosmetikorganiserare, sminkl\u00e5da, genomskinlig kosmetikl\u00e5da med 8 l\u00e5dor och svarta inl\u00e4gg, fack f\u00f6r l\u00e4ppstift och andra sminkutensilier samt smycken, transparent JKA016TP<\/p>\n","protected":false},"featured_media":41006,"comment_status":"open","ping_status":"closed","template":"","meta":[],"product_brand":[],"product_cat":[33],"product_tag":[],"class_list":{"0":"post-12799","1":"product","2":"type-product","3":"status-publish","4":"has-post-thumbnail","6":"product_cat-okategoriserad","8":"first","9":"instock","10":"shipping-taxable","11":"purchasable","12":"product-type-simple"},"_links":{"self":[{"href":"https:\/\/nordicmart.andreevmaster.com\/sv\/wp-json\/wp\/v2\/product\/12799","targetHints":{"allow":["GET"]}}],"collection":[{"href":"https:\/\/nordicmart.andreevmaster.com\/sv\/wp-json\/wp\/v2\/product"}],"about":[{"href":"https:\/\/nordicmart.andreevmaster.com\/sv\/wp-json\/wp\/v2\/types\/product"}],"replies":[{"embeddable":true,"href":"https:\/\/nordicmart.andreevmaster.com\/sv\/wp-json\/wp\/v2\/comments?post=12799"}],"wp:featuredmedia":[{"embeddable":true,"href":"https:\/\/nordicmart.andreevmaster.com\/sv\/wp-json\/wp\/v2\/media\/41006"}],"wp:attachment":[{"href":"https:\/\/nordicmart.andreevmaster.com\/sv\/wp-json\/wp\/v2\/media?parent=12799"}],"wp:term":[{"taxonomy":"product_brand","embeddable":true,"href":"https:\/\/nordicmart.andreevmaster.com\/sv\/wp-json\/wp\/v2\/product_brand?post=12799"},{"taxonomy":"product_cat","embeddable":true,"href":"https:\/\/nordicmart.andreevmaster.com\/sv\/wp-json\/wp\/v2\/product_cat?post=12799"},{"taxonomy":"product_tag","embeddable":true,"href":"https:\/\/nordicmart.andreevmaster.com\/sv\/wp-json\/wp\/v2\/product_tag?post=12799"}],"curies":[{"name":"wp","href":"https:\/\/api.w.org\/{rel}","templated":true}]}}