{"id":12794,"date":"2026-02-27T00:15:22","date_gmt":"2026-02-27T00:15:22","guid":{"rendered":"https:\/\/nordicmart.andreevmaster.com\/product\/songmics-sminkorganiserare-liten-transparent\/"},"modified":"2026-02-27T08:09:11","modified_gmt":"2026-02-27T08:09:11","slug":"songmics-sminkorganiserare-liten-transparent","status":"publish","type":"product","link":"https:\/\/nordicmart.andreevmaster.com\/sv\/produkt\/songmics-sminkorganiserare-liten-transparent\/","title":{"rendered":"SONGMICS sminkorganiserare, liten, transparent"},"content":{"rendered":"<p>Ligger sminkprodukterna utspridda i badrummet eller p\u00e5 sminkbordet?  Och hittar du aldrig r\u00e4tt produkt n\u00e4r du beh\u00f6ver den?  D\u00e5 \u00e4r denna transparenta kosmetikorganiserare i akryl perfekt f\u00f6r dig! P Akrylmaterialet ger intryck av kristallglas, genomskinligt och elegant. Detta ger detta eleganta f\u00f6rvaringssystem f\u00f6rdelen att man omedelbart ser vad som finns i facken. Det g\u00f6r det l\u00e4ttare att hitta de olika redskapen.Fack och l\u00e5dor i olika h\u00f6jder och storlekar m\u00f6jligg\u00f6r ocks\u00e5 en praktisk f\u00f6rdelning. P\u00e5 s\u00e5 s\u00e4tt kan du sortera allt snyggt.Denna l\u00e5da kan ocks\u00e5 anv\u00e4ndas f\u00f6r att st\u00e4da, sortera och ordna alla andra redskap, t.ex. sytr\u00e5d, skruvar, kontorsredskap etc.L\u00e5dan \u00e4r snyggt tillverkad och har inga vassa kanter. L\u00e5dorna har skenor p\u00e5 sidorna och glider smidigt. Det \u00e4r ocks\u00e5 v\u00e4rt att n\u00e4mna att varje l\u00e5da har en svart halkskyddsunderl\u00e4gg som inte bara f\u00f6rhindrar att l\u00e5dan glider, utan ocks\u00e5 g\u00f6r det m\u00f6jligt att l\u00e4gga i saker utan att det l\u00e5ter. \u00c4ntligen ordning i sminkkaoset! Obs! Anv\u00e4nd produkten varsamt och undvik st\u00f6tar och repor.P Produktdetaljer:  &#8211; M\u00e5tt: 18,5 x 16 x 10 cm (B x H x D) &#8211; M\u00e5tt upptill: 17,5 x 6,5 x 9,5 cm (B x H x D) &#8211; Fackm\u00e5tt till v\u00e4nster fr\u00e5n f\u00f6rsta till tredje raden (8 x): 2,5 x 3 x 2,5 cm; 2,5 x 4,5 x 2,5 cm; 4 x 6 x 2,5 cm (B x H x D) &#8211; Fackm\u00e5tt till h\u00f6ger: 8 x 3 x 8,5 cm (B x H x D) &#8211; M\u00e5tt nedtill: 18,5 x 9,5 x 10 cm (B x H x D) &#8211; M\u00e5tt l\u00e5da (2 x): 16,5 x 3,5 x 9,5 cm (B x H x D)P Leveransomfattning: &#8211; 1 x kosmetikorganiserareP<\/p>\n","protected":false},"excerpt":{"rendered":"<p>SONGMICS Kosmetikst\u00e4ll Ordningsst\u00e4ll Kosmetikorganiserare i akryl med 2 l\u00e5dor f\u00f6r f\u00f6rvaring i badrummet eller sovrummet av l\u00e4ppstift, smycken, nagellack, sytr\u00e5d JKA012<\/p>\n","protected":false},"featured_media":41001,"comment_status":"open","ping_status":"closed","template":"","meta":[],"product_brand":[],"product_cat":[33],"product_tag":[],"class_list":{"0":"post-12794","1":"product","2":"type-product","3":"status-publish","4":"has-post-thumbnail","6":"product_cat-okategoriserad","8":"first","9":"instock","10":"shipping-taxable","11":"purchasable","12":"product-type-simple"},"_links":{"self":[{"href":"https:\/\/nordicmart.andreevmaster.com\/sv\/wp-json\/wp\/v2\/product\/12794","targetHints":{"allow":["GET"]}}],"collection":[{"href":"https:\/\/nordicmart.andreevmaster.com\/sv\/wp-json\/wp\/v2\/product"}],"about":[{"href":"https:\/\/nordicmart.andreevmaster.com\/sv\/wp-json\/wp\/v2\/types\/product"}],"replies":[{"embeddable":true,"href":"https:\/\/nordicmart.andreevmaster.com\/sv\/wp-json\/wp\/v2\/comments?post=12794"}],"wp:featuredmedia":[{"embeddable":true,"href":"https:\/\/nordicmart.andreevmaster.com\/sv\/wp-json\/wp\/v2\/media\/41001"}],"wp:attachment":[{"href":"https:\/\/nordicmart.andreevmaster.com\/sv\/wp-json\/wp\/v2\/media?parent=12794"}],"wp:term":[{"taxonomy":"product_brand","embeddable":true,"href":"https:\/\/nordicmart.andreevmaster.com\/sv\/wp-json\/wp\/v2\/product_brand?post=12794"},{"taxonomy":"product_cat","embeddable":true,"href":"https:\/\/nordicmart.andreevmaster.com\/sv\/wp-json\/wp\/v2\/product_cat?post=12794"},{"taxonomy":"product_tag","embeddable":true,"href":"https:\/\/nordicmart.andreevmaster.com\/sv\/wp-json\/wp\/v2\/product_tag?post=12794"}],"curies":[{"name":"wp","href":"https:\/\/api.w.org\/{rel}","templated":true}]}}