{"id":12790,"date":"2026-02-27T00:15:22","date_gmt":"2026-02-27T00:15:22","guid":{"rendered":"https:\/\/nordicmart.andreevmaster.com\/product\/songmics-sminkorganiserare-3-delad-mjolkvit\/"},"modified":"2026-02-27T08:09:10","modified_gmt":"2026-02-27T08:09:10","slug":"songmics-sminkorganiserare-3-delad-mjolkvit","status":"publish","type":"product","link":"https:\/\/nordicmart.andreevmaster.com\/sv\/produkt\/songmics-sminkorganiserare-3-delad-mjolkvit\/","title":{"rendered":"SONGMICS sminkorganiserare 3-delad mj\u00f6lkvit"},"content":{"rendered":"<p>Produktdetaljer: &#8211; F\u00e4rg: Vit &#8211; Material: Akryl &#8211; Storlek: Totalstorlek: 24 x 13,5 x 30 cm (L x B x H) M\u00e5tt 1. Niv\u00e5: 22,5 x 13 x 8 cm (L x B x H) M\u00e5tt p\u00e5 de 12 sm\u00e5 facken i tre rader (fr\u00e5n fram till bak): 2,5 x 2,5 x 3\/4,5\/6 cm (L x B x H) M\u00e5tt p\u00e5 det stora facket bak till v\u00e4nster: 10 x 3,3 x 7,5 cm (L x B x H) M\u00e5tt p\u00e5 facket bak till h\u00f6ger: 10 x 6 x 7,5 cm (L x B x H) M\u00e5tt p\u00e5 facket fram till h\u00f6ger: 10 x 5 x 7,5 cm (L x B x H) M\u00e5tt 2. plan: 24 x 13,5 x 11 cm (L x B x H) M\u00e5tt p\u00e5 den stora l\u00e5dan: (3 x) 21,5 x 12,5 x 3 cm (L x B x H) M\u00e5tt p\u00e5 3:e plan: 24 x 13,5 x 11 cm (L x B x H) Leveransomfattning:- 1 x kosmetikorganiserare<\/p>\n","protected":false},"excerpt":{"rendered":"<p>SONGMICS Kosmetikorganiserare i akryl f\u00f6r f\u00f6rvaring i badrummet eller sovrummet av l\u00e4ppstift, smycken, nagellack (3 delar) JKA009TP<\/p>\n","protected":false},"featured_media":40997,"comment_status":"open","ping_status":"closed","template":"","meta":[],"product_brand":[],"product_cat":[33],"product_tag":[],"class_list":{"0":"post-12790","1":"product","2":"type-product","3":"status-publish","4":"has-post-thumbnail","6":"product_cat-okategoriserad","8":"first","9":"instock","10":"shipping-taxable","11":"purchasable","12":"product-type-simple"},"_links":{"self":[{"href":"https:\/\/nordicmart.andreevmaster.com\/sv\/wp-json\/wp\/v2\/product\/12790","targetHints":{"allow":["GET"]}}],"collection":[{"href":"https:\/\/nordicmart.andreevmaster.com\/sv\/wp-json\/wp\/v2\/product"}],"about":[{"href":"https:\/\/nordicmart.andreevmaster.com\/sv\/wp-json\/wp\/v2\/types\/product"}],"replies":[{"embeddable":true,"href":"https:\/\/nordicmart.andreevmaster.com\/sv\/wp-json\/wp\/v2\/comments?post=12790"}],"wp:featuredmedia":[{"embeddable":true,"href":"https:\/\/nordicmart.andreevmaster.com\/sv\/wp-json\/wp\/v2\/media\/40997"}],"wp:attachment":[{"href":"https:\/\/nordicmart.andreevmaster.com\/sv\/wp-json\/wp\/v2\/media?parent=12790"}],"wp:term":[{"taxonomy":"product_brand","embeddable":true,"href":"https:\/\/nordicmart.andreevmaster.com\/sv\/wp-json\/wp\/v2\/product_brand?post=12790"},{"taxonomy":"product_cat","embeddable":true,"href":"https:\/\/nordicmart.andreevmaster.com\/sv\/wp-json\/wp\/v2\/product_cat?post=12790"},{"taxonomy":"product_tag","embeddable":true,"href":"https:\/\/nordicmart.andreevmaster.com\/sv\/wp-json\/wp\/v2\/product_tag?post=12790"}],"curies":[{"name":"wp","href":"https:\/\/api.w.org\/{rel}","templated":true}]}}