{"id":12786,"date":"2026-02-27T00:15:21","date_gmt":"2026-02-27T00:15:21","guid":{"rendered":"https:\/\/nordicmart.andreevmaster.com\/product\/songmics-sminkorganiserare-svart-transparent\/"},"modified":"2026-02-27T08:09:10","modified_gmt":"2026-02-27T08:09:10","slug":"songmics-sminkorganiserare-svart-transparent","status":"publish","type":"product","link":"https:\/\/nordicmart.andreevmaster.com\/sv\/produkt\/songmics-sminkorganiserare-svart-transparent\/","title":{"rendered":"SONGMICS sminkorganiserare svart transparent"},"content":{"rendered":"<p>Ligger dina sminksaker \u00f6verallt i badrummet eller p\u00e5 sminkbordet? Och hittar du aldrig r\u00e4tt saker n\u00e4r du beh\u00f6ver dem? D\u00e5 \u00e4r denna transparenta kosmetikorganiserare i akryl perfekt f\u00f6r dig! Materialet i svart akryl \u00e4r genomskinligt och utm\u00e4rkt. Detta eleganta f\u00f6rvaringssystem har f\u00f6rdelen att du omedelbart kan se vad som finns i facken. Det g\u00f6r det l\u00e4ttare att hitta de olika redskapen. Facken och l\u00e5dorna i olika h\u00f6jder och storlekar m\u00f6jligg\u00f6r ocks\u00e5 en praktisk f\u00f6rdelning. P\u00e5 s\u00e5 s\u00e4tt kan du sortera allt snyggt. Denna l\u00e5da kan ocks\u00e5 anv\u00e4ndas f\u00f6r att st\u00e4da, sortera och ordna alla andra redskap, t.ex. sytr\u00e5d, skruvar, kontorsredskap etc. L\u00e5dan \u00e4r snyggt tillverkad och har inga vassa kanter. L\u00e5dorna har skenor p\u00e5 sidorna och glider smidigt. Det \u00e4r ocks\u00e5 v\u00e4rt att n\u00e4mna att varje l\u00e5da har en svart halkskyddsunderl\u00e4gg som inte bara f\u00f6rhindrar att l\u00e5dan glider, utan ocks\u00e5 g\u00f6r det m\u00f6jligt att l\u00e4gga i saker utan att det l\u00e5ter. \u00c4ntligen ordning i sminkkaoset! Obs: Anv\u00e4nd produkten f\u00f6rsiktigt och undvik st\u00f6tar och repor. F\u00f6r att du ska f\u00e5 en kosmetikorganiserare som passar dig, v\u00e4nligen kontrollera m\u00e5tten p\u00e5 de inre facken innan du best\u00e4ller. Kontakta oss om du har n\u00e5gra fr\u00e5gor. Produktdetaljer: Material: akryl M\u00e5tt: 24 x 18,5 x 13,5 cm (B x H x D) M\u00e5tt upptill: 22,5 x 8 x 13,5 cm (B x H x D) M\u00e5tt nedtill: 24 x 11 x 13,5 cm (B x H x D) Leveransomfattning: 1x kosmetikorganiserare<\/p>\n","protected":false},"excerpt":{"rendered":"<p>SONGMICS Kosmetikst\u00e4ll Ordningsst\u00e4ll Kosmetikorganiserare av akryl med 4 l\u00e5dor f\u00f6r f\u00f6rvaring i badrummet eller sovrummet av l\u00e4ppstift, smycken, nagellack, sytr\u00e5d Svart<\/p>\n","protected":false},"featured_media":40993,"comment_status":"open","ping_status":"closed","template":"","meta":[],"product_brand":[],"product_cat":[33],"product_tag":[],"class_list":{"0":"post-12786","1":"product","2":"type-product","3":"status-publish","4":"has-post-thumbnail","6":"product_cat-okategoriserad","8":"first","9":"instock","10":"shipping-taxable","11":"purchasable","12":"product-type-simple"},"_links":{"self":[{"href":"https:\/\/nordicmart.andreevmaster.com\/sv\/wp-json\/wp\/v2\/product\/12786","targetHints":{"allow":["GET"]}}],"collection":[{"href":"https:\/\/nordicmart.andreevmaster.com\/sv\/wp-json\/wp\/v2\/product"}],"about":[{"href":"https:\/\/nordicmart.andreevmaster.com\/sv\/wp-json\/wp\/v2\/types\/product"}],"replies":[{"embeddable":true,"href":"https:\/\/nordicmart.andreevmaster.com\/sv\/wp-json\/wp\/v2\/comments?post=12786"}],"wp:featuredmedia":[{"embeddable":true,"href":"https:\/\/nordicmart.andreevmaster.com\/sv\/wp-json\/wp\/v2\/media\/40993"}],"wp:attachment":[{"href":"https:\/\/nordicmart.andreevmaster.com\/sv\/wp-json\/wp\/v2\/media?parent=12786"}],"wp:term":[{"taxonomy":"product_brand","embeddable":true,"href":"https:\/\/nordicmart.andreevmaster.com\/sv\/wp-json\/wp\/v2\/product_brand?post=12786"},{"taxonomy":"product_cat","embeddable":true,"href":"https:\/\/nordicmart.andreevmaster.com\/sv\/wp-json\/wp\/v2\/product_cat?post=12786"},{"taxonomy":"product_tag","embeddable":true,"href":"https:\/\/nordicmart.andreevmaster.com\/sv\/wp-json\/wp\/v2\/product_tag?post=12786"}],"curies":[{"name":"wp","href":"https:\/\/api.w.org\/{rel}","templated":true}]}}