{"id":12785,"date":"2026-02-27T00:15:21","date_gmt":"2026-02-27T00:15:21","guid":{"rendered":"https:\/\/nordicmart.andreevmaster.com\/product\/songmics-kosmetikbox-4-lador-transparent\/"},"modified":"2026-02-27T08:09:09","modified_gmt":"2026-02-27T08:09:09","slug":"songmics-kosmetikbox-4-lador-transparent","status":"publish","type":"product","link":"https:\/\/nordicmart.andreevmaster.com\/sv\/produkt\/songmics-kosmetikbox-4-lador-transparent\/","title":{"rendered":"SONGMICS Kosmetikbox 4 l\u00e5dor transparent"},"content":{"rendered":"<p>Ligger sminkprylarna utspridda i badrummet eller p\u00e5 sminkbordet? Och hittar du aldrig r\u00e4tt saker n\u00e4r du beh\u00f6ver dem? D\u00e5 \u00e4r denna transparenta kosmetikorganiserare i akryl perfekt f\u00f6r dig! P Akrylmaterialet ger intryck av kristallglas, genomskinligt och elegant. Detta ger detta eleganta f\u00f6rvaringssystem f\u00f6rdelen att man omedelbart ser vad som finns i facken. Det g\u00f6r det l\u00e4ttare att hitta de olika tillbeh\u00f6ren.Fack och l\u00e5dor i olika h\u00f6jder och storlekar m\u00f6jligg\u00f6r ocks\u00e5 en praktisk f\u00f6rdelning. P\u00e5 s\u00e5 s\u00e4tt kan du sortera allt snyggt. Denna box kan ocks\u00e5 anv\u00e4ndas f\u00f6r att st\u00e4da, sortera och ordna alla andra tillbeh\u00f6r, t.ex. sytr\u00e5d, skruvar, kontorsmaterial etc.Boxen \u00e4r snyggt tillverkad och har inga vassa kanter. L\u00e5dorna har skenor p\u00e5 sidorna och glider smidigt. Det \u00e4r ocks\u00e5 v\u00e4rt att n\u00e4mna att varje l\u00e5da har en svart antislipunderl\u00e4gg som inte bara f\u00f6rhindrar att den glider, utan ocks\u00e5 g\u00f6r det m\u00f6jligt att l\u00e4gga i saker utan att det l\u00e5ter. \u00c4ntligen ordning i sminkkaoset! Obs! Anv\u00e4nd produkten f\u00f6rsiktigt och undvik st\u00f6tar och repor. P Produktdetaljer:  M\u00e5tt: 24 x 13,5 x 18,5 cm (B\/D\/H) M\u00e5tt upptill: 24 x 13 x 8 cm (B\/D\/H) Fackm\u00e5tt bak till v\u00e4nster: 3,5 x 3,5 x 7,5 cm (B\/D\/H)   Fackm\u00e5tt bakre mitten: 10 x 2,5 x 7,5 cm (B\/D\/H)   Fackm\u00e5tt bakre h\u00f6ger: 8 x 3,5 x 7,5 cm (B\/D\/H)   Fackm\u00e5tt fr\u00e4mre mitten : 10 x 9 x 3 cm (B\/D\/H)   Fackm\u00e5tt f\u00f6rsta till tredje raden utan det stora mittfacket (12x ): 2,5 x 2,5 x 3\/4,5\/6 cm (B\/D\/H) M\u00e5tt nedtill: 24 x 13,5 x 11 cm (B\/D\/H) M\u00e5tt l\u00e5da (2x, platt): 11 x 13,5 x 3 cm (B\/D\/H) M\u00e5tt p\u00e5 l\u00e5da (2x, djup): 11 x 13,5 x 6,5 cm (B\/D\/H)P Leveransomfattning: 1x kosmetikorganiserareP<\/p>\n","protected":false},"excerpt":{"rendered":"<p>SONGMICS akrylkosmetikf\u00f6rvaring sminkf\u00f6rvaring med 4 l\u00e5dor f\u00f6r f\u00f6rvaring i badrummet eller sovrummet av l\u00e4ppstift, smycken, nagellack, sytr\u00e5d<\/p>\n","protected":false},"featured_media":40992,"comment_status":"open","ping_status":"closed","template":"","meta":[],"product_brand":[],"product_cat":[33],"product_tag":[],"class_list":{"0":"post-12785","1":"product","2":"type-product","3":"status-publish","4":"has-post-thumbnail","6":"product_cat-okategoriserad","8":"first","9":"instock","10":"shipping-taxable","11":"purchasable","12":"product-type-simple"},"_links":{"self":[{"href":"https:\/\/nordicmart.andreevmaster.com\/sv\/wp-json\/wp\/v2\/product\/12785","targetHints":{"allow":["GET"]}}],"collection":[{"href":"https:\/\/nordicmart.andreevmaster.com\/sv\/wp-json\/wp\/v2\/product"}],"about":[{"href":"https:\/\/nordicmart.andreevmaster.com\/sv\/wp-json\/wp\/v2\/types\/product"}],"replies":[{"embeddable":true,"href":"https:\/\/nordicmart.andreevmaster.com\/sv\/wp-json\/wp\/v2\/comments?post=12785"}],"wp:featuredmedia":[{"embeddable":true,"href":"https:\/\/nordicmart.andreevmaster.com\/sv\/wp-json\/wp\/v2\/media\/40992"}],"wp:attachment":[{"href":"https:\/\/nordicmart.andreevmaster.com\/sv\/wp-json\/wp\/v2\/media?parent=12785"}],"wp:term":[{"taxonomy":"product_brand","embeddable":true,"href":"https:\/\/nordicmart.andreevmaster.com\/sv\/wp-json\/wp\/v2\/product_brand?post=12785"},{"taxonomy":"product_cat","embeddable":true,"href":"https:\/\/nordicmart.andreevmaster.com\/sv\/wp-json\/wp\/v2\/product_cat?post=12785"},{"taxonomy":"product_tag","embeddable":true,"href":"https:\/\/nordicmart.andreevmaster.com\/sv\/wp-json\/wp\/v2\/product_tag?post=12785"}],"curies":[{"name":"wp","href":"https:\/\/api.w.org\/{rel}","templated":true}]}}