{"id":12784,"date":"2026-02-27T00:15:20","date_gmt":"2026-02-27T00:15:20","guid":{"rendered":"https:\/\/nordicmart.andreevmaster.com\/product\/songmics-sminkorganiserare-i-akryl-vit\/"},"modified":"2026-02-27T08:09:09","modified_gmt":"2026-02-27T08:09:09","slug":"songmics-sminkorganiserare-i-akryl-vit","status":"publish","type":"product","link":"https:\/\/nordicmart.andreevmaster.com\/sv\/produkt\/songmics-sminkorganiserare-i-akryl-vit\/","title":{"rendered":"SONGMICS sminkorganiserare i akryl, vit"},"content":{"rendered":"<p>Sk\u00f6nhetsessentiell Att du kan vara n\u00f6jd med din makeup tidigt p\u00e5 morgonen beror inte bara p\u00e5 dina f\u00e4rdigheter eller p\u00e5 att du \u00e4r en s\u00e4rskilt aktiv morgonm\u00e4nniska. Att du snabbt kan hitta dina sminkprodukter bidrar ocks\u00e5 i h\u00f6g grad till din tillfredsst\u00e4llelse. Ordna d\u00e4rf\u00f6r ditt smink med denna kosmetikorganiserare fr\u00e5n SONGMICS och g\u00f6r ditt liv trevligare och mindre stressigt! 2-i-1 sminkorganiserare Anv\u00e4nd de tv\u00e5 delarna av kosmetikboxen tillsammans om du har begr\u00e4nsat med f\u00f6rvaringsutrymme, eller p\u00e5 tv\u00e5 olika platser. Du kan till exempel placera den \u00f6vre delen med 15 fack f\u00f6r l\u00e4ppstift, penslar och nagellack separat p\u00e5 ditt sminkbord. P\u00e5 s\u00e5 s\u00e4tt \u00e4r ytan p\u00e5 den nedre delen fri f\u00f6r parfymflaskor eller kr\u00e4mer. I de 3 l\u00e5dorna kan du dessutom f\u00f6rvara \u00f6gonskugga, pincett och liknande. Din tillfredsst\u00e4llelse \u00e4r v\u00e5r prioritet Om du har ytterligare fr\u00e5gor, tveka inte att kontakta v\u00e5r kundtj\u00e4nst. V\u00e5r v\u00e4nliga personal st\u00e5r alltid till din tj\u00e4nst. Utrusta ditt sk\u00f6nhetsparadis med denna kosmetikorganiserare! Produktdetaljer:- F\u00e4rg: Vit (svarta insatser) &#8211; Material: Polystyren &#8211; Storlek: 24 x 13,5 x 18,5 cm (L x B x H) &#8211; Vikt: 1,2 kg Leveransomfattning: &#8211; 1 x kosmetikorganiserare SONGMICS Anm\u00e4rkningar: &#8211; Hantera produkten med f\u00f6rsiktighet.<\/p>\n","protected":false},"excerpt":{"rendered":"<p>SONGMICS Kosmetikorganiserare, kosmetikf\u00f6rvaring, med 3 l\u00e5dor, f\u00f6r smink, akryl, transparent JKA002TP<\/p>\n","protected":false},"featured_media":40991,"comment_status":"open","ping_status":"closed","template":"","meta":[],"product_brand":[],"product_cat":[33],"product_tag":[],"class_list":{"0":"post-12784","1":"product","2":"type-product","3":"status-publish","4":"has-post-thumbnail","6":"product_cat-okategoriserad","8":"first","9":"instock","10":"shipping-taxable","11":"purchasable","12":"product-type-simple"},"_links":{"self":[{"href":"https:\/\/nordicmart.andreevmaster.com\/sv\/wp-json\/wp\/v2\/product\/12784","targetHints":{"allow":["GET"]}}],"collection":[{"href":"https:\/\/nordicmart.andreevmaster.com\/sv\/wp-json\/wp\/v2\/product"}],"about":[{"href":"https:\/\/nordicmart.andreevmaster.com\/sv\/wp-json\/wp\/v2\/types\/product"}],"replies":[{"embeddable":true,"href":"https:\/\/nordicmart.andreevmaster.com\/sv\/wp-json\/wp\/v2\/comments?post=12784"}],"wp:featuredmedia":[{"embeddable":true,"href":"https:\/\/nordicmart.andreevmaster.com\/sv\/wp-json\/wp\/v2\/media\/40991"}],"wp:attachment":[{"href":"https:\/\/nordicmart.andreevmaster.com\/sv\/wp-json\/wp\/v2\/media?parent=12784"}],"wp:term":[{"taxonomy":"product_brand","embeddable":true,"href":"https:\/\/nordicmart.andreevmaster.com\/sv\/wp-json\/wp\/v2\/product_brand?post=12784"},{"taxonomy":"product_cat","embeddable":true,"href":"https:\/\/nordicmart.andreevmaster.com\/sv\/wp-json\/wp\/v2\/product_cat?post=12784"},{"taxonomy":"product_tag","embeddable":true,"href":"https:\/\/nordicmart.andreevmaster.com\/sv\/wp-json\/wp\/v2\/product_tag?post=12784"}],"curies":[{"name":"wp","href":"https:\/\/api.w.org\/{rel}","templated":true}]}}