{"id":12783,"date":"2026-02-27T00:15:20","date_gmt":"2026-02-27T00:15:20","guid":{"rendered":"https:\/\/nordicmart.andreevmaster.com\/product\/songmics-kosmetikorganiserare-3-stora-lador\/"},"modified":"2026-02-27T08:09:09","modified_gmt":"2026-02-27T08:09:09","slug":"songmics-kosmetikorganiserare-3-stora-lador","status":"publish","type":"product","link":"https:\/\/nordicmart.andreevmaster.com\/sv\/produkt\/songmics-kosmetikorganiserare-3-stora-lador\/","title":{"rendered":"SONGMICS kosmetikorganiserare 3 stora l\u00e5dor"},"content":{"rendered":"<p>Kajal, penslar, nagellack, puder M\u00e5ste du alltid leta i timmar efter din l\u00e4ppstift eller din mascara? D\u00e5 \u00e4r denna kosmetikorganiserare i akryl perfekt f\u00f6r dig! Tack vare det transparenta materialet kan du omedelbart se var din smink finns. L\u00e5dorna och facken i olika storlekar p\u00e5 l\u00e5dan passar dessutom f\u00f6r m\u00e5nga olika kosmetika. M\u00e5ngsidig anv\u00e4ndning Anv\u00e4nd l\u00e5dan \u00e4ven f\u00f6r att st\u00e4da, sortera och ordna andra tillbeh\u00f6r, t.ex. sytr\u00e5d, skruvar, kontorsmaterial etc. Produktdetaljer: &#8211; F\u00e4rg: Transparent &#8211; Material: akryl &#8211; M\u00e5tt: 24 x 13,5 x 18,5 cm &#8211; M\u00e5tt l\u00e5da: 22,5 x 13,5 x 3,3 cm  Leveransomfattning: &#8211; 1 x kosmetikorganiserare SONGMICS Anm\u00e4rkningar: &#8211; H\u00e5ll produkten borta fr\u00e5n vassa eller skarpa f\u00f6rem\u00e5l f\u00f6r att undvika repor.<\/p>\n","protected":false},"excerpt":{"rendered":"<p>SONGMICS Kosmetikorganiserare, kosmetikf\u00f6rvaring, med 3 l\u00e5dor, f\u00f6r smink, akryl, transparent JKA002TP<\/p>\n","protected":false},"featured_media":40990,"comment_status":"open","ping_status":"closed","template":"","meta":[],"product_brand":[],"product_cat":[33],"product_tag":[],"class_list":{"0":"post-12783","1":"product","2":"type-product","3":"status-publish","4":"has-post-thumbnail","6":"product_cat-okategoriserad","8":"first","9":"instock","10":"shipping-taxable","11":"purchasable","12":"product-type-simple"},"_links":{"self":[{"href":"https:\/\/nordicmart.andreevmaster.com\/sv\/wp-json\/wp\/v2\/product\/12783","targetHints":{"allow":["GET"]}}],"collection":[{"href":"https:\/\/nordicmart.andreevmaster.com\/sv\/wp-json\/wp\/v2\/product"}],"about":[{"href":"https:\/\/nordicmart.andreevmaster.com\/sv\/wp-json\/wp\/v2\/types\/product"}],"replies":[{"embeddable":true,"href":"https:\/\/nordicmart.andreevmaster.com\/sv\/wp-json\/wp\/v2\/comments?post=12783"}],"wp:featuredmedia":[{"embeddable":true,"href":"https:\/\/nordicmart.andreevmaster.com\/sv\/wp-json\/wp\/v2\/media\/40990"}],"wp:attachment":[{"href":"https:\/\/nordicmart.andreevmaster.com\/sv\/wp-json\/wp\/v2\/media?parent=12783"}],"wp:term":[{"taxonomy":"product_brand","embeddable":true,"href":"https:\/\/nordicmart.andreevmaster.com\/sv\/wp-json\/wp\/v2\/product_brand?post=12783"},{"taxonomy":"product_cat","embeddable":true,"href":"https:\/\/nordicmart.andreevmaster.com\/sv\/wp-json\/wp\/v2\/product_cat?post=12783"},{"taxonomy":"product_tag","embeddable":true,"href":"https:\/\/nordicmart.andreevmaster.com\/sv\/wp-json\/wp\/v2\/product_tag?post=12783"}],"curies":[{"name":"wp","href":"https:\/\/api.w.org\/{rel}","templated":true}]}}