{"id":12782,"date":"2026-02-27T00:15:20","date_gmt":"2026-02-27T00:15:20","guid":{"rendered":"https:\/\/nordicmart.andreevmaster.com\/product\/songmics-sminkorganiserare-transparent\/"},"modified":"2026-02-27T08:09:09","modified_gmt":"2026-02-27T08:09:09","slug":"songmics-sminkorganiserare-transparent","status":"publish","type":"product","link":"https:\/\/nordicmart.andreevmaster.com\/sv\/produkt\/songmics-sminkorganiserare-transparent\/","title":{"rendered":"SONGMICS sminkorganiserare transparent"},"content":{"rendered":"<p>G\u00f6r dig klar snabbare p\u00e5 morgonen \u00c5h nej, jag \u00e4r sen igen! Vi har alla br\u00e5ttom p\u00e5 morgonen, men hur kan vi g\u00f6ra oss klara snabbare? Med denna sminkorganiserare fr\u00e5n SONGMICS kan du f\u00f6rvara l\u00e4ppstift, \u00f6gonskugga eller penslar p\u00e5 ett snyggt s\u00e4tt. Du sl\u00f6sar inte l\u00e4ngre tid p\u00e5 att desperat leta efter saker du beh\u00f6ver. Ett h\u00f6rn r\u00e4cker Hur fantastiskt \u2013 denna kosmetikorganiserare erbjuder s\u00e5 mycket f\u00f6rvaringsutrymme, men tar v\u00e4ldigt lite plats. Stapla den \u00f6vre och nedre delen p\u00e5 varandra f\u00f6r att rensa upp kaoset p\u00e5 ditt sminkbord. St\u00e4ll sminkboxen i ett h\u00f6rn, s\u00e5 har du allt du beh\u00f6ver p\u00e5 ett st\u00e4lle. Produktdetaljer:- F\u00e4rg: Transparent ros\u00e9guld &#8211; Material: Polystyren &#8211; Storlek: 24 x 13,5 x 18,5 cm (L x B x H) &#8211; Vikt: 1,2 kg Leveransomfattning: &#8211; 1 x kosmetikorganiserare SONGMICS Anm\u00e4rkningar: &#8211; Hantera produkten med f\u00f6rsiktighet.<\/p>\n","protected":false},"excerpt":{"rendered":"<p>SONGMICS Kosmetikorganiserare, kosmetikf\u00f6rvaring, med 3 l\u00e5dor, f\u00f6r smink, akryl, transparent JKA002TP<\/p>\n","protected":false},"featured_media":40989,"comment_status":"open","ping_status":"closed","template":"","meta":[],"product_brand":[],"product_cat":[33],"product_tag":[],"class_list":{"0":"post-12782","1":"product","2":"type-product","3":"status-publish","4":"has-post-thumbnail","6":"product_cat-okategoriserad","8":"first","9":"instock","10":"shipping-taxable","11":"purchasable","12":"product-type-simple"},"_links":{"self":[{"href":"https:\/\/nordicmart.andreevmaster.com\/sv\/wp-json\/wp\/v2\/product\/12782","targetHints":{"allow":["GET"]}}],"collection":[{"href":"https:\/\/nordicmart.andreevmaster.com\/sv\/wp-json\/wp\/v2\/product"}],"about":[{"href":"https:\/\/nordicmart.andreevmaster.com\/sv\/wp-json\/wp\/v2\/types\/product"}],"replies":[{"embeddable":true,"href":"https:\/\/nordicmart.andreevmaster.com\/sv\/wp-json\/wp\/v2\/comments?post=12782"}],"wp:featuredmedia":[{"embeddable":true,"href":"https:\/\/nordicmart.andreevmaster.com\/sv\/wp-json\/wp\/v2\/media\/40989"}],"wp:attachment":[{"href":"https:\/\/nordicmart.andreevmaster.com\/sv\/wp-json\/wp\/v2\/media?parent=12782"}],"wp:term":[{"taxonomy":"product_brand","embeddable":true,"href":"https:\/\/nordicmart.andreevmaster.com\/sv\/wp-json\/wp\/v2\/product_brand?post=12782"},{"taxonomy":"product_cat","embeddable":true,"href":"https:\/\/nordicmart.andreevmaster.com\/sv\/wp-json\/wp\/v2\/product_cat?post=12782"},{"taxonomy":"product_tag","embeddable":true,"href":"https:\/\/nordicmart.andreevmaster.com\/sv\/wp-json\/wp\/v2\/product_tag?post=12782"}],"curies":[{"name":"wp","href":"https:\/\/api.w.org\/{rel}","templated":true}]}}