{"id":12776,"date":"2026-02-27T00:15:19","date_gmt":"2026-02-27T00:15:19","guid":{"rendered":"https:\/\/nordicmart.andreevmaster.com\/product\/songmics-sminkorganiserare-med-lador-vit\/"},"modified":"2026-02-27T08:09:08","modified_gmt":"2026-02-27T08:09:08","slug":"songmics-sminkorganiserare-med-lador-vit","status":"publish","type":"product","link":"https:\/\/nordicmart.andreevmaster.com\/sv\/produkt\/songmics-sminkorganiserare-med-lador-vit\/","title":{"rendered":"SONGMICS sminkorganiserare med l\u00e5dor Vit"},"content":{"rendered":"<p>Det beror inte bara p\u00e5 dina f\u00f6rm\u00e5gor eller p\u00e5 att du \u00e4r en s\u00e4rskilt aktiv morgonm\u00e4nniska. Att du snabbt kan hitta dina sminkprylar bidrar ocks\u00e5 i h\u00f6g grad till din tillfredsst\u00e4llelse. Ordna d\u00e4rf\u00f6r din smink med denna sminkorganiserare fr\u00e5n SONGMICS och g\u00f6r ditt liv trevligare och mindre stressigt! 2-i-1 sminkorganiserare Anv\u00e4nd de tv\u00e5 delarna av sminkboxen tillsammans om du har begr\u00e4nsat med f\u00f6rvaringsutrymme, eller p\u00e5 tv\u00e5 olika platser. Du kan till exempel placera den \u00f6vre delen med 16 fack f\u00f6r l\u00e4ppstift, penslar och nagellack separat p\u00e5 ditt sminkbord. P\u00e5 s\u00e5 s\u00e4tt \u00e4r ytan p\u00e5 den nedre delen fri f\u00f6r parfymflaskor eller kr\u00e4mer. I de 4 l\u00e5dorna kan du dessutom f\u00f6rvara \u00f6gonskugga, pincett och liknande. SONGMICS Anm\u00e4rkningar: &#8211; Hantera produkten med f\u00f6rsiktighet Produktdetaljer: &#8211; F\u00e4rg: Vit &#8211; Material: Polystyren &#8211; Storlek: 24 x 13,5 x 18,5 cm (L x B x H) &#8211; Vikt: 1,2 kg Leveransomfattning: &#8211; 1 x Kosmetikorganiserare<\/p>\n","protected":false},"excerpt":{"rendered":"<p>SONGMICS Kosmetik Make up Organiser av akryl med 4 l\u00e5dor f\u00f6r f\u00f6rvaring i badrummet eller sovrummet av l\u00e4ppstift, smycken, nagellack, sytr\u00e5d, vit, plast, 24 x 18,5 x 13,5 cm<\/p>\n","protected":false},"featured_media":40983,"comment_status":"open","ping_status":"closed","template":"","meta":[],"product_brand":[],"product_cat":[33],"product_tag":[],"class_list":{"0":"post-12776","1":"product","2":"type-product","3":"status-publish","4":"has-post-thumbnail","6":"product_cat-okategoriserad","8":"first","9":"instock","10":"shipping-taxable","11":"purchasable","12":"product-type-simple"},"_links":{"self":[{"href":"https:\/\/nordicmart.andreevmaster.com\/sv\/wp-json\/wp\/v2\/product\/12776","targetHints":{"allow":["GET"]}}],"collection":[{"href":"https:\/\/nordicmart.andreevmaster.com\/sv\/wp-json\/wp\/v2\/product"}],"about":[{"href":"https:\/\/nordicmart.andreevmaster.com\/sv\/wp-json\/wp\/v2\/types\/product"}],"replies":[{"embeddable":true,"href":"https:\/\/nordicmart.andreevmaster.com\/sv\/wp-json\/wp\/v2\/comments?post=12776"}],"wp:featuredmedia":[{"embeddable":true,"href":"https:\/\/nordicmart.andreevmaster.com\/sv\/wp-json\/wp\/v2\/media\/40983"}],"wp:attachment":[{"href":"https:\/\/nordicmart.andreevmaster.com\/sv\/wp-json\/wp\/v2\/media?parent=12776"}],"wp:term":[{"taxonomy":"product_brand","embeddable":true,"href":"https:\/\/nordicmart.andreevmaster.com\/sv\/wp-json\/wp\/v2\/product_brand?post=12776"},{"taxonomy":"product_cat","embeddable":true,"href":"https:\/\/nordicmart.andreevmaster.com\/sv\/wp-json\/wp\/v2\/product_cat?post=12776"},{"taxonomy":"product_tag","embeddable":true,"href":"https:\/\/nordicmart.andreevmaster.com\/sv\/wp-json\/wp\/v2\/product_tag?post=12776"}],"curies":[{"name":"wp","href":"https:\/\/api.w.org\/{rel}","templated":true}]}}