{"id":12767,"date":"2026-02-27T00:15:17","date_gmt":"2026-02-27T00:15:17","guid":{"rendered":"https:\/\/nordicmart.andreevmaster.com\/product\/songmics-2-i-1-smyckeshallare-morkbrun-svart\/"},"modified":"2026-02-27T08:09:06","modified_gmt":"2026-02-27T08:09:06","slug":"songmics-2-i-1-smyckeshallare-morkbrun-svart","status":"publish","type":"product","link":"https:\/\/nordicmart.andreevmaster.com\/sv\/produkt\/songmics-2-i-1-smyckeshallare-morkbrun-svart\/","title":{"rendered":"SONGMICS 2-i-1 smyckesh\u00e5llare m\u00f6rkbrun-svart"},"content":{"rendered":"<p>S\u00e4tt dina smycken i r\u00e4tt ljus: Blir din smyckessamling st\u00f6rre och st\u00f6rre? Samla inte dina ringar, halsband, armband och \u00f6rh\u00e4ngen i en l\u00e5da! Denna smarta 2-i-1 smyckesh\u00e5llare hj\u00e4lper dig mer \u00e4n andra. F\u00f6rvara dina m\u00e5nga skatter p\u00e5 st\u00e4ngerna och i den lilla l\u00e5dan! Bra material talar f\u00f6r sig sj\u00e4lva: J\u00e4rnst\u00e4ngerna i den \u00f6vre delen \u00e4r stabila och robusta och ger dina skatter ett starkt f\u00e4ste. Smyckeskrinet i den nedre delen \u00e4r tillverkat av h\u00f6gkvalitativt furu och har ett linnefoder som skyddar dina smycken fr\u00e5n repor.Produktdetaljer: F\u00e4rg: M\u00f6rkbrun-svart Material: Furutr\u00e4, j\u00e4rn, linnetyg Storlek: 25,5 x 12,7 x (48-63) cm (L x B x H) H\u00f6jd p\u00e5 bakre st\u00e5ng: 40\u201355 cm Vikt: 1,1 kg Leveransomfattning: 1 x smyckesst\u00e4ll 1 x bruksanvisning (DE, FR, EN, ES, IT) SONGMICS Anm\u00e4rkningar: Om du vill justera h\u00f6jden p\u00e5 den bakre st\u00e5ngen m\u00e5ste du f\u00f6rst lossa skruven p\u00e5 den vertikala st\u00e5ngen.<\/p>\n","protected":false},"excerpt":{"rendered":"<p>SONGMICS smyckesst\u00e4ll, 2-i-1 smyckesh\u00e5llare, 3 st\u00e4nger, med \u00f6ppningar f\u00f6r \u00f6rh\u00e4ngen, smyckeskrin, l\u00e5da, insats med ringlister, f\u00f6r kedjor, ringar, vintage, m\u00f6rkbrun-svart JJS14CB<\/p>\n","protected":false},"featured_media":40974,"comment_status":"open","ping_status":"closed","template":"","meta":[],"product_brand":[],"product_cat":[33],"product_tag":[],"class_list":{"0":"post-12767","1":"product","2":"type-product","3":"status-publish","4":"has-post-thumbnail","6":"product_cat-okategoriserad","8":"first","9":"instock","10":"shipping-taxable","11":"purchasable","12":"product-type-simple"},"_links":{"self":[{"href":"https:\/\/nordicmart.andreevmaster.com\/sv\/wp-json\/wp\/v2\/product\/12767","targetHints":{"allow":["GET"]}}],"collection":[{"href":"https:\/\/nordicmart.andreevmaster.com\/sv\/wp-json\/wp\/v2\/product"}],"about":[{"href":"https:\/\/nordicmart.andreevmaster.com\/sv\/wp-json\/wp\/v2\/types\/product"}],"replies":[{"embeddable":true,"href":"https:\/\/nordicmart.andreevmaster.com\/sv\/wp-json\/wp\/v2\/comments?post=12767"}],"wp:featuredmedia":[{"embeddable":true,"href":"https:\/\/nordicmart.andreevmaster.com\/sv\/wp-json\/wp\/v2\/media\/40974"}],"wp:attachment":[{"href":"https:\/\/nordicmart.andreevmaster.com\/sv\/wp-json\/wp\/v2\/media?parent=12767"}],"wp:term":[{"taxonomy":"product_brand","embeddable":true,"href":"https:\/\/nordicmart.andreevmaster.com\/sv\/wp-json\/wp\/v2\/product_brand?post=12767"},{"taxonomy":"product_cat","embeddable":true,"href":"https:\/\/nordicmart.andreevmaster.com\/sv\/wp-json\/wp\/v2\/product_cat?post=12767"},{"taxonomy":"product_tag","embeddable":true,"href":"https:\/\/nordicmart.andreevmaster.com\/sv\/wp-json\/wp\/v2\/product_tag?post=12767"}],"curies":[{"name":"wp","href":"https:\/\/api.w.org\/{rel}","templated":true}]}}