{"id":12766,"date":"2026-02-27T00:15:16","date_gmt":"2026-02-27T00:15:16","guid":{"rendered":"https:\/\/nordicmart.andreevmaster.com\/product\/songmics-hangande-smyckesorganiserare\/"},"modified":"2026-02-27T08:09:06","modified_gmt":"2026-02-27T08:09:06","slug":"songmics-hangande-smyckesorganiserare","status":"publish","type":"product","link":"https:\/\/nordicmart.andreevmaster.com\/sv\/produkt\/songmics-hangande-smyckesorganiserare\/","title":{"rendered":"SONGMICS H\u00e4ngande smyckesorganiserare"},"content":{"rendered":"<p>\u00c4lskar du smycken? D\u00e5 b\u00f6r du inte missa dessa v\u00e4gghyllor som f\u00f6renar funktionalitet och estetik! Varmt furu m\u00f6ter kallt metall \u2013 dessa m\u00f6rkbruna hyllor utstr\u00e5lar en sp\u00e4nnande vintage-charm. En hylla \u00e4r utrustad med en st\u00e5ng, de andra tv\u00e5 hyllorna har vardera 15 krokar. H\u00e4ng upp dina \u00f6rh\u00e4ngen, halsband, armband och klockor h\u00e4r \u2013 allt passar perfekt ihop och f\u00e5r din v\u00e4gg att str\u00e5la. V\u00e4lj bara accessoarer som passar din dagens outfit och ta en titt i spegeln \u2013 upp med hakan! Din outfit ser fantastisk ut idag! Produktdetaljer: F\u00e4rg: M\u00f6rkbrun\/vintage Material: Furutr\u00e4, j\u00e4rn Storlek per hylla: 40 x 1,3 x 7 cm (L x B x H) Vikt: 0,5 kg Max. statisk belastningskapacitet per hylla: 3 kg Leveransomfattning: 3 x v\u00e4gghylla 1 x instruktioner (DE, EN, FR, ES, IT) SONGMICS Anm\u00e4rkningar: Montera produkten p\u00e5 platser som \u00e4r otillg\u00e4ngliga f\u00f6r barn.<\/p>\n","protected":false},"excerpt":{"rendered":"<p>SONGMICS smyckesorganiserare, h\u00e4ngande, 3-pack, v\u00e4gghyllor, smyckesf\u00f6rvaring, st\u00e5ng f\u00f6r armband, 30 krokar f\u00f6r \u00f6rh\u00e4ngen och halsband, perfekt presentid\u00e9, vintage, m\u00f6rkbrun JJS11CB<\/p>\n","protected":false},"featured_media":40973,"comment_status":"open","ping_status":"closed","template":"","meta":[],"product_brand":[],"product_cat":[33],"product_tag":[],"class_list":{"0":"post-12766","1":"product","2":"type-product","3":"status-publish","4":"has-post-thumbnail","6":"product_cat-okategoriserad","8":"first","9":"instock","10":"shipping-taxable","11":"purchasable","12":"product-type-simple"},"_links":{"self":[{"href":"https:\/\/nordicmart.andreevmaster.com\/sv\/wp-json\/wp\/v2\/product\/12766","targetHints":{"allow":["GET"]}}],"collection":[{"href":"https:\/\/nordicmart.andreevmaster.com\/sv\/wp-json\/wp\/v2\/product"}],"about":[{"href":"https:\/\/nordicmart.andreevmaster.com\/sv\/wp-json\/wp\/v2\/types\/product"}],"replies":[{"embeddable":true,"href":"https:\/\/nordicmart.andreevmaster.com\/sv\/wp-json\/wp\/v2\/comments?post=12766"}],"wp:featuredmedia":[{"embeddable":true,"href":"https:\/\/nordicmart.andreevmaster.com\/sv\/wp-json\/wp\/v2\/media\/40973"}],"wp:attachment":[{"href":"https:\/\/nordicmart.andreevmaster.com\/sv\/wp-json\/wp\/v2\/media?parent=12766"}],"wp:term":[{"taxonomy":"product_brand","embeddable":true,"href":"https:\/\/nordicmart.andreevmaster.com\/sv\/wp-json\/wp\/v2\/product_brand?post=12766"},{"taxonomy":"product_cat","embeddable":true,"href":"https:\/\/nordicmart.andreevmaster.com\/sv\/wp-json\/wp\/v2\/product_cat?post=12766"},{"taxonomy":"product_tag","embeddable":true,"href":"https:\/\/nordicmart.andreevmaster.com\/sv\/wp-json\/wp\/v2\/product_tag?post=12766"}],"curies":[{"name":"wp","href":"https:\/\/api.w.org\/{rel}","templated":true}]}}