{"id":12765,"date":"2026-02-27T00:15:16","date_gmt":"2026-02-27T00:15:16","guid":{"rendered":"https:\/\/nordicmart.andreevmaster.com\/product\/songmics-vagghylla-for-smycken\/"},"modified":"2026-02-27T08:09:06","modified_gmt":"2026-02-27T08:09:06","slug":"songmics-vagghylla-for-smycken","status":"publish","type":"product","link":"https:\/\/nordicmart.andreevmaster.com\/sv\/produkt\/songmics-vagghylla-for-smycken\/","title":{"rendered":"SONGMICS V\u00e4gghylla f\u00f6r smycken"},"content":{"rendered":"<p>V\u00e4ggarna vill ocks\u00e5 bli vackrare: Denna smyckesorganiserare f\u00f6renar funktionalitet och estetik. F\u00e4rgkombinationen av m\u00f6rkbrunt och svart ger ditt hem n\u00e5got speciellt; den solida tr\u00e4konstruktionen och det robusta j\u00e4rnet ger ett stabilt f\u00e4ste f\u00f6r dina v\u00e4rdesaker. L\u00e5t fantasin fl\u00f6da och ge dina smycken (n\u00e4r de inte anv\u00e4nds) en ny uppgift: att dekorera tomma v\u00e4ggar tillsammans med denna hylla! Alla smycken samlas h\u00e4r: dina smycken vill tr\u00e4ffas och diskutera sin nya uppgift. Denna v\u00e4gghylla med en hylla, en j\u00e4rnst\u00e5ng, 16 krokar och 26 \u00f6ppningar erbjuder dem en perfekt m\u00f6tesplats. Halsband, armband, \u00f6rh\u00e4ngen, till och med nagellack och parfym deltar alla aktivt i diskussionen. Men de vet inte att de redan har utf\u00f6rt uppgiften. Dessa f\u00f6rem\u00e5l, liksom hyllan sj\u00e4lv, \u00e4r stilfulla dekorationselement som f\u00f6rsk\u00f6nar tomma v\u00e4ggar i ditt hem. Produktdetaljer: F\u00e4rg: M\u00f6rkbrun\/vintage Material: Furutr\u00e4, j\u00e4rn Storlek: 40 x 7,5 x 7,5 cm (L x B x H) Vikt: 1 kg Max. statisk belastningskapacitet: 5 kg Leveransomfattning: 1 x v\u00e4gghylla 1 x instruktioner (DE, EN, ES, FR, IT) SONGMICS Anm\u00e4rkningar: B\u00f6j inte j\u00e4rnst\u00e5ngen fram och tillbaka f\u00f6r att undvika att den g\u00e5r s\u00f6nder. Montera produkten endast p\u00e5 platser som \u00e4r otillg\u00e4ngliga f\u00f6r barn.<\/p>\n","protected":false},"excerpt":{"rendered":"<p>SONGMICS V\u00e4gghylla, smyckesorganiserare, smyckesf\u00f6rvaring, av tr\u00e4, v\u00e4gghylla, krokar f\u00f6r halsband, st\u00e5ng f\u00f6r armband, \u00f6ppningar f\u00f6r \u00f6rh\u00e4ngen, presentid\u00e9, vintage, m\u00f6rkbrun JJS10CB<\/p>\n","protected":false},"featured_media":40972,"comment_status":"open","ping_status":"closed","template":"","meta":[],"product_brand":[],"product_cat":[33],"product_tag":[],"class_list":{"0":"post-12765","1":"product","2":"type-product","3":"status-publish","4":"has-post-thumbnail","6":"product_cat-okategoriserad","8":"first","9":"instock","10":"shipping-taxable","11":"purchasable","12":"product-type-simple"},"_links":{"self":[{"href":"https:\/\/nordicmart.andreevmaster.com\/sv\/wp-json\/wp\/v2\/product\/12765","targetHints":{"allow":["GET"]}}],"collection":[{"href":"https:\/\/nordicmart.andreevmaster.com\/sv\/wp-json\/wp\/v2\/product"}],"about":[{"href":"https:\/\/nordicmart.andreevmaster.com\/sv\/wp-json\/wp\/v2\/types\/product"}],"replies":[{"embeddable":true,"href":"https:\/\/nordicmart.andreevmaster.com\/sv\/wp-json\/wp\/v2\/comments?post=12765"}],"wp:featuredmedia":[{"embeddable":true,"href":"https:\/\/nordicmart.andreevmaster.com\/sv\/wp-json\/wp\/v2\/media\/40972"}],"wp:attachment":[{"href":"https:\/\/nordicmart.andreevmaster.com\/sv\/wp-json\/wp\/v2\/media?parent=12765"}],"wp:term":[{"taxonomy":"product_brand","embeddable":true,"href":"https:\/\/nordicmart.andreevmaster.com\/sv\/wp-json\/wp\/v2\/product_brand?post=12765"},{"taxonomy":"product_cat","embeddable":true,"href":"https:\/\/nordicmart.andreevmaster.com\/sv\/wp-json\/wp\/v2\/product_cat?post=12765"},{"taxonomy":"product_tag","embeddable":true,"href":"https:\/\/nordicmart.andreevmaster.com\/sv\/wp-json\/wp\/v2\/product_tag?post=12765"}],"curies":[{"name":"wp","href":"https:\/\/api.w.org\/{rel}","templated":true}]}}