{"id":12763,"date":"2026-02-27T00:15:16","date_gmt":"2026-02-27T00:15:16","guid":{"rendered":"https:\/\/nordicmart.andreevmaster.com\/product\/songmics-smyckestall-i-metall\/"},"modified":"2026-02-27T08:09:06","modified_gmt":"2026-02-27T08:09:06","slug":"songmics-smyckestall-i-metall","status":"publish","type":"product","link":"https:\/\/nordicmart.andreevmaster.com\/sv\/produkt\/songmics-smyckestall-i-metall\/","title":{"rendered":"SONGMICS smyckest\u00e4ll i metall"},"content":{"rendered":"<p>Hitta enkelt tillbaka dina smycken Denna smyckesst\u00e4llning fr\u00e5n SONGMICS hj\u00e4lper dig att h\u00e4nga upp dina smycken p\u00e5 ett snyggt s\u00e4tt och samtidigt presentera dem med stil. Du slipper rota i r\u00f6riga l\u00e5dor bara f\u00f6r att hitta ett halsband. Praktisk och dekorativ Stativets 6 st\u00e4nger erbjuder tillr\u00e4ckligt med h\u00e4ngplatser f\u00f6r dina accessoarer. Kulorna i \u00e4ndarna f\u00f6rhindrar dessutom att dina halsband glider ner. Dessutom kan h\u00f6jden p\u00e5 detta smyckesst\u00e4ll justeras (mellan 28 och 45 cm) s\u00e5 att du kan h\u00e4nga upp halsband i olika l\u00e4ngder. Vad mer? De sv\u00e4ngda dekorationerna i den \u00f6vre delen ger ett elegant intryck i ditt rum. L\u00e4mplig f\u00f6r privat och kommersiellt bruk. Skaffa denna smyckesh\u00e5llare till ditt hem och h\u00e4ng upp dina \u00f6rh\u00e4ngen, halsband och armband p\u00e5 ett snyggt s\u00e4tt. Denna smyckesorganiserare passar ocks\u00e5 i butiker f\u00f6r att presentera smycken. Produktdetaljer:- F\u00e4rg: Svart &#8211; Material: Metall &#8211; Storlek: 20,7 x 14 x (28-45) cm (L x B x H) &#8211; Bas: \u00d8 12 cm &#8211; L\u00e4ngd p\u00e5 en st\u00e5ng: 14 cm (6 st\u00e4nger) &#8211; Avst\u00e5nd mellan st\u00e4ngerna: 4 cm &#8211; Vikt: 0,4 kg Leveransomfattning: &#8211; 1 x smyckesst\u00e4ll SONGICs tips:- H\u00e4ng upp dina smycken s\u00e5 att vikten f\u00f6rdelas j\u00e4mnt f\u00f6r att undvika att stativet v\u00e4lter.<\/p>\n","protected":false},"excerpt":{"rendered":"<p>SONGMICS smyckesst\u00e4ll, smyckesh\u00e5llare i metall, f\u00f6r halsband, armband och \u00f6rh\u00e4ngen, som present, vit JJS04WT<\/p>\n","protected":false},"featured_media":40970,"comment_status":"open","ping_status":"closed","template":"","meta":[],"product_brand":[],"product_cat":[33],"product_tag":[],"class_list":{"0":"post-12763","1":"product","2":"type-product","3":"status-publish","4":"has-post-thumbnail","6":"product_cat-okategoriserad","8":"first","9":"instock","10":"shipping-taxable","11":"purchasable","12":"product-type-simple"},"_links":{"self":[{"href":"https:\/\/nordicmart.andreevmaster.com\/sv\/wp-json\/wp\/v2\/product\/12763","targetHints":{"allow":["GET"]}}],"collection":[{"href":"https:\/\/nordicmart.andreevmaster.com\/sv\/wp-json\/wp\/v2\/product"}],"about":[{"href":"https:\/\/nordicmart.andreevmaster.com\/sv\/wp-json\/wp\/v2\/types\/product"}],"replies":[{"embeddable":true,"href":"https:\/\/nordicmart.andreevmaster.com\/sv\/wp-json\/wp\/v2\/comments?post=12763"}],"wp:featuredmedia":[{"embeddable":true,"href":"https:\/\/nordicmart.andreevmaster.com\/sv\/wp-json\/wp\/v2\/media\/40970"}],"wp:attachment":[{"href":"https:\/\/nordicmart.andreevmaster.com\/sv\/wp-json\/wp\/v2\/media?parent=12763"}],"wp:term":[{"taxonomy":"product_brand","embeddable":true,"href":"https:\/\/nordicmart.andreevmaster.com\/sv\/wp-json\/wp\/v2\/product_brand?post=12763"},{"taxonomy":"product_cat","embeddable":true,"href":"https:\/\/nordicmart.andreevmaster.com\/sv\/wp-json\/wp\/v2\/product_cat?post=12763"},{"taxonomy":"product_tag","embeddable":true,"href":"https:\/\/nordicmart.andreevmaster.com\/sv\/wp-json\/wp\/v2\/product_tag?post=12763"}],"curies":[{"name":"wp","href":"https:\/\/api.w.org\/{rel}","templated":true}]}}