{"id":12761,"date":"2026-02-27T00:15:15","date_gmt":"2026-02-27T00:15:15","guid":{"rendered":"https:\/\/nordicmart.andreevmaster.com\/product\/songmics-smyckesstall-svart\/"},"modified":"2026-02-27T08:09:05","modified_gmt":"2026-02-27T08:09:05","slug":"songmics-smyckesstall-svart","status":"publish","type":"product","link":"https:\/\/nordicmart.andreevmaster.com\/sv\/produkt\/songmics-smyckesstall-svart\/","title":{"rendered":"SONGMICS smyckesst\u00e4ll svart"},"content":{"rendered":"<p>Organisera dina smycken utan anstr\u00e4ngning: Nu beh\u00f6ver du inte l\u00e4ngre rota i r\u00f6riga l\u00e5dor eller kartonger efter dina smycken! Med denna SONGMICS smyckesst\u00e4llning kan du f\u00f6rvara dem v\u00e4l synliga, v\u00e4lorganiserade och l\u00e4ttillg\u00e4ngliga. Praktisk och dekorativ smyckesh\u00e5llare: 2 pinnar och 3 st\u00e4nger erbjuder gott om plats, och kulorna i \u00e4ndarna f\u00f6rhindrar att smyckena glider av. Kombinationen av svart och naturliga tr\u00e4f\u00e4rger skapar ett estetiskt smycke. Perfekt f\u00f6r privat och kommersiellt bruk: Denna smyckesst\u00e4llning kan f\u00f6rvara dina halsband, armband, \u00f6rh\u00e4ngen, \u00f6rh\u00e4ngen och ringar hemma. Den fungerar dock lika bra som en utst\u00e4llningsmonter i butiken eller salongen.Produktdetaljer: F\u00e4rg: Svart, brun\/vintage Material: J\u00e4rnram, massiv tr\u00e4bas Storlek: 20,5 x 18 x 36 cm (L x B x H) Vikt: 0,51 kg Leveransomfattning: 1 x smyckesst\u00e4ll SONGMICS Anm\u00e4rkningar: S\u00e4tt st\u00e4ngerna och t\u00e4tningen i r\u00e4tt position och dra sedan \u00e5t skruvarna. \u00d6verdriven kraft kan skada tr\u00e4underlaget. J\u00e4rnramen kan deformeras under transporten, men du kan justera den manuellt. Placera inte produkten p\u00e5 fuktiga platser f\u00f6r att undvika deformationer.<\/p>\n","protected":false},"excerpt":{"rendered":"<p>SONGMICS smyckesst\u00e4ll, smyckesh\u00e5llare, smyckesgran i metall och tr\u00e4, smyckesf\u00f6rvaring f\u00f6r halsband, armband, \u00f6rh\u00e4ngen, \u00f6rh\u00e4ngen, ringar, presentid\u00e9, svart JJS03CB<\/p>\n","protected":false},"featured_media":40968,"comment_status":"open","ping_status":"closed","template":"","meta":[],"product_brand":[],"product_cat":[33],"product_tag":[],"class_list":{"0":"post-12761","1":"product","2":"type-product","3":"status-publish","4":"has-post-thumbnail","6":"product_cat-okategoriserad","8":"first","9":"instock","10":"shipping-taxable","11":"purchasable","12":"product-type-simple"},"_links":{"self":[{"href":"https:\/\/nordicmart.andreevmaster.com\/sv\/wp-json\/wp\/v2\/product\/12761","targetHints":{"allow":["GET"]}}],"collection":[{"href":"https:\/\/nordicmart.andreevmaster.com\/sv\/wp-json\/wp\/v2\/product"}],"about":[{"href":"https:\/\/nordicmart.andreevmaster.com\/sv\/wp-json\/wp\/v2\/types\/product"}],"replies":[{"embeddable":true,"href":"https:\/\/nordicmart.andreevmaster.com\/sv\/wp-json\/wp\/v2\/comments?post=12761"}],"wp:featuredmedia":[{"embeddable":true,"href":"https:\/\/nordicmart.andreevmaster.com\/sv\/wp-json\/wp\/v2\/media\/40968"}],"wp:attachment":[{"href":"https:\/\/nordicmart.andreevmaster.com\/sv\/wp-json\/wp\/v2\/media?parent=12761"}],"wp:term":[{"taxonomy":"product_brand","embeddable":true,"href":"https:\/\/nordicmart.andreevmaster.com\/sv\/wp-json\/wp\/v2\/product_brand?post=12761"},{"taxonomy":"product_cat","embeddable":true,"href":"https:\/\/nordicmart.andreevmaster.com\/sv\/wp-json\/wp\/v2\/product_cat?post=12761"},{"taxonomy":"product_tag","embeddable":true,"href":"https:\/\/nordicmart.andreevmaster.com\/sv\/wp-json\/wp\/v2\/product_tag?post=12761"}],"curies":[{"name":"wp","href":"https:\/\/api.w.org\/{rel}","templated":true}]}}