{"id":12755,"date":"2026-02-27T00:15:14","date_gmt":"2026-02-27T00:15:14","guid":{"rendered":"https:\/\/nordicmart.andreevmaster.com\/product\/songmics-smyckesstall-med-4-hangstanger-i-metall-molnvit\/"},"modified":"2026-02-27T08:09:04","modified_gmt":"2026-02-27T08:09:04","slug":"songmics-smyckesstall-med-4-hangstanger-i-metall-molnvit","status":"publish","type":"product","link":"https:\/\/nordicmart.andreevmaster.com\/sv\/produkt\/songmics-smyckesstall-med-4-hangstanger-i-metall-molnvit\/","title":{"rendered":"SONGMICS smyckesst\u00e4ll med 4 h\u00e4ngst\u00e4nger i metall, molnvit"},"content":{"rendered":"<p>SONGMICS smyckesst\u00e4ll, smyckesh\u00e5llare, smyckesf\u00f6rvaring, metallram, 2 sm\u00e5 \u00f6rh\u00e4ngesorganiserare, 4 h\u00e4ngst\u00e4nger, kedjest\u00e4ll, f\u00f6r \u00f6rh\u00e4ngen, armband, ringar<br \/>\n&#8211; F\u00e4rg: Molnvit<br \/>\n&#8211; Material: st\u00e5l, MDF (medeldensitetsfiberplatta), sammet<br \/>\n&#8211; Storlek: 10,8 x 20,4 x 31,5 cm (D x B x H)<br \/>\n&#8211; Vikt: 0,4 kg<\/p>\n","protected":false},"excerpt":{"rendered":"<p>SONGMICS smyckesst\u00e4ll, smyckesh\u00e5llare, smyckesf\u00f6rvaring, metallram, 2 sm\u00e5 \u00f6rh\u00e4ngesorganiserare, 4 h\u00e4ngst\u00e4nger, kedjest\u00e4ll, f\u00f6r \u00f6rh\u00e4ngen, armband, ringar<\/p>\n","protected":false},"featured_media":40962,"comment_status":"open","ping_status":"closed","template":"","meta":[],"product_brand":[],"product_cat":[33],"product_tag":[],"class_list":{"0":"post-12755","1":"product","2":"type-product","3":"status-publish","4":"has-post-thumbnail","6":"product_cat-okategoriserad","8":"first","9":"instock","10":"shipping-taxable","11":"purchasable","12":"product-type-simple"},"_links":{"self":[{"href":"https:\/\/nordicmart.andreevmaster.com\/sv\/wp-json\/wp\/v2\/product\/12755","targetHints":{"allow":["GET"]}}],"collection":[{"href":"https:\/\/nordicmart.andreevmaster.com\/sv\/wp-json\/wp\/v2\/product"}],"about":[{"href":"https:\/\/nordicmart.andreevmaster.com\/sv\/wp-json\/wp\/v2\/types\/product"}],"replies":[{"embeddable":true,"href":"https:\/\/nordicmart.andreevmaster.com\/sv\/wp-json\/wp\/v2\/comments?post=12755"}],"wp:featuredmedia":[{"embeddable":true,"href":"https:\/\/nordicmart.andreevmaster.com\/sv\/wp-json\/wp\/v2\/media\/40962"}],"wp:attachment":[{"href":"https:\/\/nordicmart.andreevmaster.com\/sv\/wp-json\/wp\/v2\/media?parent=12755"}],"wp:term":[{"taxonomy":"product_brand","embeddable":true,"href":"https:\/\/nordicmart.andreevmaster.com\/sv\/wp-json\/wp\/v2\/product_brand?post=12755"},{"taxonomy":"product_cat","embeddable":true,"href":"https:\/\/nordicmart.andreevmaster.com\/sv\/wp-json\/wp\/v2\/product_cat?post=12755"},{"taxonomy":"product_tag","embeddable":true,"href":"https:\/\/nordicmart.andreevmaster.com\/sv\/wp-json\/wp\/v2\/product_tag?post=12755"}],"curies":[{"name":"wp","href":"https:\/\/api.w.org\/{rel}","templated":true}]}}