{"id":12747,"date":"2026-02-27T00:15:12","date_gmt":"2026-02-27T00:15:12","guid":{"rendered":"https:\/\/nordicmart.andreevmaster.com\/product\/songmics-smyckeshallare-med-metallram-presentide-guldfargad\/"},"modified":"2026-02-27T08:09:03","modified_gmt":"2026-02-27T08:09:03","slug":"songmics-smyckeshallare-med-metallram-presentide-guldfargad","status":"publish","type":"product","link":"https:\/\/nordicmart.andreevmaster.com\/sv\/produkt\/songmics-smyckeshallare-med-metallram-presentide-guldfargad\/","title":{"rendered":"SONGMICS smyckesh\u00e5llare med metallram, presentid\u00e9, guldf\u00e4rgad"},"content":{"rendered":"<p>SONGMICS smyckesst\u00e4ll, roterbar smyckesh\u00e5llare, 4 separata fack, metallram, smyckesf\u00f6rvaring f\u00f6r halsband, armband, \u00f6rh\u00e4ngen, \u00f6rh\u00e4ngen, ringar, presentid\u00e9<br \/>\nF\u00e4rg: Guldf\u00e4rgad<br \/>\nMaterial: metall, MDF (medeldensitetsfiberplatta)<br \/>\nStorlek: 20 x 20 x 33,4 cm (D x B x H)<br \/>\nVikt: 0,7 kg<\/p>\n","protected":false},"excerpt":{"rendered":"<p>SONGMICS smyckesst\u00e4ll, roterbar smyckesh\u00e5llare, 4 separata fack, metallram, smyckesf\u00f6rvaring f\u00f6r halsband, armband, \u00f6rh\u00e4ngen, \u00f6rh\u00e4ngen, ringar, presentid\u00e9<\/p>\n","protected":false},"featured_media":40954,"comment_status":"open","ping_status":"closed","template":"","meta":[],"product_brand":[],"product_cat":[33],"product_tag":[],"class_list":{"0":"post-12747","1":"product","2":"type-product","3":"status-publish","4":"has-post-thumbnail","6":"product_cat-okategoriserad","8":"first","9":"instock","10":"shipping-taxable","11":"purchasable","12":"product-type-simple"},"_links":{"self":[{"href":"https:\/\/nordicmart.andreevmaster.com\/sv\/wp-json\/wp\/v2\/product\/12747","targetHints":{"allow":["GET"]}}],"collection":[{"href":"https:\/\/nordicmart.andreevmaster.com\/sv\/wp-json\/wp\/v2\/product"}],"about":[{"href":"https:\/\/nordicmart.andreevmaster.com\/sv\/wp-json\/wp\/v2\/types\/product"}],"replies":[{"embeddable":true,"href":"https:\/\/nordicmart.andreevmaster.com\/sv\/wp-json\/wp\/v2\/comments?post=12747"}],"wp:featuredmedia":[{"embeddable":true,"href":"https:\/\/nordicmart.andreevmaster.com\/sv\/wp-json\/wp\/v2\/media\/40954"}],"wp:attachment":[{"href":"https:\/\/nordicmart.andreevmaster.com\/sv\/wp-json\/wp\/v2\/media?parent=12747"}],"wp:term":[{"taxonomy":"product_brand","embeddable":true,"href":"https:\/\/nordicmart.andreevmaster.com\/sv\/wp-json\/wp\/v2\/product_brand?post=12747"},{"taxonomy":"product_cat","embeddable":true,"href":"https:\/\/nordicmart.andreevmaster.com\/sv\/wp-json\/wp\/v2\/product_cat?post=12747"},{"taxonomy":"product_tag","embeddable":true,"href":"https:\/\/nordicmart.andreevmaster.com\/sv\/wp-json\/wp\/v2\/product_tag?post=12747"}],"curies":[{"name":"wp","href":"https:\/\/api.w.org\/{rel}","templated":true}]}}