{"id":12745,"date":"2026-02-27T00:15:12","date_gmt":"2026-02-27T00:15:12","guid":{"rendered":"https:\/\/nordicmart.andreevmaster.com\/product\/songmics-smyckestall-med-spegel-duvgra-guldfargad\/"},"modified":"2026-02-27T08:09:03","modified_gmt":"2026-02-27T08:09:03","slug":"songmics-smyckestall-med-spegel-duvgra-guldfargad","status":"publish","type":"product","link":"https:\/\/nordicmart.andreevmaster.com\/sv\/produkt\/songmics-smyckestall-med-spegel-duvgra-guldfargad\/","title":{"rendered":"SONGMICS smyckest\u00e4ll med spegel duvgr\u00e5-guldf\u00e4rgad"},"content":{"rendered":"<p>SONGMICS smyckesst\u00e4ll, smyckesh\u00e5llare, \u00f6rh\u00e4ngesh\u00e5llare i metall, smyckestablett med spegel, smyckesf\u00f6rvaring f\u00f6r halsband, armband, \u00f6rh\u00e4ngen, ringar, presentid\u00e9<br \/>\nF\u00e4rg: Duvgr\u00e5-guldf\u00e4rgad<br \/>\nMaterial: Metallst\u00e4nger, MDF-sockel, sammet<br \/>\nStorlek: 17 x 27 x 29 cm (D x B x H)<br \/>\nVikt: 0,8 kg<\/p>\n","protected":false},"excerpt":{"rendered":"<p>SONGMICS smyckesst\u00e4ll, smyckesh\u00e5llare, \u00f6rh\u00e4ngesh\u00e5llare i metall, smyckestablett med spegel, smyckesf\u00f6rvaring f\u00f6r halsband, armband, \u00f6rh\u00e4ngen, ringar, presentid\u00e9<\/p>\n","protected":false},"featured_media":40952,"comment_status":"open","ping_status":"closed","template":"","meta":[],"product_brand":[],"product_cat":[33],"product_tag":[],"class_list":{"0":"post-12745","1":"product","2":"type-product","3":"status-publish","4":"has-post-thumbnail","6":"product_cat-okategoriserad","8":"first","9":"instock","10":"shipping-taxable","11":"purchasable","12":"product-type-simple"},"_links":{"self":[{"href":"https:\/\/nordicmart.andreevmaster.com\/sv\/wp-json\/wp\/v2\/product\/12745","targetHints":{"allow":["GET"]}}],"collection":[{"href":"https:\/\/nordicmart.andreevmaster.com\/sv\/wp-json\/wp\/v2\/product"}],"about":[{"href":"https:\/\/nordicmart.andreevmaster.com\/sv\/wp-json\/wp\/v2\/types\/product"}],"replies":[{"embeddable":true,"href":"https:\/\/nordicmart.andreevmaster.com\/sv\/wp-json\/wp\/v2\/comments?post=12745"}],"wp:featuredmedia":[{"embeddable":true,"href":"https:\/\/nordicmart.andreevmaster.com\/sv\/wp-json\/wp\/v2\/media\/40952"}],"wp:attachment":[{"href":"https:\/\/nordicmart.andreevmaster.com\/sv\/wp-json\/wp\/v2\/media?parent=12745"}],"wp:term":[{"taxonomy":"product_brand","embeddable":true,"href":"https:\/\/nordicmart.andreevmaster.com\/sv\/wp-json\/wp\/v2\/product_brand?post=12745"},{"taxonomy":"product_cat","embeddable":true,"href":"https:\/\/nordicmart.andreevmaster.com\/sv\/wp-json\/wp\/v2\/product_cat?post=12745"},{"taxonomy":"product_tag","embeddable":true,"href":"https:\/\/nordicmart.andreevmaster.com\/sv\/wp-json\/wp\/v2\/product_tag?post=12745"}],"curies":[{"name":"wp","href":"https:\/\/api.w.org\/{rel}","templated":true}]}}