{"id":12743,"date":"2026-02-27T00:15:11","date_gmt":"2026-02-27T00:15:11","guid":{"rendered":"https:\/\/nordicmart.andreevmaster.com\/product\/songmics-smyckesstall-metallram-presentide-vit\/"},"modified":"2026-02-27T08:09:02","modified_gmt":"2026-02-27T08:09:02","slug":"songmics-smyckesstall-metallram-presentide-vit","status":"publish","type":"product","link":"https:\/\/nordicmart.andreevmaster.com\/sv\/produkt\/songmics-smyckesstall-metallram-presentide-vit\/","title":{"rendered":"SONGMICS smyckesst\u00e4ll metallram presentid\u00e9 vit"},"content":{"rendered":"<p>SONGMICS smyckesst\u00e4ll, smyckesh\u00e5llare, metallram, smyckestablett i sammet, smyckesf\u00f6rvaring f\u00f6r halsband, armband, \u00f6rh\u00e4ngen, \u00f6rh\u00e4ngen, ringar<br \/>\nF\u00e4rg: Vit<br \/>\nMaterial: metall, MDF (medeldensitetsfiberplatta), sammet<br \/>\nStorlek: 11,5 x 19,6 x 30,8 cm (D x B x H)<br \/>\nVikt: 0,7 kg<\/p>\n","protected":false},"excerpt":{"rendered":"<p>SONGMICS smyckesst\u00e4ll, smyckesh\u00e5llare, metallram, smyckestablett i sammet, smyckesf\u00f6rvaring f\u00f6r halsband, armband, \u00f6rh\u00e4ngen, \u00f6rh\u00e4ngen, ringar<\/p>\n","protected":false},"featured_media":40950,"comment_status":"open","ping_status":"closed","template":"","meta":[],"product_brand":[],"product_cat":[33],"product_tag":[],"class_list":{"0":"post-12743","1":"product","2":"type-product","3":"status-publish","4":"has-post-thumbnail","6":"product_cat-okategoriserad","8":"first","9":"instock","10":"shipping-taxable","11":"purchasable","12":"product-type-simple"},"_links":{"self":[{"href":"https:\/\/nordicmart.andreevmaster.com\/sv\/wp-json\/wp\/v2\/product\/12743","targetHints":{"allow":["GET"]}}],"collection":[{"href":"https:\/\/nordicmart.andreevmaster.com\/sv\/wp-json\/wp\/v2\/product"}],"about":[{"href":"https:\/\/nordicmart.andreevmaster.com\/sv\/wp-json\/wp\/v2\/types\/product"}],"replies":[{"embeddable":true,"href":"https:\/\/nordicmart.andreevmaster.com\/sv\/wp-json\/wp\/v2\/comments?post=12743"}],"wp:featuredmedia":[{"embeddable":true,"href":"https:\/\/nordicmart.andreevmaster.com\/sv\/wp-json\/wp\/v2\/media\/40950"}],"wp:attachment":[{"href":"https:\/\/nordicmart.andreevmaster.com\/sv\/wp-json\/wp\/v2\/media?parent=12743"}],"wp:term":[{"taxonomy":"product_brand","embeddable":true,"href":"https:\/\/nordicmart.andreevmaster.com\/sv\/wp-json\/wp\/v2\/product_brand?post=12743"},{"taxonomy":"product_cat","embeddable":true,"href":"https:\/\/nordicmart.andreevmaster.com\/sv\/wp-json\/wp\/v2\/product_cat?post=12743"},{"taxonomy":"product_tag","embeddable":true,"href":"https:\/\/nordicmart.andreevmaster.com\/sv\/wp-json\/wp\/v2\/product_tag?post=12743"}],"curies":[{"name":"wp","href":"https:\/\/api.w.org\/{rel}","templated":true}]}}