{"id":12735,"date":"2026-02-27T00:15:09","date_gmt":"2026-02-27T00:15:09","guid":{"rendered":"https:\/\/nordicmart.andreevmaster.com\/product\/songmics-3-i-1-smyckesstall-vit\/"},"modified":"2026-02-27T08:09:01","modified_gmt":"2026-02-27T08:09:01","slug":"songmics-3-i-1-smyckesstall-vit","status":"publish","type":"product","link":"https:\/\/nordicmart.andreevmaster.com\/sv\/produkt\/songmics-3-i-1-smyckesstall-vit\/","title":{"rendered":"SONGMICS 3-i-1 smyckesst\u00e4ll vit"},"content":{"rendered":"<p>Ett smyckest\u00e4ll, tre f\u00f6rdelar: 3 robusta st\u00e5lst\u00e4nger, varav en \u00e4r h\u00f6jdjusterbar f\u00f6r l\u00e4ngre halsband och kedjor. 24 h\u00e5l p\u00e5 de andra tv\u00e5 st\u00e4ngerna f\u00f6r \u00f6rh\u00e4ngen. 1 stativ i massivt tr\u00e4 fungerar som bricka f\u00f6r f\u00f6rvaring av sm\u00e5 skatter som broscher och h\u00e4ngen.Tre steg till ett glittrande liv: S\u00e4tt in de 3 st\u00e4ngerna i foten och st\u00e4ll smyckesst\u00e4llet p\u00e5 sminkbordet eller byr\u00e5n i sovrummet. H\u00e4ng upp dina favoritkedjor, armband, klockor, \u00f6rh\u00e4ngen och ringar som du v\u00e4rdes\u00e4tter.Beundra de glittrande juvelerna och diamanterna p\u00e5 denna smyckesh\u00e5llare. Produktdetaljer: F\u00e4rg: Tr\u00e4f\u00e4rgad-vit Material: Tr\u00e4, st\u00e5l Storlek: 15 x 15 x (43,5-60) cm (L x B x H) Vikt: 0,4 kg Leveransomfattning: 1 x smyckesh\u00e5llare 1 x tillbeh\u00f6rspaket 1 x instruktioner SONGMICS Anm\u00e4rkningar:Om du vill justera st\u00e5ngens h\u00f6jd m\u00e5ste du f\u00f6rst lossa skruven p\u00e5 den vertikala st\u00e5ngen.<\/p>\n","protected":false},"excerpt":{"rendered":"<p>SONGMICS smyckesst\u00e4ll, 3-i-1 smyckesh\u00e5llare, 3 T-formade st\u00e4nger, med h\u00e5l, bricka, f\u00f6r kedjor, ringar, \u00f6rh\u00e4ngen, tr\u00e4f\u00e4rgad-svart JJS018B01<\/p>\n","protected":false},"featured_media":40942,"comment_status":"open","ping_status":"closed","template":"","meta":[],"product_brand":[],"product_cat":[33],"product_tag":[],"class_list":{"0":"post-12735","1":"product","2":"type-product","3":"status-publish","4":"has-post-thumbnail","6":"product_cat-okategoriserad","8":"first","9":"instock","10":"shipping-taxable","11":"purchasable","12":"product-type-simple"},"_links":{"self":[{"href":"https:\/\/nordicmart.andreevmaster.com\/sv\/wp-json\/wp\/v2\/product\/12735","targetHints":{"allow":["GET"]}}],"collection":[{"href":"https:\/\/nordicmart.andreevmaster.com\/sv\/wp-json\/wp\/v2\/product"}],"about":[{"href":"https:\/\/nordicmart.andreevmaster.com\/sv\/wp-json\/wp\/v2\/types\/product"}],"replies":[{"embeddable":true,"href":"https:\/\/nordicmart.andreevmaster.com\/sv\/wp-json\/wp\/v2\/comments?post=12735"}],"wp:featuredmedia":[{"embeddable":true,"href":"https:\/\/nordicmart.andreevmaster.com\/sv\/wp-json\/wp\/v2\/media\/40942"}],"wp:attachment":[{"href":"https:\/\/nordicmart.andreevmaster.com\/sv\/wp-json\/wp\/v2\/media?parent=12735"}],"wp:term":[{"taxonomy":"product_brand","embeddable":true,"href":"https:\/\/nordicmart.andreevmaster.com\/sv\/wp-json\/wp\/v2\/product_brand?post=12735"},{"taxonomy":"product_cat","embeddable":true,"href":"https:\/\/nordicmart.andreevmaster.com\/sv\/wp-json\/wp\/v2\/product_cat?post=12735"},{"taxonomy":"product_tag","embeddable":true,"href":"https:\/\/nordicmart.andreevmaster.com\/sv\/wp-json\/wp\/v2\/product_tag?post=12735"}],"curies":[{"name":"wp","href":"https:\/\/api.w.org\/{rel}","templated":true}]}}