{"id":12727,"date":"2026-02-27T00:15:08","date_gmt":"2026-02-27T00:15:08","guid":{"rendered":"https:\/\/nordicmart.andreevmaster.com\/product\/songmics-hangande-smyckeskap-spegelskap-med-led-belysning-vaggskap-med-helfigursspegel\/"},"modified":"2026-02-27T08:08:59","modified_gmt":"2026-02-27T08:08:59","slug":"songmics-hangande-smyckeskap-spegelskap-med-led-belysning-vaggskap-med-helfigursspegel","status":"publish","type":"product","link":"https:\/\/nordicmart.andreevmaster.com\/sv\/produkt\/songmics-hangande-smyckeskap-spegelskap-med-led-belysning-vaggskap-med-helfigursspegel\/","title":{"rendered":"SONGMICS h\u00e4ngande smyckesk\u00e5p, spegelsk\u00e5p med LED-belysning, v\u00e4ggsk\u00e5p med helfigursspegel"},"content":{"rendered":"<p>Din nya r\u00f6da kl\u00e4nning sitter som gjuten. Ta p\u00e5 dig dina h\u00f6gklackade skor och beundra din outfit i den stora spegeln p\u00e5 detta uppseendev\u00e4ckande smyckesk\u00e5p, som kan h\u00e4ngas p\u00e5 din sovrumsd\u00f6rr eller f\u00e4stas p\u00e5 v\u00e4ggen. V\u00e4nta! Det saknas n\u00e5got! Passande \u00f6rh\u00e4ngen och ett glittrande halsband kompletterar din styling. Lyckligtvis beh\u00f6ver du inte leta l\u00e4nge efter r\u00e4tt smycken, eftersom de ligger prydligt uppradade bakom d\u00f6rren till spegelsk\u00e5pet. De medf\u00f6ljande d\u00f6rrkrokarna \u00e4r endast l\u00e4mpliga f\u00f6r vanliga d\u00f6rrar. F\u00f6r tyska d\u00f6rrar m\u00e5ste du k\u00f6pa l\u00e4mpliga d\u00f6rrkrokar separat.Smyckes\u00e4lskare kan f\u00f6rv\u00e4nta sig f\u00f6ljande f\u00f6rdelar:Bred spegel utan ram f\u00f6r en st\u00f6rre spegelytaKan h\u00e4ngas p\u00e5 d\u00f6rrkarmen eller monteras p\u00e5 v\u00e4ggen6 rader med vardera 15 h\u00e5llare och 8 platser f\u00f6r \u00f6rh\u00e4ngen (totalt 90 h\u00e5llare och 48 platser)7 rader med vardera 12 platser f\u00f6r ringar (totalt 84) 32 krokar f\u00f6r kedjor etc. 1 st\u00e5ng f\u00f6r scarves och halsdukar 5 hyllplan f\u00f6r parfym, nagellack etc. 2 l\u00e5dor LED-innerbelysning L\u00e5sbar Produktdetaljer: F\u00e4rg: Vit Material: MDF (medeldensitetsfiberplatta)Total storlek: 37 x 9,3 x 108 cm (L x B x H)Vikt: 9,1 kgLeveransomfattning:1 x h\u00e4ngande smyckesk\u00e5p1 x tillbeh\u00f6rspaket2 x vanliga d\u00f6rrkrokar1 x bruksanvisningSONGMICS Anm\u00e4rkningar:H\u00e5ll barn borta fr\u00e5n alla tillbeh\u00f6r och f\u00f6rpackningsdelar under montering av denna produkt. Om dessa sv\u00e4ljs eller andas in kan det leda till livsfarliga situationer.<\/p>\n","protected":false},"excerpt":{"rendered":"<p>SONGMICS smyckesk\u00e5p 37 x 9,3 x 108 cm h\u00e4ngande, spegelsk\u00e5p med LED-innerbelysning, v\u00e4ggsk\u00e5p med helkroppsspegel, v\u00e4ggmontering, h\u00e4ngande p\u00e5 d\u00f6rren, present, vit JJC99WT<\/p>\n","protected":false},"featured_media":40934,"comment_status":"open","ping_status":"closed","template":"","meta":[],"product_brand":[],"product_cat":[33],"product_tag":[],"class_list":{"0":"post-12727","1":"product","2":"type-product","3":"status-publish","4":"has-post-thumbnail","6":"product_cat-okategoriserad","8":"first","9":"instock","10":"shipping-taxable","11":"purchasable","12":"product-type-simple"},"_links":{"self":[{"href":"https:\/\/nordicmart.andreevmaster.com\/sv\/wp-json\/wp\/v2\/product\/12727","targetHints":{"allow":["GET"]}}],"collection":[{"href":"https:\/\/nordicmart.andreevmaster.com\/sv\/wp-json\/wp\/v2\/product"}],"about":[{"href":"https:\/\/nordicmart.andreevmaster.com\/sv\/wp-json\/wp\/v2\/types\/product"}],"replies":[{"embeddable":true,"href":"https:\/\/nordicmart.andreevmaster.com\/sv\/wp-json\/wp\/v2\/comments?post=12727"}],"wp:featuredmedia":[{"embeddable":true,"href":"https:\/\/nordicmart.andreevmaster.com\/sv\/wp-json\/wp\/v2\/media\/40934"}],"wp:attachment":[{"href":"https:\/\/nordicmart.andreevmaster.com\/sv\/wp-json\/wp\/v2\/media?parent=12727"}],"wp:term":[{"taxonomy":"product_brand","embeddable":true,"href":"https:\/\/nordicmart.andreevmaster.com\/sv\/wp-json\/wp\/v2\/product_brand?post=12727"},{"taxonomy":"product_cat","embeddable":true,"href":"https:\/\/nordicmart.andreevmaster.com\/sv\/wp-json\/wp\/v2\/product_cat?post=12727"},{"taxonomy":"product_tag","embeddable":true,"href":"https:\/\/nordicmart.andreevmaster.com\/sv\/wp-json\/wp\/v2\/product_tag?post=12727"}],"curies":[{"name":"wp","href":"https:\/\/api.w.org\/{rel}","templated":true}]}}