{"id":12723,"date":"2026-02-27T00:15:07","date_gmt":"2026-02-27T00:15:07","guid":{"rendered":"https:\/\/nordicmart.andreevmaster.com\/product\/songmics-smyckeskap-spegelskap-staende-spegel\/"},"modified":"2026-02-27T08:08:59","modified_gmt":"2026-02-27T08:08:59","slug":"songmics-smyckeskap-spegelskap-staende-spegel","status":"publish","type":"product","link":"https:\/\/nordicmart.andreevmaster.com\/sv\/produkt\/songmics-smyckeskap-spegelskap-staende-spegel\/","title":{"rendered":"SONGMICS smyckesk\u00e5p, spegelsk\u00e5p, st\u00e5ende spegel"},"content":{"rendered":"<p>SONGMICS spegelsk\u00e5p Armoire St\u00e5ende helkroppsspegel L\u00e5sbar smyckesorganiserare Presentid\u00e9 Vit yta och beige foder JJC069W02<br \/>\nSpecifikationer:<br \/>\n&#8211; Totala m\u00e5tt: 36,5 x 41 x 151,5 cm (D x B x H)<br \/>\n&#8211; Sk\u00e5pets m\u00e5tt: 9,5 x 37,2 x 108,3 cm (D x B x H)<br \/>\n&#8211; Vikt: 11,3 kg<br \/>\n&#8211; Material: MDF (medeldensitetsfiberplatta), glas, sammet<br \/>\n&#8211; F\u00e4rg: Vit yta, beige innerfoder<\/p>\n","protected":false},"excerpt":{"rendered":"<p>SONGMICS spegelsk\u00e5p Armoire St\u00e5ende helkroppsspegel L\u00e5sbar smyckesorganiserare Presentid\u00e9 Vit yta och beige foder JJC069W02<\/p>\n","protected":false},"featured_media":40931,"comment_status":"open","ping_status":"closed","template":"","meta":[],"product_brand":[],"product_cat":[33],"product_tag":[],"class_list":{"0":"post-12723","1":"product","2":"type-product","3":"status-publish","4":"has-post-thumbnail","6":"product_cat-okategoriserad","8":"first","9":"instock","10":"shipping-taxable","11":"purchasable","12":"product-type-simple"},"_links":{"self":[{"href":"https:\/\/nordicmart.andreevmaster.com\/sv\/wp-json\/wp\/v2\/product\/12723","targetHints":{"allow":["GET"]}}],"collection":[{"href":"https:\/\/nordicmart.andreevmaster.com\/sv\/wp-json\/wp\/v2\/product"}],"about":[{"href":"https:\/\/nordicmart.andreevmaster.com\/sv\/wp-json\/wp\/v2\/types\/product"}],"replies":[{"embeddable":true,"href":"https:\/\/nordicmart.andreevmaster.com\/sv\/wp-json\/wp\/v2\/comments?post=12723"}],"wp:featuredmedia":[{"embeddable":true,"href":"https:\/\/nordicmart.andreevmaster.com\/sv\/wp-json\/wp\/v2\/media\/40931"}],"wp:attachment":[{"href":"https:\/\/nordicmart.andreevmaster.com\/sv\/wp-json\/wp\/v2\/media?parent=12723"}],"wp:term":[{"taxonomy":"product_brand","embeddable":true,"href":"https:\/\/nordicmart.andreevmaster.com\/sv\/wp-json\/wp\/v2\/product_brand?post=12723"},{"taxonomy":"product_cat","embeddable":true,"href":"https:\/\/nordicmart.andreevmaster.com\/sv\/wp-json\/wp\/v2\/product_cat?post=12723"},{"taxonomy":"product_tag","embeddable":true,"href":"https:\/\/nordicmart.andreevmaster.com\/sv\/wp-json\/wp\/v2\/product_tag?post=12723"}],"curies":[{"name":"wp","href":"https:\/\/api.w.org\/{rel}","templated":true}]}}