{"id":12722,"date":"2026-02-27T00:15:06","date_gmt":"2026-02-27T00:15:06","guid":{"rendered":"https:\/\/nordicmart.andreevmaster.com\/product\/songmics-smyckeskap-med-spegel-360-vridbart-spegelskap-lasbart\/"},"modified":"2026-02-27T08:08:59","modified_gmt":"2026-02-27T08:08:59","slug":"songmics-smyckeskap-med-spegel-360-vridbart-spegelskap-lasbart","status":"publish","type":"product","link":"https:\/\/nordicmart.andreevmaster.com\/sv\/produkt\/songmics-smyckeskap-med-spegel-360-vridbart-spegelskap-lasbart\/","title":{"rendered":"SONGMICS smyckesk\u00e5p med spegel, 360\u00b0 vridbart spegelsk\u00e5p, l\u00e5sbart"},"content":{"rendered":"<p>F\u00f6r smyckes\u00e4lskare Detta rymliga smyckesk\u00e5p \u00e4r tillverkat f\u00f6r smyckes\u00e4lskare. Med en storlek p\u00e5 37 x 9,5 x 155 cm \u00e4r det 35 cm h\u00f6gre \u00e4n de flesta smyckesk\u00e5p och erbjuder gott om plats f\u00f6r \u00f6ver 200 smycken. Inte bara f\u00f6r smycken P\u00e5 5 hyllor i sk\u00e5pet kan du f\u00f6rvara parfymer, hudv\u00e5rdsprodukter, smink och nagellack. P\u00e5 de tv\u00e5 hyllorna och underlaget p\u00e5 baksidan kan du f\u00f6rvara din handv\u00e4ska, vikta kl\u00e4der, b\u00f6cker och v\u00e4xter. Praktisk spegel p\u00e5 insidan Med en spegel p\u00e5 insidan kan du fixa din sminkning utan att beh\u00f6va g\u00e5 till toalettbordet eller st\u00e4nga d\u00f6rren till smyckesk\u00e5pet. S\u00e4ker och stabil Detta smyckesk\u00e5p \u00e4r tillverkat av robust tr\u00e4material och \u00e4r l\u00e5sbart. Sk\u00e5pd\u00f6rren st\u00e4ngs t\u00e4tt tack vare magneter. Produktdetaljer: &#8211; F\u00e4rg: Vintagebrun &#8211; Material: MDF (medeldensitetsfiberplatta), glasspegel, sammetskl\u00e4dsel &#8211; Total storlek: 54 x 54 x 161 cm (L x B x H) &#8211; Sk\u00e5pets storlek: 37 x 9,5 x 155 cm (L x B x H) &#8211; Storlek p\u00e5 yttre spegel: 26 x 144 cm (L x H) &#8211; Storlek p\u00e5 inner spegel: 34,5 x 23 cm (L x H) &#8211; Vikt: 21,4 kg Leveransomfattning: &#8211; 1 x smyckesk\u00e5p &#8211; 1 x tillbeh\u00f6rspaket &#8211; 1 x bruksanvisning (DE, EN, FR, ES, IT) SONGMICS Anm\u00e4rkningar:- Uts\u00e4tt inte produkten f\u00f6r starkt solljus under l\u00e4ngre tid. &#8211; Placera produkten p\u00e5 en torr plats. &#8211; Av s\u00e4kerhetssk\u00e4l \u00e4r det f\u00f6rbjudet f\u00f6r barn att kl\u00e4ttra p\u00e5 eller leka med produkten.<\/p>\n","protected":false},"excerpt":{"rendered":"<p>SONGMICS smyckesk\u00e5p, 360\u00b0 vridbart, helfigursspegel, l\u00e5sbar smyckesorganiserare, med liten spegel, f\u00f6rvaringsfack p\u00e5 baksidan, vintagebrunt JJC062K01<\/p>\n","protected":false},"featured_media":40930,"comment_status":"open","ping_status":"closed","template":"","meta":[],"product_brand":[],"product_cat":[33],"product_tag":[],"class_list":{"0":"post-12722","1":"product","2":"type-product","3":"status-publish","4":"has-post-thumbnail","6":"product_cat-okategoriserad","8":"first","9":"instock","10":"shipping-taxable","11":"purchasable","12":"product-type-simple"},"_links":{"self":[{"href":"https:\/\/nordicmart.andreevmaster.com\/sv\/wp-json\/wp\/v2\/product\/12722","targetHints":{"allow":["GET"]}}],"collection":[{"href":"https:\/\/nordicmart.andreevmaster.com\/sv\/wp-json\/wp\/v2\/product"}],"about":[{"href":"https:\/\/nordicmart.andreevmaster.com\/sv\/wp-json\/wp\/v2\/types\/product"}],"replies":[{"embeddable":true,"href":"https:\/\/nordicmart.andreevmaster.com\/sv\/wp-json\/wp\/v2\/comments?post=12722"}],"wp:featuredmedia":[{"embeddable":true,"href":"https:\/\/nordicmart.andreevmaster.com\/sv\/wp-json\/wp\/v2\/media\/40930"}],"wp:attachment":[{"href":"https:\/\/nordicmart.andreevmaster.com\/sv\/wp-json\/wp\/v2\/media?parent=12722"}],"wp:term":[{"taxonomy":"product_brand","embeddable":true,"href":"https:\/\/nordicmart.andreevmaster.com\/sv\/wp-json\/wp\/v2\/product_brand?post=12722"},{"taxonomy":"product_cat","embeddable":true,"href":"https:\/\/nordicmart.andreevmaster.com\/sv\/wp-json\/wp\/v2\/product_cat?post=12722"},{"taxonomy":"product_tag","embeddable":true,"href":"https:\/\/nordicmart.andreevmaster.com\/sv\/wp-json\/wp\/v2\/product_tag?post=12722"}],"curies":[{"name":"wp","href":"https:\/\/api.w.org\/{rel}","templated":true}]}}