{"id":12716,"date":"2026-02-27T00:15:05","date_gmt":"2026-02-27T00:15:05","guid":{"rendered":"https:\/\/nordicmart.andreevmaster.com\/product\/songmics-smyckeskap-spegelskap-med-ramlos-helkroppsspegel\/"},"modified":"2026-02-27T08:08:58","modified_gmt":"2026-02-27T08:08:58","slug":"songmics-smyckeskap-spegelskap-med-ramlos-helkroppsspegel","status":"publish","type":"product","link":"https:\/\/nordicmart.andreevmaster.com\/sv\/produkt\/songmics-smyckeskap-spegelskap-med-ramlos-helkroppsspegel\/","title":{"rendered":"SONGMICS smyckesk\u00e5p, spegelsk\u00e5p, med raml\u00f6s helkroppsspegel"},"content":{"rendered":"<p>Smyckesk\u00e5p, spegelsk\u00e5p, med raml\u00f6s helkroppsspegel, 360\u00b0 vridbar, l\u00e5sbar, yta i vitt, innerfoder i svart<br \/>\nSpecifikationer:<\/p>\n<p>&#8211; Totala m\u00e5tt: 54,5 x 54,5 x 162 cm (D x B x H)<br \/>\n&#8211; Sk\u00e5pets m\u00e5tt: 9,4 x 37 x 155 cm (D x B x H)<br \/>\n&#8211; M\u00e5tt p\u00e5 inner spegel: 34,5 x 24 cm (B x H)<br \/>\n&#8211; Vikt: 22,8 kg<br \/>\n&#8211; Material: MDF (medeldensitetsfiberplatta), st\u00e5l, sammet, glas<br \/>\n&#8211; F\u00e4rg: yta i askbrunt, innerfoder i svart<\/p>\n","protected":false},"excerpt":{"rendered":"<p>Smyckesk\u00e5p, spegelsk\u00e5p, med raml\u00f6s helkroppsspegel, 360\u00b0 vridbar, l\u00e5sbar, yta i vitt, innerfoder i svart<\/p>\n","protected":false},"featured_media":40925,"comment_status":"open","ping_status":"closed","template":"","meta":[],"product_brand":[],"product_cat":[33],"product_tag":[],"class_list":{"0":"post-12716","1":"product","2":"type-product","3":"status-publish","4":"has-post-thumbnail","6":"product_cat-okategoriserad","8":"first","9":"instock","10":"shipping-taxable","11":"purchasable","12":"product-type-simple"},"_links":{"self":[{"href":"https:\/\/nordicmart.andreevmaster.com\/sv\/wp-json\/wp\/v2\/product\/12716","targetHints":{"allow":["GET"]}}],"collection":[{"href":"https:\/\/nordicmart.andreevmaster.com\/sv\/wp-json\/wp\/v2\/product"}],"about":[{"href":"https:\/\/nordicmart.andreevmaster.com\/sv\/wp-json\/wp\/v2\/types\/product"}],"replies":[{"embeddable":true,"href":"https:\/\/nordicmart.andreevmaster.com\/sv\/wp-json\/wp\/v2\/comments?post=12716"}],"wp:featuredmedia":[{"embeddable":true,"href":"https:\/\/nordicmart.andreevmaster.com\/sv\/wp-json\/wp\/v2\/media\/40925"}],"wp:attachment":[{"href":"https:\/\/nordicmart.andreevmaster.com\/sv\/wp-json\/wp\/v2\/media?parent=12716"}],"wp:term":[{"taxonomy":"product_brand","embeddable":true,"href":"https:\/\/nordicmart.andreevmaster.com\/sv\/wp-json\/wp\/v2\/product_brand?post=12716"},{"taxonomy":"product_cat","embeddable":true,"href":"https:\/\/nordicmart.andreevmaster.com\/sv\/wp-json\/wp\/v2\/product_cat?post=12716"},{"taxonomy":"product_tag","embeddable":true,"href":"https:\/\/nordicmart.andreevmaster.com\/sv\/wp-json\/wp\/v2\/product_tag?post=12716"}],"curies":[{"name":"wp","href":"https:\/\/api.w.org\/{rel}","templated":true}]}}