{"id":12712,"date":"2026-02-27T00:15:04","date_gmt":"2026-02-27T00:15:04","guid":{"rendered":"https:\/\/nordicmart.andreevmaster.com\/product\/songmics-smyckeskap-staende\/"},"modified":"2026-02-27T08:08:57","modified_gmt":"2026-02-27T08:08:57","slug":"songmics-smyckeskap-staende","status":"publish","type":"product","link":"https:\/\/nordicmart.andreevmaster.com\/sv\/produkt\/songmics-smyckeskap-staende\/","title":{"rendered":"SONGMICS smyckesk\u00e5p, st\u00e5ende"},"content":{"rendered":"<p>Fler funktioner, fler k\u00e4nslor De m\u00e5nga f\u00f6rvaringsm\u00f6jligheterna i detta sk\u00e5p ger dig en stor \u00d6VERRASKNING. Tack vare gallerhyllan beh\u00f6ver du inte l\u00e4gga dina v\u00e4skor p\u00e5 golvet, vilket kommer att g\u00f6ra dig GLAD. BEVUNDRA din outfit fr\u00e5n topp till t\u00e5 i helfigursspegeln. Alla dina v\u00e4nner kommer att bli AVUNDSJUKA p\u00e5 dig, f\u00f6r de vill ocks\u00e5 ha den h\u00e4r spegeln! Vi ber\u00e4ttar allt om f\u00f6rdelarna med detta sk\u00e5p: &#8211; Tiltbart smyckessk\u00e5p med stor, raml\u00f6s spegel &#8211; 108 platser f\u00f6r \u00f6rh\u00e4ngen &#8211; 36 \u00f6ppningar f\u00f6r \u00f6rh\u00e4ngen &#8211; 78 platser f\u00f6r ringar &#8211; 36 krokar f\u00f6r halsband &#8211; En st\u00e5ng f\u00f6r armband &#8211; En flexibel organizer med 3 fack f\u00f6r borstar &#8211; En flexibel organizer med flera fack f\u00f6r l\u00e4ppstift &#8211; 4 hyllplan f\u00f6r dina sk\u00f6nhetsprodukter &#8211; Ett hyllplan i nedre delen f\u00f6r andra f\u00f6rem\u00e5l &#8211; Ett l\u00e5s och 2 nycklar f\u00f6r \u00f6kad s\u00e4kerhet &#8211; En gallerhylla f\u00f6r dina v\u00e4skor Produktdetaljer:- F\u00e4rg: Vintagebrun-svart &#8211; Material: MDF (medeldensitetsfiberplatta), st\u00e5l &#8211; Storlek: 41 x 36 x 153 cm (L x B x H) &#8211; Vikt: 13,7 kg Leveransomfattning:- 1 x smyckesk\u00e5p &#8211; 1 x tippskydd &#8211; 1 x tillbeh\u00f6rspaket &#8211; 1 x bruksanvisning (DE, EN, FR, ES, IT) SONGMICS Anm\u00e4rkningar: &#8211; Av s\u00e4kerhetssk\u00e4l \u00e4r det f\u00f6rbjudet f\u00f6r barn att kl\u00e4ttra p\u00e5 eller leka med produkten. &#8211; F\u00e4st denna produkt p\u00e5 v\u00e4ggen med det medf\u00f6ljande tippskyddet f\u00f6r att garantera s\u00e4ker anv\u00e4ndning.<\/p>\n","protected":false},"excerpt":{"rendered":"<p>SONGMICS smyckesk\u00e5p, spegelsk\u00e5p, 3-i-1, f\u00f6rvaring av smink, med spegel, gallerhylla, l\u00e5s och metallstativ, l\u00e5sbar, industriell stil, vintagebrun-svart JJC97BC<\/p>\n","protected":false},"featured_media":40921,"comment_status":"open","ping_status":"closed","template":"","meta":[],"product_brand":[],"product_cat":[33],"product_tag":[],"class_list":{"0":"post-12712","1":"product","2":"type-product","3":"status-publish","4":"has-post-thumbnail","6":"product_cat-okategoriserad","8":"first","9":"instock","10":"shipping-taxable","11":"purchasable","12":"product-type-simple"},"_links":{"self":[{"href":"https:\/\/nordicmart.andreevmaster.com\/sv\/wp-json\/wp\/v2\/product\/12712","targetHints":{"allow":["GET"]}}],"collection":[{"href":"https:\/\/nordicmart.andreevmaster.com\/sv\/wp-json\/wp\/v2\/product"}],"about":[{"href":"https:\/\/nordicmart.andreevmaster.com\/sv\/wp-json\/wp\/v2\/types\/product"}],"replies":[{"embeddable":true,"href":"https:\/\/nordicmart.andreevmaster.com\/sv\/wp-json\/wp\/v2\/comments?post=12712"}],"wp:featuredmedia":[{"embeddable":true,"href":"https:\/\/nordicmart.andreevmaster.com\/sv\/wp-json\/wp\/v2\/media\/40921"}],"wp:attachment":[{"href":"https:\/\/nordicmart.andreevmaster.com\/sv\/wp-json\/wp\/v2\/media?parent=12712"}],"wp:term":[{"taxonomy":"product_brand","embeddable":true,"href":"https:\/\/nordicmart.andreevmaster.com\/sv\/wp-json\/wp\/v2\/product_brand?post=12712"},{"taxonomy":"product_cat","embeddable":true,"href":"https:\/\/nordicmart.andreevmaster.com\/sv\/wp-json\/wp\/v2\/product_cat?post=12712"},{"taxonomy":"product_tag","embeddable":true,"href":"https:\/\/nordicmart.andreevmaster.com\/sv\/wp-json\/wp\/v2\/product_tag?post=12712"}],"curies":[{"name":"wp","href":"https:\/\/api.w.org\/{rel}","templated":true}]}}