{"id":12711,"date":"2026-02-27T00:15:04","date_gmt":"2026-02-27T00:15:04","guid":{"rendered":"https:\/\/nordicmart.andreevmaster.com\/product\/songmics-smyckeskap-med-innerbelysning\/"},"modified":"2026-02-27T08:08:57","modified_gmt":"2026-02-27T08:08:57","slug":"songmics-smyckeskap-med-innerbelysning","status":"publish","type":"product","link":"https:\/\/nordicmart.andreevmaster.com\/sv\/produkt\/songmics-smyckeskap-med-innerbelysning\/","title":{"rendered":"SONGMICS smyckesk\u00e5p med innerbelysning"},"content":{"rendered":"<p>Produktdetaljer:  &#8211; F\u00e4rg: Gr\u00e5 &#8211; Material: MDF (medeldensitetsfiberplatta), sammet, glas &#8211; Storlek: 37 x 10 x 120 cm (L x B x H) &#8211; M\u00e5tt spegel: 110 x 27,3 cm (L x B) &#8211; Vikt: 9,96 kg  Leveransomfattning: &#8211; 1 x smyckesk\u00e5p &#8211; 2 x krokar &#8211; 1 x beh\u00e5llare med tillbeh\u00f6r &#8211; 1 x bruksanvisning (DE, EN, FR, ES, IT)  SONGMICS Anm\u00e4rkningar: &#8211; Ta bort batterierna om LED-belysningen inte anv\u00e4nds under en l\u00e4ngre tid. &#8211; Placera inte denna produkt i en fuktig milj\u00f6 f\u00f6r att undvika deformationer.<\/p>\n","protected":false},"excerpt":{"rendered":"<p>SONGMICS smyckesk\u00e5p med 6 LED-lampor, spegelsk\u00e5p, l\u00e5sbart v\u00e4ggsk\u00e5p, f\u00f6rvaring f\u00f6r smycken, med spegel och 2 l\u00e5dor, v\u00e4ggmontering, gr\u00e5 JJC93GY<\/p>\n","protected":false},"featured_media":40920,"comment_status":"open","ping_status":"closed","template":"","meta":[],"product_brand":[],"product_cat":[33],"product_tag":[],"class_list":{"0":"post-12711","1":"product","2":"type-product","3":"status-publish","4":"has-post-thumbnail","6":"product_cat-okategoriserad","8":"first","9":"instock","10":"shipping-taxable","11":"purchasable","12":"product-type-simple"},"_links":{"self":[{"href":"https:\/\/nordicmart.andreevmaster.com\/sv\/wp-json\/wp\/v2\/product\/12711","targetHints":{"allow":["GET"]}}],"collection":[{"href":"https:\/\/nordicmart.andreevmaster.com\/sv\/wp-json\/wp\/v2\/product"}],"about":[{"href":"https:\/\/nordicmart.andreevmaster.com\/sv\/wp-json\/wp\/v2\/types\/product"}],"replies":[{"embeddable":true,"href":"https:\/\/nordicmart.andreevmaster.com\/sv\/wp-json\/wp\/v2\/comments?post=12711"}],"wp:featuredmedia":[{"embeddable":true,"href":"https:\/\/nordicmart.andreevmaster.com\/sv\/wp-json\/wp\/v2\/media\/40920"}],"wp:attachment":[{"href":"https:\/\/nordicmart.andreevmaster.com\/sv\/wp-json\/wp\/v2\/media?parent=12711"}],"wp:term":[{"taxonomy":"product_brand","embeddable":true,"href":"https:\/\/nordicmart.andreevmaster.com\/sv\/wp-json\/wp\/v2\/product_brand?post=12711"},{"taxonomy":"product_cat","embeddable":true,"href":"https:\/\/nordicmart.andreevmaster.com\/sv\/wp-json\/wp\/v2\/product_cat?post=12711"},{"taxonomy":"product_tag","embeddable":true,"href":"https:\/\/nordicmart.andreevmaster.com\/sv\/wp-json\/wp\/v2\/product_tag?post=12711"}],"curies":[{"name":"wp","href":"https:\/\/api.w.org\/{rel}","templated":true}]}}