{"id":12709,"date":"2026-02-27T00:15:04","date_gmt":"2026-02-27T00:15:04","guid":{"rendered":"https:\/\/nordicmart.andreevmaster.com\/product\/songmics-dorrkrok-for-smyckeskap-silver\/"},"modified":"2026-02-27T08:08:57","modified_gmt":"2026-02-27T08:08:57","slug":"songmics-dorrkrok-for-smyckeskap-silver","status":"publish","type":"product","link":"https:\/\/nordicmart.andreevmaster.com\/sv\/produkt\/songmics-dorrkrok-for-smyckeskap-silver\/","title":{"rendered":"SONGMICS d\u00f6rrkrok f\u00f6r smyckesk\u00e5p silver"},"content":{"rendered":"<p>H\u00e4ng ditt smyckesk\u00e5p p\u00e5 d\u00f6rren med dessa krokar och spara mer utrymme f\u00f6r ett mer ordnat liv. Produktdetaljer: &#8211; F\u00e4rg: silver &#8211; Material: st\u00e5l &#8211; Storlek: 1,2 x 2,2 x 32 cm (L x B x H) &#8211; Vikt per krok: 67,5 g Leveransomfattning: &#8211; 2 x krokar &#8211; 6 x dynor av EVA-skumplast SONGMICS Anvisningar: &#8211; Klistra f\u00f6rst fast dynorna p\u00e5 krokarna f\u00f6r att undvika repor p\u00e5 d\u00f6rren. H\u00e4ng sedan upp krokarna.<\/p>\n","protected":false},"excerpt":{"rendered":"<p>SONGMICS SONGCMICS d\u00f6rrkrok, f\u00f6r smyckesk\u00e5p, 2-pack, av st\u00e5l, passar tyska d\u00f6rrar, 1,2 x 2,2 x 32 cm (L x B x H), silverf\u00e4rgad JJC901E01<\/p>\n","protected":false},"featured_media":40918,"comment_status":"open","ping_status":"closed","template":"","meta":[],"product_brand":[],"product_cat":[33],"product_tag":[],"class_list":{"0":"post-12709","1":"product","2":"type-product","3":"status-publish","4":"has-post-thumbnail","6":"product_cat-okategoriserad","8":"first","9":"instock","10":"shipping-taxable","11":"purchasable","12":"product-type-simple"},"_links":{"self":[{"href":"https:\/\/nordicmart.andreevmaster.com\/sv\/wp-json\/wp\/v2\/product\/12709","targetHints":{"allow":["GET"]}}],"collection":[{"href":"https:\/\/nordicmart.andreevmaster.com\/sv\/wp-json\/wp\/v2\/product"}],"about":[{"href":"https:\/\/nordicmart.andreevmaster.com\/sv\/wp-json\/wp\/v2\/types\/product"}],"replies":[{"embeddable":true,"href":"https:\/\/nordicmart.andreevmaster.com\/sv\/wp-json\/wp\/v2\/comments?post=12709"}],"wp:featuredmedia":[{"embeddable":true,"href":"https:\/\/nordicmart.andreevmaster.com\/sv\/wp-json\/wp\/v2\/media\/40918"}],"wp:attachment":[{"href":"https:\/\/nordicmart.andreevmaster.com\/sv\/wp-json\/wp\/v2\/media?parent=12709"}],"wp:term":[{"taxonomy":"product_brand","embeddable":true,"href":"https:\/\/nordicmart.andreevmaster.com\/sv\/wp-json\/wp\/v2\/product_brand?post=12709"},{"taxonomy":"product_cat","embeddable":true,"href":"https:\/\/nordicmart.andreevmaster.com\/sv\/wp-json\/wp\/v2\/product_cat?post=12709"},{"taxonomy":"product_tag","embeddable":true,"href":"https:\/\/nordicmart.andreevmaster.com\/sv\/wp-json\/wp\/v2\/product_tag?post=12709"}],"curies":[{"name":"wp","href":"https:\/\/api.w.org\/{rel}","templated":true}]}}