{"id":12707,"date":"2026-02-27T00:15:03","date_gmt":"2026-02-27T00:15:03","guid":{"rendered":"https:\/\/nordicmart.andreevmaster.com\/product\/songmics-smyckeskap-i-trautseende\/"},"modified":"2026-02-27T08:08:56","modified_gmt":"2026-02-27T08:08:56","slug":"songmics-smyckeskap-i-trautseende","status":"publish","type":"product","link":"https:\/\/nordicmart.andreevmaster.com\/sv\/produkt\/songmics-smyckeskap-i-trautseende\/","title":{"rendered":"SONGMICS smyckesk\u00e5p i tr\u00e4utseende"},"content":{"rendered":"<p>Din nya r\u00f6da kl\u00e4nning sitter som gjuten, du hoppar i dina h\u00f6gklackade skor och beundrar din outfit i den stora spegeln p\u00e5 detta uppseendev\u00e4ckande smyckesk\u00e5p. V\u00e4nta! Det saknas n\u00e5got! Passande \u00f6rh\u00e4ngen och ett glittrande halsband kompletterar din styling. Lyckligtvis beh\u00f6ver du inte leta l\u00e4nge efter r\u00e4tt smycken, eftersom de ligger prydligt uppradade bakom spegelsk\u00e5pets d\u00f6rr. Smyckes\u00e4lskare kan f\u00f6rv\u00e4nta sig f\u00f6ljande f\u00f6rdelar:Helkroppsspegel med diskret ram f\u00f6r en \u00e4nnu st\u00f6rre spegelyta 5 rader med vardera 18 \u00f6rh\u00e4ngesh\u00e5llare (totalt 90) och 6 \u00f6rh\u00e4ngesfack (totalt 30) 6 rader med vardera 13 fack f\u00f6r ringar (totalt 78) 2 x 12 krokar f\u00f6r kedjor etc. (totalt 24) 4 justerbara lutningsvinklar L\u00e5sbar Produktdetaljer: F\u00e4rg: Brun Material: MDF (medeldensitetsfiberplatta) Total storlek: 41,1 x 36,5 x 151,5 cm (L x B x H) Sk\u00e5pets storlek: 37,2 x 9,5 x 108,3 cm (L x B x H)Vikt: 11,3 kgLeveransomfattning:1 x smyckesk\u00e5p1 x beh\u00e5llare med tillbeh\u00f6r1 x bruksanvisning (DE, EN, FR, ES, IT)SONGMICS Anm\u00e4rkningar:H\u00e5ll barn borta fr\u00e5n alla tillbeh\u00f6r och f\u00f6rpackningsdelar under montering av denna produkt. Om dessa sv\u00e4ljs eller andas in kan det leda till livsfarliga situationer.<\/p>\n","protected":false},"excerpt":{"rendered":"<p>SONGMICS smyckesk\u00e5p, spegelsk\u00e5p, st\u00e5ende spegel, helkroppsspegel, present, enkel montering, brun JJC69BR<\/p>\n","protected":false},"featured_media":40916,"comment_status":"open","ping_status":"closed","template":"","meta":[],"product_brand":[],"product_cat":[33],"product_tag":[],"class_list":{"0":"post-12707","1":"product","2":"type-product","3":"status-publish","4":"has-post-thumbnail","6":"product_cat-okategoriserad","8":"first","9":"instock","10":"shipping-taxable","11":"purchasable","12":"product-type-simple"},"_links":{"self":[{"href":"https:\/\/nordicmart.andreevmaster.com\/sv\/wp-json\/wp\/v2\/product\/12707","targetHints":{"allow":["GET"]}}],"collection":[{"href":"https:\/\/nordicmart.andreevmaster.com\/sv\/wp-json\/wp\/v2\/product"}],"about":[{"href":"https:\/\/nordicmart.andreevmaster.com\/sv\/wp-json\/wp\/v2\/types\/product"}],"replies":[{"embeddable":true,"href":"https:\/\/nordicmart.andreevmaster.com\/sv\/wp-json\/wp\/v2\/comments?post=12707"}],"wp:featuredmedia":[{"embeddable":true,"href":"https:\/\/nordicmart.andreevmaster.com\/sv\/wp-json\/wp\/v2\/media\/40916"}],"wp:attachment":[{"href":"https:\/\/nordicmart.andreevmaster.com\/sv\/wp-json\/wp\/v2\/media?parent=12707"}],"wp:term":[{"taxonomy":"product_brand","embeddable":true,"href":"https:\/\/nordicmart.andreevmaster.com\/sv\/wp-json\/wp\/v2\/product_brand?post=12707"},{"taxonomy":"product_cat","embeddable":true,"href":"https:\/\/nordicmart.andreevmaster.com\/sv\/wp-json\/wp\/v2\/product_cat?post=12707"},{"taxonomy":"product_tag","embeddable":true,"href":"https:\/\/nordicmart.andreevmaster.com\/sv\/wp-json\/wp\/v2\/product_tag?post=12707"}],"curies":[{"name":"wp","href":"https:\/\/api.w.org\/{rel}","templated":true}]}}