{"id":12704,"date":"2026-02-27T00:15:03","date_gmt":"2026-02-27T00:15:03","guid":{"rendered":"https:\/\/nordicmart.andreevmaster.com\/product\/songmics-hangande-smyckeskap-for-vaggmontering\/"},"modified":"2026-02-27T08:08:56","modified_gmt":"2026-02-27T08:08:56","slug":"songmics-hangande-smyckeskap-for-vaggmontering","status":"publish","type":"product","link":"https:\/\/nordicmart.andreevmaster.com\/sv\/produkt\/songmics-hangande-smyckeskap-for-vaggmontering\/","title":{"rendered":"SONGMICS H\u00e4ngande smyckesk\u00e5p f\u00f6r v\u00e4ggmontering"},"content":{"rendered":"<p>SONGMICS smyckesk\u00e5p f\u00f6r upph\u00e4ngning, l\u00e5sbart spegelsk\u00e5p, v\u00e4ggsk\u00e5p med spegel och m\u00e5nga fack, v\u00e4ggmontering, h\u00e4ngande p\u00e5 d\u00f6rren, f\u00f6r kedjor, \u00f6rh\u00e4ngen, svart JJC093B01<\/p>\n","protected":false},"excerpt":{"rendered":"<p>SONGMICS smyckesk\u00e5p f\u00f6r upph\u00e4ngning, l\u00e5sbart spegelsk\u00e5p, v\u00e4ggsk\u00e5p med spegel och m\u00e5nga fack, v\u00e4ggmontering, h\u00e4ngande p\u00e5 d\u00f6rren, f\u00f6r kedjor, \u00f6rh\u00e4ngen, svart JJC093B01<\/p>\n","protected":false},"featured_media":40913,"comment_status":"open","ping_status":"closed","template":"","meta":[],"product_brand":[],"product_cat":[33],"product_tag":[],"class_list":{"0":"post-12704","1":"product","2":"type-product","3":"status-publish","4":"has-post-thumbnail","6":"product_cat-okategoriserad","8":"first","9":"instock","10":"shipping-taxable","11":"purchasable","12":"product-type-simple"},"_links":{"self":[{"href":"https:\/\/nordicmart.andreevmaster.com\/sv\/wp-json\/wp\/v2\/product\/12704","targetHints":{"allow":["GET"]}}],"collection":[{"href":"https:\/\/nordicmart.andreevmaster.com\/sv\/wp-json\/wp\/v2\/product"}],"about":[{"href":"https:\/\/nordicmart.andreevmaster.com\/sv\/wp-json\/wp\/v2\/types\/product"}],"replies":[{"embeddable":true,"href":"https:\/\/nordicmart.andreevmaster.com\/sv\/wp-json\/wp\/v2\/comments?post=12704"}],"wp:featuredmedia":[{"embeddable":true,"href":"https:\/\/nordicmart.andreevmaster.com\/sv\/wp-json\/wp\/v2\/media\/40913"}],"wp:attachment":[{"href":"https:\/\/nordicmart.andreevmaster.com\/sv\/wp-json\/wp\/v2\/media?parent=12704"}],"wp:term":[{"taxonomy":"product_brand","embeddable":true,"href":"https:\/\/nordicmart.andreevmaster.com\/sv\/wp-json\/wp\/v2\/product_brand?post=12704"},{"taxonomy":"product_cat","embeddable":true,"href":"https:\/\/nordicmart.andreevmaster.com\/sv\/wp-json\/wp\/v2\/product_cat?post=12704"},{"taxonomy":"product_tag","embeddable":true,"href":"https:\/\/nordicmart.andreevmaster.com\/sv\/wp-json\/wp\/v2\/product_tag?post=12704"}],"curies":[{"name":"wp","href":"https:\/\/api.w.org\/{rel}","templated":true}]}}