{"id":12703,"date":"2026-02-27T00:15:02","date_gmt":"2026-02-27T00:15:02","guid":{"rendered":"https:\/\/nordicmart.andreevmaster.com\/product\/songmics-smyckeskap-120-cm-hogt-med-upplyst-inre-spegel-i-ekbrunt\/"},"modified":"2026-02-27T08:08:55","modified_gmt":"2026-02-27T08:08:55","slug":"songmics-smyckeskap-120-cm-hogt-med-upplyst-inre-spegel-i-ekbrunt","status":"publish","type":"product","link":"https:\/\/nordicmart.andreevmaster.com\/sv\/produkt\/songmics-smyckeskap-120-cm-hogt-med-upplyst-inre-spegel-i-ekbrunt\/","title":{"rendered":"SONGMICS smyckesk\u00e5p 120 cm h\u00f6gt med upplyst inre spegel i ekbrunt"},"content":{"rendered":"<p>SONGMICS smyckesk\u00e5p f\u00f6r upph\u00e4ngning, l\u00e5sbart spegelsk\u00e5p, v\u00e4ggsk\u00e5p med spegel och m\u00e5nga fack, v\u00e4ggmontering, h\u00e4ngande p\u00e5 d\u00f6rren, f\u00f6r kedjor, \u00f6rh\u00e4ngen, svart JJC093B01<br \/>\nF\u00e4rg: Lagergr\u00f6n<br \/>\nMaterial: MDF (medeldensitetsfiberplatta), sammet, glas<br \/>\nTotal storlek: 10 x 37 x 120 cm (D x B x H)<br \/>\nStorlek p\u00e5 insidan av spegeln: 27,3 x 110 cm (B x H)<br \/>\nVikt: 9,3 kg<\/p>\n","protected":false},"excerpt":{"rendered":"<p>SONGMICS smyckesk\u00e5p f\u00f6r upph\u00e4ngning, l\u00e5sbart spegelsk\u00e5p, v\u00e4ggsk\u00e5p med spegel och m\u00e5nga fack, v\u00e4ggmontering, h\u00e4ngande p\u00e5 d\u00f6rren, f\u00f6r kedjor, \u00f6rh\u00e4ngen, svart JJC093B01<\/p>\n","protected":false},"featured_media":40912,"comment_status":"open","ping_status":"closed","template":"","meta":[],"product_brand":[],"product_cat":[33],"product_tag":[],"class_list":{"0":"post-12703","1":"product","2":"type-product","3":"status-publish","4":"has-post-thumbnail","6":"product_cat-okategoriserad","8":"first","9":"instock","10":"shipping-taxable","11":"purchasable","12":"product-type-simple"},"_links":{"self":[{"href":"https:\/\/nordicmart.andreevmaster.com\/sv\/wp-json\/wp\/v2\/product\/12703","targetHints":{"allow":["GET"]}}],"collection":[{"href":"https:\/\/nordicmart.andreevmaster.com\/sv\/wp-json\/wp\/v2\/product"}],"about":[{"href":"https:\/\/nordicmart.andreevmaster.com\/sv\/wp-json\/wp\/v2\/types\/product"}],"replies":[{"embeddable":true,"href":"https:\/\/nordicmart.andreevmaster.com\/sv\/wp-json\/wp\/v2\/comments?post=12703"}],"wp:featuredmedia":[{"embeddable":true,"href":"https:\/\/nordicmart.andreevmaster.com\/sv\/wp-json\/wp\/v2\/media\/40912"}],"wp:attachment":[{"href":"https:\/\/nordicmart.andreevmaster.com\/sv\/wp-json\/wp\/v2\/media?parent=12703"}],"wp:term":[{"taxonomy":"product_brand","embeddable":true,"href":"https:\/\/nordicmart.andreevmaster.com\/sv\/wp-json\/wp\/v2\/product_brand?post=12703"},{"taxonomy":"product_cat","embeddable":true,"href":"https:\/\/nordicmart.andreevmaster.com\/sv\/wp-json\/wp\/v2\/product_cat?post=12703"},{"taxonomy":"product_tag","embeddable":true,"href":"https:\/\/nordicmart.andreevmaster.com\/sv\/wp-json\/wp\/v2\/product_tag?post=12703"}],"curies":[{"name":"wp","href":"https:\/\/api.w.org\/{rel}","templated":true}]}}