{"id":12698,"date":"2026-02-27T00:15:01","date_gmt":"2026-02-27T00:15:01","guid":{"rendered":"https:\/\/nordicmart.andreevmaster.com\/product\/songmics-spegelskap-yta-i-vitt-innerfoder-i-greige\/"},"modified":"2026-02-27T08:08:54","modified_gmt":"2026-02-27T08:08:54","slug":"songmics-spegelskap-yta-i-vitt-innerfoder-i-greige","status":"publish","type":"product","link":"https:\/\/nordicmart.andreevmaster.com\/sv\/produkt\/songmics-spegelskap-yta-i-vitt-innerfoder-i-greige\/","title":{"rendered":"SONGMICS spegelsk\u00e5p Yta i vitt Innerfoder i greige"},"content":{"rendered":"<p>SONGMICS smyckesk\u00e5p, spegelsk\u00e5p, h\u00e4ngsk\u00e5p, l\u00e5sbart v\u00e4ggsk\u00e5p, platsbesparande smyckesorganiserare, vintagebrunt JJC051K01<br \/>\n&#8211; F\u00e4rg: yta i vitt, innerfoder i greige<br \/>\n&#8211; Material: MDF (medeldensitetsfiberplatta), glasspegel, sammetskl\u00e4dsel<br \/>\n&#8211; Storlek: 10 x 37 x 67 cm (D x B x H)<br \/>\n&#8211; Vikt: 5,4 kg<\/p>\n","protected":false},"excerpt":{"rendered":"<p>SONGMICS smyckesk\u00e5p, spegelsk\u00e5p, h\u00e4ngsk\u00e5p, l\u00e5sbart v\u00e4ggsk\u00e5p, platsbesparande smyckesorganiserare, vintagebrunt JJC051K01<\/p>\n","protected":false},"featured_media":40907,"comment_status":"open","ping_status":"closed","template":"","meta":[],"product_brand":[],"product_cat":[33],"product_tag":[],"class_list":{"0":"post-12698","1":"product","2":"type-product","3":"status-publish","4":"has-post-thumbnail","6":"product_cat-okategoriserad","8":"first","9":"instock","10":"shipping-taxable","11":"purchasable","12":"product-type-simple"},"_links":{"self":[{"href":"https:\/\/nordicmart.andreevmaster.com\/sv\/wp-json\/wp\/v2\/product\/12698","targetHints":{"allow":["GET"]}}],"collection":[{"href":"https:\/\/nordicmart.andreevmaster.com\/sv\/wp-json\/wp\/v2\/product"}],"about":[{"href":"https:\/\/nordicmart.andreevmaster.com\/sv\/wp-json\/wp\/v2\/types\/product"}],"replies":[{"embeddable":true,"href":"https:\/\/nordicmart.andreevmaster.com\/sv\/wp-json\/wp\/v2\/comments?post=12698"}],"wp:featuredmedia":[{"embeddable":true,"href":"https:\/\/nordicmart.andreevmaster.com\/sv\/wp-json\/wp\/v2\/media\/40907"}],"wp:attachment":[{"href":"https:\/\/nordicmart.andreevmaster.com\/sv\/wp-json\/wp\/v2\/media?parent=12698"}],"wp:term":[{"taxonomy":"product_brand","embeddable":true,"href":"https:\/\/nordicmart.andreevmaster.com\/sv\/wp-json\/wp\/v2\/product_brand?post=12698"},{"taxonomy":"product_cat","embeddable":true,"href":"https:\/\/nordicmart.andreevmaster.com\/sv\/wp-json\/wp\/v2\/product_cat?post=12698"},{"taxonomy":"product_tag","embeddable":true,"href":"https:\/\/nordicmart.andreevmaster.com\/sv\/wp-json\/wp\/v2\/product_tag?post=12698"}],"curies":[{"name":"wp","href":"https:\/\/api.w.org\/{rel}","templated":true}]}}