{"id":12696,"date":"2026-02-27T00:15:01","date_gmt":"2026-02-27T00:15:01","guid":{"rendered":"https:\/\/nordicmart.andreevmaster.com\/product\/songmics-smyckeskap-140-cm-hogt-med-insida-spegel-molnvit\/"},"modified":"2026-02-27T08:08:54","modified_gmt":"2026-02-27T08:08:54","slug":"songmics-smyckeskap-140-cm-hogt-med-insida-spegel-molnvit","status":"publish","type":"product","link":"https:\/\/nordicmart.andreevmaster.com\/sv\/produkt\/songmics-smyckeskap-140-cm-hogt-med-insida-spegel-molnvit\/","title":{"rendered":"SONGMICS smyckesk\u00e5p 140 cm h\u00f6gt med insida spegel molnvit"},"content":{"rendered":"<p>SONGMICS smyckesk\u00e5p 140 cm h\u00f6gt, smyckesorganiserare med upplyst inre spegel, spegelsk\u00e5p f\u00f6r v\u00e4gg- eller d\u00f6rrmontering, l\u00e5sbart, presentid\u00e9, molnvit JJC032W01<br \/>\nF\u00e4rg: molnvit<br \/>\nMaterial: MDF (medeldensitetsfiberplatta), sammet, glas<br \/>\nStorlek: 10 x 36,5 x 140 cm (D x B x H)<br \/>\nVikt: 12,2 kg<\/p>\n","protected":false},"excerpt":{"rendered":"<p>SONGMICS smyckesk\u00e5p 140 cm h\u00f6gt, smyckesorganiserare med upplyst inre spegel, spegelsk\u00e5p f\u00f6r v\u00e4gg- eller d\u00f6rrmontering, l\u00e5sbart, presentid\u00e9, molnvit JJC032W01<\/p>\n","protected":false},"featured_media":40905,"comment_status":"open","ping_status":"closed","template":"","meta":[],"product_brand":[],"product_cat":[33],"product_tag":[],"class_list":{"0":"post-12696","1":"product","2":"type-product","3":"status-publish","4":"has-post-thumbnail","6":"product_cat-okategoriserad","8":"first","9":"instock","10":"shipping-taxable","11":"purchasable","12":"product-type-simple"},"_links":{"self":[{"href":"https:\/\/nordicmart.andreevmaster.com\/sv\/wp-json\/wp\/v2\/product\/12696","targetHints":{"allow":["GET"]}}],"collection":[{"href":"https:\/\/nordicmart.andreevmaster.com\/sv\/wp-json\/wp\/v2\/product"}],"about":[{"href":"https:\/\/nordicmart.andreevmaster.com\/sv\/wp-json\/wp\/v2\/types\/product"}],"replies":[{"embeddable":true,"href":"https:\/\/nordicmart.andreevmaster.com\/sv\/wp-json\/wp\/v2\/comments?post=12696"}],"wp:featuredmedia":[{"embeddable":true,"href":"https:\/\/nordicmart.andreevmaster.com\/sv\/wp-json\/wp\/v2\/media\/40905"}],"wp:attachment":[{"href":"https:\/\/nordicmart.andreevmaster.com\/sv\/wp-json\/wp\/v2\/media?parent=12696"}],"wp:term":[{"taxonomy":"product_brand","embeddable":true,"href":"https:\/\/nordicmart.andreevmaster.com\/sv\/wp-json\/wp\/v2\/product_brand?post=12696"},{"taxonomy":"product_cat","embeddable":true,"href":"https:\/\/nordicmart.andreevmaster.com\/sv\/wp-json\/wp\/v2\/product_cat?post=12696"},{"taxonomy":"product_tag","embeddable":true,"href":"https:\/\/nordicmart.andreevmaster.com\/sv\/wp-json\/wp\/v2\/product_tag?post=12696"}],"curies":[{"name":"wp","href":"https:\/\/api.w.org\/{rel}","templated":true}]}}