{"id":12693,"date":"2026-02-27T00:15:00","date_gmt":"2026-02-27T00:15:00","guid":{"rendered":"https:\/\/nordicmart.andreevmaster.com\/product\/songmics-smyckeskap-med-led-belysning-och-insida-spegel-molnvit\/"},"modified":"2026-02-27T08:08:54","modified_gmt":"2026-02-27T08:08:54","slug":"songmics-smyckeskap-med-led-belysning-och-insida-spegel-molnvit","status":"publish","type":"product","link":"https:\/\/nordicmart.andreevmaster.com\/sv\/produkt\/songmics-smyckeskap-med-led-belysning-och-insida-spegel-molnvit\/","title":{"rendered":"SONGMICS smyckesk\u00e5p med LED-belysning och insida spegel molnvit"},"content":{"rendered":"<p>SONGMICS smyckesk\u00e5p, spegelsk\u00e5p, smyckesorganiserare med LED-belysning, l\u00e5sbar, rundade h\u00f6rn, med inre spegel, 10 x 42 x 108 cm, molnvit JJC020W01<br \/>\nF\u00e4rg: Molnvit<br \/>\nMaterial: MDF (medeldensitetsfiberplatta), sammetskl\u00e4dsel, glas<br \/>\nStorlek: 10 x 42 x 108 cm (D x B x H)<br \/>\nVikt: 10,7 kg<\/p>\n","protected":false},"excerpt":{"rendered":"<p>SONGMICS smyckesk\u00e5p, spegelsk\u00e5p, smyckesorganiserare med LED-belysning, l\u00e5sbar, rundade h\u00f6rn, med inre spegel, 10 x 42 x 108 cm, molnvit JJC020W01<\/p>\n","protected":false},"featured_media":40902,"comment_status":"open","ping_status":"closed","template":"","meta":[],"product_brand":[],"product_cat":[33],"product_tag":[],"class_list":{"0":"post-12693","1":"product","2":"type-product","3":"status-publish","4":"has-post-thumbnail","6":"product_cat-okategoriserad","8":"first","9":"instock","10":"shipping-taxable","11":"purchasable","12":"product-type-simple"},"_links":{"self":[{"href":"https:\/\/nordicmart.andreevmaster.com\/sv\/wp-json\/wp\/v2\/product\/12693","targetHints":{"allow":["GET"]}}],"collection":[{"href":"https:\/\/nordicmart.andreevmaster.com\/sv\/wp-json\/wp\/v2\/product"}],"about":[{"href":"https:\/\/nordicmart.andreevmaster.com\/sv\/wp-json\/wp\/v2\/types\/product"}],"replies":[{"embeddable":true,"href":"https:\/\/nordicmart.andreevmaster.com\/sv\/wp-json\/wp\/v2\/comments?post=12693"}],"wp:featuredmedia":[{"embeddable":true,"href":"https:\/\/nordicmart.andreevmaster.com\/sv\/wp-json\/wp\/v2\/media\/40902"}],"wp:attachment":[{"href":"https:\/\/nordicmart.andreevmaster.com\/sv\/wp-json\/wp\/v2\/media?parent=12693"}],"wp:term":[{"taxonomy":"product_brand","embeddable":true,"href":"https:\/\/nordicmart.andreevmaster.com\/sv\/wp-json\/wp\/v2\/product_brand?post=12693"},{"taxonomy":"product_cat","embeddable":true,"href":"https:\/\/nordicmart.andreevmaster.com\/sv\/wp-json\/wp\/v2\/product_cat?post=12693"},{"taxonomy":"product_tag","embeddable":true,"href":"https:\/\/nordicmart.andreevmaster.com\/sv\/wp-json\/wp\/v2\/product_tag?post=12693"}],"curies":[{"name":"wp","href":"https:\/\/api.w.org\/{rel}","templated":true}]}}