{"id":12692,"date":"2026-02-27T00:15:00","date_gmt":"2026-02-27T00:15:00","guid":{"rendered":"https:\/\/nordicmart.andreevmaster.com\/product\/songmics-vaggskap-med-helfigursspegel\/"},"modified":"2026-02-27T08:08:54","modified_gmt":"2026-02-27T08:08:54","slug":"songmics-vaggskap-med-helfigursspegel","status":"publish","type":"product","link":"https:\/\/nordicmart.andreevmaster.com\/sv\/produkt\/songmics-vaggskap-med-helfigursspegel\/","title":{"rendered":"SONGMICS V\u00e4ggsk\u00e5p med helfigursspegel"},"content":{"rendered":"<p>SONGMICS smyckesk\u00e5p med LED-belysning, spegelsk\u00e5p, smyckesorganiserare, v\u00e4ggsk\u00e5p med helkroppsspegel, 2 l\u00e5dor, inbyggd sminkspegel, l\u00e5sbar, vit JJC013W01<br \/>\nF\u00e4rg: Vit<br \/>\nMaterial: MDF (medeldensitetsfiberplatta), glasspegel, sammetskl\u00e4dsel<br \/>\nTotal storlek: 37,5 x 9,7 x 108 cm (L x B x H)<br \/>\nSpegelstorlek: 34,5 x 21 cm (L x B)<br \/>\nVikt: 9,9 kg<\/p>\n","protected":false},"excerpt":{"rendered":"<p>SONGMICS smyckesk\u00e5p med LED-belysning, spegelsk\u00e5p, smyckesorganiserare, v\u00e4ggsk\u00e5p med helkroppsspegel, 2 l\u00e5dor, inbyggd sminkspegel, l\u00e5sbar, vit JJC013W01<\/p>\n","protected":false},"featured_media":40901,"comment_status":"open","ping_status":"closed","template":"","meta":[],"product_brand":[],"product_cat":[33],"product_tag":[],"class_list":{"0":"post-12692","1":"product","2":"type-product","3":"status-publish","4":"has-post-thumbnail","6":"product_cat-okategoriserad","8":"first","9":"instock","10":"shipping-taxable","11":"purchasable","12":"product-type-simple"},"_links":{"self":[{"href":"https:\/\/nordicmart.andreevmaster.com\/sv\/wp-json\/wp\/v2\/product\/12692","targetHints":{"allow":["GET"]}}],"collection":[{"href":"https:\/\/nordicmart.andreevmaster.com\/sv\/wp-json\/wp\/v2\/product"}],"about":[{"href":"https:\/\/nordicmart.andreevmaster.com\/sv\/wp-json\/wp\/v2\/types\/product"}],"replies":[{"embeddable":true,"href":"https:\/\/nordicmart.andreevmaster.com\/sv\/wp-json\/wp\/v2\/comments?post=12692"}],"wp:featuredmedia":[{"embeddable":true,"href":"https:\/\/nordicmart.andreevmaster.com\/sv\/wp-json\/wp\/v2\/media\/40901"}],"wp:attachment":[{"href":"https:\/\/nordicmart.andreevmaster.com\/sv\/wp-json\/wp\/v2\/media?parent=12692"}],"wp:term":[{"taxonomy":"product_brand","embeddable":true,"href":"https:\/\/nordicmart.andreevmaster.com\/sv\/wp-json\/wp\/v2\/product_brand?post=12692"},{"taxonomy":"product_cat","embeddable":true,"href":"https:\/\/nordicmart.andreevmaster.com\/sv\/wp-json\/wp\/v2\/product_cat?post=12692"},{"taxonomy":"product_tag","embeddable":true,"href":"https:\/\/nordicmart.andreevmaster.com\/sv\/wp-json\/wp\/v2\/product_tag?post=12692"}],"curies":[{"name":"wp","href":"https:\/\/api.w.org\/{rel}","templated":true}]}}