{"id":12688,"date":"2026-02-27T00:14:59","date_gmt":"2026-02-27T00:14:59","guid":{"rendered":"https:\/\/nordicmart.andreevmaster.com\/product\/songmics-smyckeskap-med-ramlos-helfigursspegel\/"},"modified":"2026-02-27T08:08:53","modified_gmt":"2026-02-27T08:08:53","slug":"songmics-smyckeskap-med-ramlos-helfigursspegel","status":"publish","type":"product","link":"https:\/\/nordicmart.andreevmaster.com\/sv\/produkt\/songmics-smyckeskap-med-ramlos-helfigursspegel\/","title":{"rendered":"SONGMICS smyckesk\u00e5p med raml\u00f6s helfigursspegel"},"content":{"rendered":"<p>SONGMICS spegelsk\u00e5p, smyckesk\u00e5p med spegel, LED-innerbelysning, med raml\u00f6s helkroppsspegel, 3 hyllor, 360\u00b0 vridbar, l\u00e5sbar, vit med tr\u00e4m\u00f6nster JJC007W01<br \/>\nF\u00e4rg: yta i vitt, innerfoder i gr\u00e5tt<br \/>\nMaterial: MDF (medeldensitetsfiberplatta), st\u00e5l, sammet, glas<br \/>\nTotal storlek: 54,5 x 54,5 x 162 cm (D x B x H)<br \/>\nSk\u00e5pets storlek: 9,4 x 37 x 155 cm (D x B x H)<br \/>\nInre spegels storlek: 34,5 x 24 cm (B x H)<br \/>\nVikt: 22,8 kg<\/p>\n","protected":false},"excerpt":{"rendered":"<p>SONGMICS spegelsk\u00e5p, smyckesk\u00e5p med spegel, LED-innerbelysning, med raml\u00f6s helkroppsspegel, 3 hyllor, 360\u00b0 vridbar, l\u00e5sbar, vit med tr\u00e4m\u00f6nster JJC007W01<\/p>\n","protected":false},"featured_media":40897,"comment_status":"open","ping_status":"closed","template":"","meta":[],"product_brand":[],"product_cat":[33],"product_tag":[],"class_list":{"0":"post-12688","1":"product","2":"type-product","3":"status-publish","4":"has-post-thumbnail","6":"product_cat-okategoriserad","8":"first","9":"instock","10":"shipping-taxable","11":"purchasable","12":"product-type-simple"},"_links":{"self":[{"href":"https:\/\/nordicmart.andreevmaster.com\/sv\/wp-json\/wp\/v2\/product\/12688","targetHints":{"allow":["GET"]}}],"collection":[{"href":"https:\/\/nordicmart.andreevmaster.com\/sv\/wp-json\/wp\/v2\/product"}],"about":[{"href":"https:\/\/nordicmart.andreevmaster.com\/sv\/wp-json\/wp\/v2\/types\/product"}],"replies":[{"embeddable":true,"href":"https:\/\/nordicmart.andreevmaster.com\/sv\/wp-json\/wp\/v2\/comments?post=12688"}],"wp:featuredmedia":[{"embeddable":true,"href":"https:\/\/nordicmart.andreevmaster.com\/sv\/wp-json\/wp\/v2\/media\/40897"}],"wp:attachment":[{"href":"https:\/\/nordicmart.andreevmaster.com\/sv\/wp-json\/wp\/v2\/media?parent=12688"}],"wp:term":[{"taxonomy":"product_brand","embeddable":true,"href":"https:\/\/nordicmart.andreevmaster.com\/sv\/wp-json\/wp\/v2\/product_brand?post=12688"},{"taxonomy":"product_cat","embeddable":true,"href":"https:\/\/nordicmart.andreevmaster.com\/sv\/wp-json\/wp\/v2\/product_cat?post=12688"},{"taxonomy":"product_tag","embeddable":true,"href":"https:\/\/nordicmart.andreevmaster.com\/sv\/wp-json\/wp\/v2\/product_tag?post=12688"}],"curies":[{"name":"wp","href":"https:\/\/api.w.org\/{rel}","templated":true}]}}