{"id":12687,"date":"2026-02-27T00:14:59","date_gmt":"2026-02-27T00:14:59","guid":{"rendered":"https:\/\/nordicmart.andreevmaster.com\/product\/songmics-smyckeskap-med-spegel\/"},"modified":"2026-02-27T08:08:53","modified_gmt":"2026-02-27T08:08:53","slug":"songmics-smyckeskap-med-spegel","status":"publish","type":"product","link":"https:\/\/nordicmart.andreevmaster.com\/sv\/produkt\/songmics-smyckeskap-med-spegel\/","title":{"rendered":"SONGMICS smyckesk\u00e5p med spegel"},"content":{"rendered":"<p>360\u00b0 vridbart sk\u00e5p: Detta spegelsk\u00e5p kan vridas 360 grader s\u00e5 att du enkelt kommer \u00e5t dina saker fr\u00e5n de 3 hyllorna p\u00e5 baksidan, och n\u00e4r du inte anv\u00e4nder dem kan du g\u00f6mma undan allt. S\u00e5 flexibelt! Vem vill inte ha ett s\u00e5 vackert och praktiskt sk\u00e5p? Enkel montering: Detta smyckessk\u00e5p levereras f\u00f6rmonterat. Du beh\u00f6ver bara montera sockeln och hyllorna p\u00e5 baksidan! F\u00f6lj den tydliga instruktionen s\u00e5 kan du montera det p\u00e5 bara n\u00e5gra minuter. L\u00e5s in dina skatter: Om du vill f\u00f6rvara dina v\u00e4rdesaker s\u00e4kert \u00e4r detta smyckesk\u00e5p precis r\u00e4tt f\u00f6r dig. Med 2 nycklar skyddar detta sk\u00e5p dina v\u00e4rdefulla f\u00f6rem\u00e5l fr\u00e5n obeh\u00f6rig \u00e5tkomst. Produktdetaljer:- F\u00e4rg: Vit med tr\u00e4m\u00f6nster &#8211; Material: MDF (medeldensitetsfiberplatta), st\u00e5l, sammet, glas &#8211; Total storlek: 54,5 x 54,5 x 162 cm (L x B x H) &#8211; Sk\u00e5pets storlek: 37 x 9,4 x 155 cm (L x B x H) &#8211; Storlek p\u00e5 insidan: 35,5 x 24 cm (L x B) &#8211; Vikt: 22,8 kg Leveransomfattning: &#8211; 1 x smyckesk\u00e5p &#8211; 2 x nycklar &#8211; 1 x tillbeh\u00f6rspaket &#8211; 1 x bruksanvisning SONGMICS Anm\u00e4rkningar: &#8211; Av s\u00e4kerhetssk\u00e4l \u00e4r det f\u00f6rbjudet f\u00f6r barn att kl\u00e4ttra p\u00e5 eller leka med produkten.<\/p>\n","protected":false},"excerpt":{"rendered":"<p>SONGMICS spegelsk\u00e5p, smyckesk\u00e5p med spegel, LED-innerbelysning, med raml\u00f6s helkroppsspegel, 3 hyllor, 360\u00b0 vridbar, l\u00e5sbar, vit med tr\u00e4m\u00f6nster JJC007W01<\/p>\n","protected":false},"featured_media":40896,"comment_status":"open","ping_status":"closed","template":"","meta":[],"product_brand":[],"product_cat":[33],"product_tag":[],"class_list":{"0":"post-12687","1":"product","2":"type-product","3":"status-publish","4":"has-post-thumbnail","6":"product_cat-okategoriserad","8":"first","9":"instock","10":"shipping-taxable","11":"purchasable","12":"product-type-simple"},"_links":{"self":[{"href":"https:\/\/nordicmart.andreevmaster.com\/sv\/wp-json\/wp\/v2\/product\/12687","targetHints":{"allow":["GET"]}}],"collection":[{"href":"https:\/\/nordicmart.andreevmaster.com\/sv\/wp-json\/wp\/v2\/product"}],"about":[{"href":"https:\/\/nordicmart.andreevmaster.com\/sv\/wp-json\/wp\/v2\/types\/product"}],"replies":[{"embeddable":true,"href":"https:\/\/nordicmart.andreevmaster.com\/sv\/wp-json\/wp\/v2\/comments?post=12687"}],"wp:featuredmedia":[{"embeddable":true,"href":"https:\/\/nordicmart.andreevmaster.com\/sv\/wp-json\/wp\/v2\/media\/40896"}],"wp:attachment":[{"href":"https:\/\/nordicmart.andreevmaster.com\/sv\/wp-json\/wp\/v2\/media?parent=12687"}],"wp:term":[{"taxonomy":"product_brand","embeddable":true,"href":"https:\/\/nordicmart.andreevmaster.com\/sv\/wp-json\/wp\/v2\/product_brand?post=12687"},{"taxonomy":"product_cat","embeddable":true,"href":"https:\/\/nordicmart.andreevmaster.com\/sv\/wp-json\/wp\/v2\/product_cat?post=12687"},{"taxonomy":"product_tag","embeddable":true,"href":"https:\/\/nordicmart.andreevmaster.com\/sv\/wp-json\/wp\/v2\/product_tag?post=12687"}],"curies":[{"name":"wp","href":"https:\/\/api.w.org\/{rel}","templated":true}]}}