{"id":12686,"date":"2026-02-27T00:14:58","date_gmt":"2026-02-27T00:14:58","guid":{"rendered":"https:\/\/nordicmart.andreevmaster.com\/product\/songmics-smyckeskap-med-helfigursspegel-och-3-hyllor\/"},"modified":"2026-02-27T08:08:53","modified_gmt":"2026-02-27T08:08:53","slug":"songmics-smyckeskap-med-helfigursspegel-och-3-hyllor","status":"publish","type":"product","link":"https:\/\/nordicmart.andreevmaster.com\/sv\/produkt\/songmics-smyckeskap-med-helfigursspegel-och-3-hyllor\/","title":{"rendered":"SONGMICS smyckesk\u00e5p med helfigursspegel och 3 hyllor"},"content":{"rendered":"<p>SONGMICS spegelsk\u00e5p, smyckesk\u00e5p med spegel, LED-innerbelysning, med raml\u00f6s helkroppsspegel, 3 hyllor, 360\u00b0 vridbar, l\u00e5sbar, vit med tr\u00e4m\u00f6nster JJC007W01<\/p>\n","protected":false},"excerpt":{"rendered":"<p>SONGMICS spegelsk\u00e5p, smyckesk\u00e5p med spegel, LED-innerbelysning, med raml\u00f6s helkroppsspegel, 3 hyllor, 360\u00b0 vridbar, l\u00e5sbar, vit med tr\u00e4m\u00f6nster JJC007W01<\/p>\n","protected":false},"featured_media":40895,"comment_status":"open","ping_status":"closed","template":"","meta":[],"product_brand":[],"product_cat":[33],"product_tag":[],"class_list":{"0":"post-12686","1":"product","2":"type-product","3":"status-publish","4":"has-post-thumbnail","6":"product_cat-okategoriserad","8":"first","9":"instock","10":"shipping-taxable","11":"purchasable","12":"product-type-simple"},"_links":{"self":[{"href":"https:\/\/nordicmart.andreevmaster.com\/sv\/wp-json\/wp\/v2\/product\/12686","targetHints":{"allow":["GET"]}}],"collection":[{"href":"https:\/\/nordicmart.andreevmaster.com\/sv\/wp-json\/wp\/v2\/product"}],"about":[{"href":"https:\/\/nordicmart.andreevmaster.com\/sv\/wp-json\/wp\/v2\/types\/product"}],"replies":[{"embeddable":true,"href":"https:\/\/nordicmart.andreevmaster.com\/sv\/wp-json\/wp\/v2\/comments?post=12686"}],"wp:featuredmedia":[{"embeddable":true,"href":"https:\/\/nordicmart.andreevmaster.com\/sv\/wp-json\/wp\/v2\/media\/40895"}],"wp:attachment":[{"href":"https:\/\/nordicmart.andreevmaster.com\/sv\/wp-json\/wp\/v2\/media?parent=12686"}],"wp:term":[{"taxonomy":"product_brand","embeddable":true,"href":"https:\/\/nordicmart.andreevmaster.com\/sv\/wp-json\/wp\/v2\/product_brand?post=12686"},{"taxonomy":"product_cat","embeddable":true,"href":"https:\/\/nordicmart.andreevmaster.com\/sv\/wp-json\/wp\/v2\/product_cat?post=12686"},{"taxonomy":"product_tag","embeddable":true,"href":"https:\/\/nordicmart.andreevmaster.com\/sv\/wp-json\/wp\/v2\/product_tag?post=12686"}],"curies":[{"name":"wp","href":"https:\/\/api.w.org\/{rel}","templated":true}]}}