{"id":12684,"date":"2026-02-27T00:14:58","date_gmt":"2026-02-27T00:14:58","guid":{"rendered":"https:\/\/nordicmart.andreevmaster.com\/product\/songmics-lasbar-smyckesorganiserare-med-lada\/"},"modified":"2026-02-27T08:08:52","modified_gmt":"2026-02-27T08:08:52","slug":"songmics-lasbar-smyckesorganiserare-med-lada","status":"publish","type":"product","link":"https:\/\/nordicmart.andreevmaster.com\/sv\/produkt\/songmics-lasbar-smyckesorganiserare-med-lada\/","title":{"rendered":"SONGMICS L\u00e5sbar smyckesorganiserare med l\u00e5da"},"content":{"rendered":"<p>S\u00e4g adj\u00f6 till kaoset: ett rymligt sk\u00e5p, en helkroppsspegel, en hylla och en l\u00e5da \u2013 f\u00f6rvara allt du beh\u00f6ver i detta funktionella sk\u00e5p f\u00f6r att spara tid och utrymme. Tack vare den gener\u00f6sa och smarta utformningen av denna m\u00f6bel kan du ordna dina saker som en proffs. F\u00f6rvaringsutrymme, styrka och stil \u2013 vi l\u00e4gger vikt vid alla faktorer i detta smyckesk\u00e5p:Tillverkad av h\u00f6gkvalitativt tr\u00e4material f\u00f6r god h\u00e5llbarhet vid daglig anv\u00e4ndning. Med flera fack, krokar, h\u00e5l och platser f\u00f6r f\u00f6rvaring av olika accessoarer. Enkel men elegant design som ger ditt rum en touch av v\u00e4rme och charm. Ge bort detta stilfulla smyckesk\u00e5p till dina n\u00e4ra och k\u00e4ra f\u00f6r att sprida gl\u00e4dje. Produktdetaljer:F\u00e4rg: VitMaterial: MDF (medeldensitetsfiberplatta), metall, glasspegel, l\u00e5da av non-woven-tyg med MDF-frontTotalstorlek: 41,5 x 37 x 152,5 cm (L x B x H)Sk\u00e5pets storlek: 37 x 10 x 108,5 cm (L x B x H) Vikt: 14,2 kg Leveransomfattning: 1 x smyckesk\u00e5p 1 x tillbeh\u00f6rspaket 1 x tippskydd 1 x bruksanvisning (DE, EN, FR, ES, IT) SONGMICS Anm\u00e4rkningar: Uts\u00e4tt inte produkten f\u00f6r starkt solljus under l\u00e4ngre tid.Placera produkten p\u00e5 en torr plats. Av s\u00e4kerhetssk\u00e4l \u00e4r det f\u00f6rbjudet f\u00f6r barn att kl\u00e4ttra p\u00e5 eller leka med produkten.<\/p>\n","protected":false},"excerpt":{"rendered":"<p>SONGMICS smyckesk\u00e5p, helkroppsspegel, spegelsk\u00e5p, l\u00e5sbar smyckesorganiserare med l\u00e5da, hjul, presentid\u00e9, vit JJC004W02<\/p>\n","protected":false},"featured_media":40893,"comment_status":"open","ping_status":"closed","template":"","meta":[],"product_brand":[],"product_cat":[33],"product_tag":[],"class_list":{"0":"post-12684","1":"product","2":"type-product","3":"status-publish","4":"has-post-thumbnail","6":"product_cat-okategoriserad","8":"first","9":"instock","10":"shipping-taxable","11":"purchasable","12":"product-type-simple"},"_links":{"self":[{"href":"https:\/\/nordicmart.andreevmaster.com\/sv\/wp-json\/wp\/v2\/product\/12684","targetHints":{"allow":["GET"]}}],"collection":[{"href":"https:\/\/nordicmart.andreevmaster.com\/sv\/wp-json\/wp\/v2\/product"}],"about":[{"href":"https:\/\/nordicmart.andreevmaster.com\/sv\/wp-json\/wp\/v2\/types\/product"}],"replies":[{"embeddable":true,"href":"https:\/\/nordicmart.andreevmaster.com\/sv\/wp-json\/wp\/v2\/comments?post=12684"}],"wp:featuredmedia":[{"embeddable":true,"href":"https:\/\/nordicmart.andreevmaster.com\/sv\/wp-json\/wp\/v2\/media\/40893"}],"wp:attachment":[{"href":"https:\/\/nordicmart.andreevmaster.com\/sv\/wp-json\/wp\/v2\/media?parent=12684"}],"wp:term":[{"taxonomy":"product_brand","embeddable":true,"href":"https:\/\/nordicmart.andreevmaster.com\/sv\/wp-json\/wp\/v2\/product_brand?post=12684"},{"taxonomy":"product_cat","embeddable":true,"href":"https:\/\/nordicmart.andreevmaster.com\/sv\/wp-json\/wp\/v2\/product_cat?post=12684"},{"taxonomy":"product_tag","embeddable":true,"href":"https:\/\/nordicmart.andreevmaster.com\/sv\/wp-json\/wp\/v2\/product_tag?post=12684"}],"curies":[{"name":"wp","href":"https:\/\/api.w.org\/{rel}","templated":true}]}}