{"id":12683,"date":"2026-02-27T00:14:58","date_gmt":"2026-02-27T00:14:58","guid":{"rendered":"https:\/\/nordicmart.andreevmaster.com\/product\/songmics-smyckeskap-vitt\/"},"modified":"2026-02-27T08:08:52","modified_gmt":"2026-02-27T08:08:52","slug":"songmics-smyckeskap-vitt","status":"publish","type":"product","link":"https:\/\/nordicmart.andreevmaster.com\/sv\/produkt\/songmics-smyckeskap-vitt\/","title":{"rendered":"SONGMICS smyckesk\u00e5p vitt"},"content":{"rendered":"<p>Perfekt stylad fr\u00e5n hemmet Har du redan valt din outfit, men saknar fortfarande det d\u00e4r lilla extra? \u00d6ppna bara d\u00f6rren till detta smyckesk\u00e5p f\u00f6r att hitta pricken \u00f6ver i:et till din look! De guldiga \u00f6rh\u00e4ngena och det s\u00f6ta armbandet med blommor skulle passa perfekt till din kl\u00e4nning, eller hur? V\u00e4nta! Gl\u00f6m inte att din makeup ocks\u00e5 finns i detta smyckesk\u00e5p. Komplettera din look med r\u00e4tt smycken och r\u00e4tt smink och beundra sedan resultatet i den praktiska helfigurspegeln! En plats d\u00e4r dina smycken k\u00e4nner sig trygga L\u00e5t inte dina smycken och din smink ligga och samla damm i m\u00f6rka l\u00e5dor! I detta spegelsk\u00e5p kan du f\u00f6rvara dina skatter som i en vitrin och skydda dem fr\u00e5n damm och tjuvar med hj\u00e4lp av l\u00e5set och de tv\u00e5 nycklarna. P\u00e4rlhalsband, armband, \u00f6rh\u00e4ngen och sminkutrustning kommer att trivas i detta raffinerade smyckessk\u00e5p! Produktdetaljer:- F\u00e4rg: Vit &#8211; Material: MDF (medeldensitetsfiberplatta) &#8211; Total storlek: 41,2 x 36,5 x 152 cm (L x B x H) &#8211; Sk\u00e5pets storlek: 37,5 x 9,7 x 108 cm (L x B x H) &#8211; Vikt: 11,4 kg Leveransomfattning:- 1 x smyckesk\u00e5p &#8211; 2 x nycklar &#8211; 1 x tillbeh\u00f6rspaket &#8211; 1 x tippskydd &#8211; 1 x bruksanvisning (DE, EN, FR, ES, IT) SONGMICS Anm\u00e4rkningar: &#8211; Av s\u00e4kerhetssk\u00e4l \u00e4r det f\u00f6rbjudet f\u00f6r barn att kl\u00e4ttra p\u00e5 eller leka med produkten. &#8211; F\u00e4st denna produkt p\u00e5 v\u00e4ggen med det medf\u00f6ljande tippskyddet.<\/p>\n","protected":false},"excerpt":{"rendered":"<p>SONGMICS smyckesk\u00e5p, st\u00e5ende spegelsk\u00e5p, med 2 separata sminkf\u00f6rvaringar, raml\u00f6s helkroppsspegel, l\u00e5sbar, f\u00f6r halsband, \u00f6rh\u00e4ngen, smink, vit JJC002W01<\/p>\n","protected":false},"featured_media":40892,"comment_status":"open","ping_status":"closed","template":"","meta":[],"product_brand":[],"product_cat":[33],"product_tag":[],"class_list":{"0":"post-12683","1":"product","2":"type-product","3":"status-publish","4":"has-post-thumbnail","6":"product_cat-okategoriserad","8":"first","9":"instock","10":"shipping-taxable","11":"purchasable","12":"product-type-simple"},"_links":{"self":[{"href":"https:\/\/nordicmart.andreevmaster.com\/sv\/wp-json\/wp\/v2\/product\/12683","targetHints":{"allow":["GET"]}}],"collection":[{"href":"https:\/\/nordicmart.andreevmaster.com\/sv\/wp-json\/wp\/v2\/product"}],"about":[{"href":"https:\/\/nordicmart.andreevmaster.com\/sv\/wp-json\/wp\/v2\/types\/product"}],"replies":[{"embeddable":true,"href":"https:\/\/nordicmart.andreevmaster.com\/sv\/wp-json\/wp\/v2\/comments?post=12683"}],"wp:featuredmedia":[{"embeddable":true,"href":"https:\/\/nordicmart.andreevmaster.com\/sv\/wp-json\/wp\/v2\/media\/40892"}],"wp:attachment":[{"href":"https:\/\/nordicmart.andreevmaster.com\/sv\/wp-json\/wp\/v2\/media?parent=12683"}],"wp:term":[{"taxonomy":"product_brand","embeddable":true,"href":"https:\/\/nordicmart.andreevmaster.com\/sv\/wp-json\/wp\/v2\/product_brand?post=12683"},{"taxonomy":"product_cat","embeddable":true,"href":"https:\/\/nordicmart.andreevmaster.com\/sv\/wp-json\/wp\/v2\/product_cat?post=12683"},{"taxonomy":"product_tag","embeddable":true,"href":"https:\/\/nordicmart.andreevmaster.com\/sv\/wp-json\/wp\/v2\/product_tag?post=12683"}],"curies":[{"name":"wp","href":"https:\/\/api.w.org\/{rel}","templated":true}]}}