{"id":12682,"date":"2026-02-27T00:14:58","date_gmt":"2026-02-27T00:14:58","guid":{"rendered":"https:\/\/nordicmart.andreevmaster.com\/product\/songmics-smyckeskap-for-upphangning-vitt\/"},"modified":"2026-02-27T08:08:52","modified_gmt":"2026-02-27T08:08:52","slug":"songmics-smyckeskap-for-upphangning-vitt","status":"publish","type":"product","link":"https:\/\/nordicmart.andreevmaster.com\/sv\/produkt\/songmics-smyckeskap-for-upphangning-vitt\/","title":{"rendered":"SONGMICS smyckesk\u00e5p f\u00f6r upph\u00e4ngning, vitt"},"content":{"rendered":"<p>Perfekt stylad n\u00e4r du g\u00e5r ut: Du har redan valt din outfit, men det saknas fortfarande det d\u00e4r lilla extra? \u00d6ppna bara d\u00f6rren till detta smyckesk\u00e5p f\u00f6r att hitta pricken \u00f6ver i:et till din look! De guldiga \u00f6rh\u00e4ngena och det s\u00f6ta armbandet med blommor skulle passa perfekt till din kl\u00e4nning, eller hur? V\u00e4nta! Gl\u00f6m inte att din makeup ocks\u00e5 finns i detta smyckesk\u00e5p. Komplettera din look med r\u00e4tt smycken och r\u00e4tt smink och beundra sedan resultatet i den praktiska helfigurspegeln! En plats d\u00e4r dina smycken \u00e4r i tryggt f\u00f6rvar: L\u00e5t inte dina smycken och din smink ligga och samla damm i m\u00f6rka l\u00e5dor! I detta spegelsk\u00e5p kan du f\u00f6rvara dina skatter som i en vitrin och skydda dem fr\u00e5n damm och tjuvar med hj\u00e4lp av l\u00e5set och de tv\u00e5 nycklarna. P\u00e4rlhalsband, armband, \u00f6rh\u00e4ngen och sminkutrustning kommer att trivas i detta raffinerade smyckessk\u00e5p! Produktdetaljer: F\u00e4rg: Vit Material: MDF (medeldensitetsfiberplatta)Storlek: 37,5 x 9,7 x 108 cm (L x B x H) Vikt: 9 kg Leveransomfattning: 1 x smyckesk\u00e5p 2 x nycklar 1 x tillbeh\u00f6rspaket 1 x bruksanvisning (DE, EN, FR, ES, IT) SONGMICS Anm\u00e4rkningar: Av s\u00e4kerhetssk\u00e4l \u00e4r det f\u00f6rbjudet f\u00f6r barn att kl\u00e4ttra p\u00e5 eller leka med produkten.<\/p>\n","protected":false},"excerpt":{"rendered":"<p>SONGMICS smyckesk\u00e5p f\u00f6r upph\u00e4ngning, h\u00e4ngsk\u00e5p, l\u00e5sbart spegelsk\u00e5p, v\u00e4ggsk\u00e5p med raml\u00f6s helkroppsspegel och 2 separata sminkf\u00f6rvaringsfack, f\u00f6r kedjor, \u00f6rh\u00e4ngen, brun JJC001K01<\/p>\n","protected":false},"featured_media":40891,"comment_status":"open","ping_status":"closed","template":"","meta":[],"product_brand":[],"product_cat":[33],"product_tag":[],"class_list":{"0":"post-12682","1":"product","2":"type-product","3":"status-publish","4":"has-post-thumbnail","6":"product_cat-okategoriserad","8":"first","9":"instock","10":"shipping-taxable","11":"purchasable","12":"product-type-simple"},"_links":{"self":[{"href":"https:\/\/nordicmart.andreevmaster.com\/sv\/wp-json\/wp\/v2\/product\/12682","targetHints":{"allow":["GET"]}}],"collection":[{"href":"https:\/\/nordicmart.andreevmaster.com\/sv\/wp-json\/wp\/v2\/product"}],"about":[{"href":"https:\/\/nordicmart.andreevmaster.com\/sv\/wp-json\/wp\/v2\/types\/product"}],"replies":[{"embeddable":true,"href":"https:\/\/nordicmart.andreevmaster.com\/sv\/wp-json\/wp\/v2\/comments?post=12682"}],"wp:featuredmedia":[{"embeddable":true,"href":"https:\/\/nordicmart.andreevmaster.com\/sv\/wp-json\/wp\/v2\/media\/40891"}],"wp:attachment":[{"href":"https:\/\/nordicmart.andreevmaster.com\/sv\/wp-json\/wp\/v2\/media?parent=12682"}],"wp:term":[{"taxonomy":"product_brand","embeddable":true,"href":"https:\/\/nordicmart.andreevmaster.com\/sv\/wp-json\/wp\/v2\/product_brand?post=12682"},{"taxonomy":"product_cat","embeddable":true,"href":"https:\/\/nordicmart.andreevmaster.com\/sv\/wp-json\/wp\/v2\/product_cat?post=12682"},{"taxonomy":"product_tag","embeddable":true,"href":"https:\/\/nordicmart.andreevmaster.com\/sv\/wp-json\/wp\/v2\/product_tag?post=12682"}],"curies":[{"name":"wp","href":"https:\/\/api.w.org\/{rel}","templated":true}]}}